{"id":364,"date":"2022-09-27T11:05:22","date_gmt":"2022-09-27T09:05:22","guid":{"rendered":"http:\/\/waxjoms.kund.griffel.se\/MC_NEW\/?page_id=364"},"modified":"2023-12-27T22:10:04","modified_gmt":"2023-12-27T21:10:04","slug":"traning","status":"publish","type":"page","link":"https:\/\/waxjoms.se\/MC\/traning\/","title":{"rendered":"Tr\u00e4ning"},"content":{"rendered":"\t\t<div data-elementor-type=\"wp-page\" data-elementor-id=\"364\" class=\"elementor elementor-364\">\n\t\t\t\t\t\t<section class=\"elementor-section elementor-top-section elementor-element elementor-element-6e290fdd elementor-section-boxed elementor-section-height-default elementor-section-height-default\" data-id=\"6e290fdd\" data-element_type=\"section\" data-e-type=\"section\">\n\t\t\t\t\t\t<div class=\"elementor-container elementor-column-gap-default\">\n\t\t\t\t\t<div class=\"elementor-column elementor-col-100 elementor-top-column elementor-element elementor-element-2dc953ee\" data-id=\"2dc953ee\" data-element_type=\"column\" data-e-type=\"column\">\n\t\t\t<div class=\"elementor-widget-wrap elementor-element-populated\">\n\t\t\t\t\t\t<div class=\"elementor-element elementor-element-d27ee07 elementor-widget elementor-widget-heading\" data-id=\"d27ee07\" data-element_type=\"widget\" data-e-type=\"widget\" data-widget_type=\"heading.default\">\n\t\t\t\t<div class=\"elementor-widget-container\">\n\t\t\t\t\t<h1 class=\"elementor-heading-title elementor-size-default\">Tr\u00e4ning<\/h1>\t\t\t\t<\/div>\n\t\t\t\t<\/div>\n\t\t\t\t<div class=\"elementor-element elementor-element-d3ee7f1 elementor-widget elementor-widget-spacer\" data-id=\"d3ee7f1\" data-element_type=\"widget\" data-e-type=\"widget\" data-widget_type=\"spacer.default\">\n\t\t\t\t<div class=\"elementor-widget-container\">\n\t\t\t\t\t\t\t<div class=\"elementor-spacer\">\n\t\t\t<div class=\"elementor-spacer-inner\"><\/div>\n\t\t<\/div>\n\t\t\t\t\t\t<\/div>\n\t\t\t\t<\/div>\n\t\t\t\t<div class=\"elementor-element elementor-element-589d6248 elementor-widget elementor-widget-text-editor\" data-id=\"589d6248\" data-element_type=\"widget\" data-e-type=\"widget\" data-widget_type=\"text-editor.default\">\n\t\t\t\t<div class=\"elementor-widget-container\">\n\t\t\t\t\t\t\t\t\t<p>F\u00f6ljande kr\u00e4vs f\u00f6r att f\u00e5 k\u00f6ra p\u00e5 W\u00e4xj\u00f6 Motors\u00e4llskaps endurobana:<\/p><ul><li>Medlemskap i W\u00e4xj\u00f6 motors\u00e4llskap.<\/li><li>Betald tr\u00e4ningsavgift till endurosektionen.<ul><li>Medlem som inte l\u00f6st tr\u00e4ningsavgift f\u00f6r hel\u00e5ret betalar en tr\u00e4ningsavgift p\u00e5 100 kr\/tr\u00e4ningstillf\u00e4lle enligt instruktion vid webanm\u00e4lan.\u00a0<\/li><li>Ej medlemar betalar 100 kr\/tr\u00e4ningstillf\u00e4lle enligt instruktion i tr\u00e4ningsp\u00e4rm, tr\u00e4ningsv\u00e4rd ansvarar f\u00f6r att detta sker.\u00a0<strong>Obs med eng\u00e5ngsavgift \u00e4r det enbart ok att tr\u00e4na p\u00e5 l\u00f6rdagar.<\/strong><\/li><\/ul><\/li><li>Minst klubblicens f\u00f6r en svemo-ansluten klubb <a href=\"https:\/\/waxjoms.se\/MC\/licens-kravs-for-att-kora-i-tunatorp\/\">=&gt; l\u00e4s mer om licenser h\u00e4r<\/a><\/li><li>F\u00f6rare ska anm\u00e4la sig f\u00f6re tr\u00e4ningen hos tr\u00e4ningsv\u00e4rden.<\/li><li>F\u00f6lj pilat tr\u00e4ningssp\u00e5r (absolut f\u00f6rbjudet att avvika fr\u00e5n sp\u00e5ret).<\/li><li>Godk\u00e4nd cross- eller enduromotorcykel enligt svemo\u2019s reglemente.<\/li><li>Ljudniv\u00e5n enligt svemo\u2019s regel 3.7.4 dvs \u201d2m max\u201d.<\/li><li>K\u00f6rning med mc i dep\u00e5n \u00e4r absolut f\u00f6rbjudet.<\/li><li>Milj\u00f6matta ska anv\u00e4ndas i dep\u00e5n.<\/li><li>Visa h\u00e4nsyn mot andra i omr\u00e5det (ryttare, hund\u00e4gare mm.).<\/li><li>F\u00f6lj tr\u00e4ningstiderna (\u00f6vrig tid \u00e4r all k\u00f6rning f\u00f6rbjuden).<\/li><li>Ej till\u00e5tet att parkera p\u00e5 infartsv\u00e4gen eller nere i Alwexgropen.<\/li><li><strong style=\"caret-color: #ffffff; color: #ffffff; font-family: Calibri, sans-serif; font-size: 14.666667px;\"><span style=\"font-size: 13pt; font-family: Poppins; color: black;\">Alla olyckstillbud som inneb\u00e4r avbruten tr\u00e4ning och\/eller sjukhusbes\u00f6k skall rapporteras under fliken Endurok\u00f6rning \/ Olycksrapportering.<\/span><\/strong><\/li><li><strong>Obs!! Det \u00e4r alltid DU som f\u00f6rare som har det yttersta s\u00e4kerhetsansvaret. Visa respekt f\u00f6r medtr\u00e4nande f\u00f6rare och funktion\u00e4rer.<\/strong><\/li><\/ul><h4>\u00a0<\/h4><h4>Medlemskap i W\u00e4xj\u00f6 MS:<\/h4><ul><li>Se meny &#8221;Klubben\/Medlemsans\u00f6kan&#8221; f\u00f6r mer info om medlemsskap och avgifter<\/li><\/ul><h4>\u00a0<\/h4><h4>Tr\u00e4ningsavgift endurosektionen:<\/h4><ul><li>Se meny &#8221;Klubben\/Tr\u00e4ningsavgift&#8221; f\u00f6r mer info<\/li><\/ul><h4>\u00a0<\/h4><h4>Tr\u00e4ningstider Sommartid:<\/h4><p>Tisdag &amp; Torsdag 17.00-20.00<br \/>L\u00f6rdag 10.00-15.00 (\u00f6vrig tid \u00e4r k\u00f6rning f\u00f6rbjuden)<\/p><h4>Tr\u00e4ningstider Vintertid:<\/h4><p>Torsdag 17.00-20.00<br \/>L\u00f6rdag 10.00-15.00<br \/>S\u00f6ndag 12.00-15.00 (\u00f6vrig tid \u00e4r k\u00f6rning f\u00f6rbjuden)<\/p><h4>Tr\u00e4ningsv\u00e4rd<\/h4><ul><li>Medlemmar i WMS enduro f\u00f6rv\u00e4ntas att st\u00e4lla upp som Tr\u00e4ningsv\u00e4rd vid ett f\u00e5tal tillf\u00e4llen per \u00e5r.<\/li><\/ul><p><a href=\"http:\/\/waxjoms.kund.griffel.se\/MC_NEW\/traningsvard\/\"><strong>=&gt; L\u00e4s mer om hur tr\u00e4ningsv\u00e4rd funkar.<\/strong><\/a><\/p><h4>G\u00e4stf\u00f6rare<\/h4><ul><li>G\u00e4stf\u00f6rare \u00e4r v\u00e4lkomna att tr\u00e4na p\u00e5 L\u00f6rdagar, f\u00f6rutsatt att Tr\u00e4ningsv\u00e4rd finns.<\/li><\/ul><p><a href=\"http:\/\/waxjoms.kund.griffel.se\/MC_NEW\/gastforare\/\"><strong>=&gt; L\u00e4s mer om g\u00e4stf\u00f6rare.<\/strong><\/a><\/p><h4>Regler f\u00f6r k\u00f6rning p\u00e5 crossbanan:<\/h4><h5><span style=\"font-weight: normal;\">&#8211; Crossbanan f\u00e5r endast nyttjas av WMS enduro fullbetalande medlemmar (dvs. betalt b\u00e5de medlemsavgift och tr\u00e4ningsavgift) p\u00e5 godk\u00e4nd cross- eller enduro-motorcykel enligt svemo reglemente.<\/span><\/h5><p><strong>CrossbanaSommartid:<br \/><\/strong><strong style=\"color: var( --e-global-color-c70106e ); background-color: var(--nv-site-bg); font-size: var(--bodyFontSize); letter-spacing: var(--bodyLetterSpacing); text-transform: var(--bodyTextTransform);\">Tisdagar\/Torsdagar:<\/strong><span style=\"color: var( --e-global-color-c70106e ); background-color: var(--nv-site-bg); font-size: var(--bodyFontSize); letter-spacing: var(--bodyLetterSpacing); text-transform: var(--bodyTextTransform);\">\u00a0K\u00f6rning oavsett motorstorlek och \u00e5lder p\u00e5 f\u00f6rare. Mindre cyklar (&lt;=125cc) k\u00f6r f\u00f6rsta halvtimmen och stora cyklar k\u00f6r andra halvtimmen.<br \/><\/span><strong style=\"color: var( --e-global-color-c70106e ); background-color: var(--nv-site-bg); font-size: var(--bodyFontSize); letter-spacing: var(--bodyLetterSpacing); text-transform: var(--bodyTextTransform);\">L\u00f6rdagar:<\/strong><span style=\"color: var( --e-global-color-c70106e ); background-color: var(--nv-site-bg); font-size: var(--bodyFontSize); letter-spacing: var(--bodyLetterSpacing); text-transform: var(--bodyTextTransform);\">\u00a0K\u00f6rning f\u00f6r yngre \u00e4n 18 \u00e5r p\u00e5 godk\u00e4nd cross eller enduro max 125-2t eller 250-4t. Mindre cyklar (&lt;=125cc) k\u00f6r f\u00f6rsta halvtimmen och stora cyklar k\u00f6r andra halvtimmen.<\/span><\/p><p><strong>Crossbana Vintertid:<br \/><\/strong><strong style=\"color: var( --e-global-color-c70106e ); background-color: var(--nv-site-bg); font-size: var(--bodyFontSize); letter-spacing: var(--bodyLetterSpacing); text-transform: var(--bodyTextTransform);\">Torsdagar:<\/strong><span style=\"color: var( --e-global-color-c70106e ); background-color: var(--nv-site-bg); font-size: var(--bodyFontSize); letter-spacing: var(--bodyLetterSpacing); text-transform: var(--bodyTextTransform);\">\u00a0K\u00f6rning endast f\u00f6r yngre \u00e4n 18 \u00e5r p\u00e5 godk\u00e4nd cross eller enduro max 125-2t eller 250-4t. Mindre cyklar (&lt;=125cc) k\u00f6r f\u00f6rsta halvtimmen och stora cyklar k\u00f6r andra halvtimmen.<br \/><\/span><strong style=\"color: var( --e-global-color-c70106e ); font-size: var(--bodyFontSize); letter-spacing: var(--bodyLetterSpacing); text-transform: var(--bodyTextTransform); background-color: var(--nv-site-bg);\">L\u00f6rdagar\/S\u00f6ndagar:<\/strong><span style=\"color: var( --e-global-color-c70106e ); font-size: var(--bodyFontSize); letter-spacing: var(--bodyLetterSpacing); text-transform: var(--bodyTextTransform); background-color: var(--nv-site-bg);\">\u00a0K\u00f6rning oavsett motorstorlek och \u00e5lder p\u00e5 f\u00f6rare. Mindre cyklar (&lt;=125cc) k\u00f6r f\u00f6rsta halvtimmen och stora cyklar k\u00f6r andra halvtimmen.<\/span><\/p><p><span style=\"color: var( --e-global-color-c70106e ); font-size: var(--bodyFontSize); letter-spacing: var(--bodyLetterSpacing); text-transform: var(--bodyTextTransform); background-color: var(--nv-site-bg);\">\u00a0<\/span><\/p>\t\t\t\t\t\t\t\t<\/div>\n\t\t\t\t<\/div>\n\t\t\t\t\t<\/div>\n\t\t<\/div>\n\t\t\t\t\t<\/div>\n\t\t<\/section>\n\t\t\t\t<\/div>\n\t\t","protected":false},"excerpt":{"rendered":"<p>Tr\u00e4ning F\u00f6ljande kr\u00e4vs f\u00f6r att f\u00e5 k\u00f6ra p\u00e5 W\u00e4xj\u00f6 Motors\u00e4llskaps endurobana: Medlemskap i W\u00e4xj\u00f6 motors\u00e4llskap. Betald tr\u00e4ningsavgift till endurosektionen. Medlem som inte l\u00f6st tr\u00e4ningsavgift f\u00f6r hel\u00e5ret betalar en tr\u00e4ningsavgift p\u00e5 100 kr\/tr\u00e4ningstillf\u00e4lle enligt instruktion vid webanm\u00e4lan.\u00a0 Ej medlemar betalar 100 kr\/tr\u00e4ningstillf\u00e4lle enligt instruktion i tr\u00e4ningsp\u00e4rm, tr\u00e4ningsv\u00e4rd ansvarar f\u00f6r att detta sker.\u00a0Obs med eng\u00e5ngsavgift \u00e4r det&hellip;&nbsp;<a href=\"https:\/\/waxjoms.se\/MC\/traning\/\" rel=\"bookmark\">L\u00e4s mer &raquo;<span class=\"screen-reader-text\">Tr\u00e4ning<\/span><\/a><\/p>\n","protected":false},"author":3,"featured_media":73,"parent":0,"menu_order":0,"comment_status":"closed","ping_status":"closed","template":"","meta":{"neve_meta_sidebar":"full-width","neve_meta_container":"","neve_meta_enable_content_width":"on","neve_meta_content_width":100,"neve_meta_title_alignment":"","neve_meta_author_avatar":"","neve_post_elements_order":"","neve_meta_disable_header":"","neve_meta_disable_footer":"","neve_meta_disable_title":"","footnotes":""},"class_list":["post-364","page","type-page","status-publish","has-post-thumbnail","hentry"],"yoast_head":"<!-- This site is optimized with the Yoast SEO plugin v27.4 - https:\/\/yoast.com\/product\/yoast-seo-wordpress\/ -->\n<title>Tr\u00e4ning - W\u00e4xj\u00f6 Motors\u00e4llskap | Enduro<\/title>\n<meta name=\"robots\" content=\"index, follow, max-snippet:-1, max-image-preview:large, max-video-preview:-1\" \/>\n<link rel=\"canonical\" href=\"https:\/\/waxjoms.se\/MC\/traning\/\" \/>\n<meta property=\"og:locale\" content=\"sv_SE\" \/>\n<meta property=\"og:type\" content=\"article\" \/>\n<meta property=\"og:title\" content=\"Tr\u00e4ning - W\u00e4xj\u00f6 Motors\u00e4llskap | Enduro\" \/>\n<meta property=\"og:description\" content=\"Tr\u00e4ning F\u00f6ljande kr\u00e4vs f\u00f6r att f\u00e5 k\u00f6ra p\u00e5 W\u00e4xj\u00f6 Motors\u00e4llskaps endurobana: Medlemskap i W\u00e4xj\u00f6 motors\u00e4llskap. Betald tr\u00e4ningsavgift till endurosektionen. Medlem som inte l\u00f6st tr\u00e4ningsavgift f\u00f6r hel\u00e5ret betalar en tr\u00e4ningsavgift p\u00e5 100 kr\/tr\u00e4ningstillf\u00e4lle enligt instruktion vid webanm\u00e4lan.\u00a0 Ej medlemar betalar 100 kr\/tr\u00e4ningstillf\u00e4lle enligt instruktion i tr\u00e4ningsp\u00e4rm, tr\u00e4ningsv\u00e4rd ansvarar f\u00f6r att detta sker.\u00a0Obs med eng\u00e5ngsavgift \u00e4r det&hellip;&nbsp;L\u00e4s mer &raquo;Tr\u00e4ning\" \/>\n<meta property=\"og:url\" content=\"https:\/\/waxjoms.se\/MC\/traning\/\" \/>\n<meta property=\"og:site_name\" content=\"W\u00e4xj\u00f6 Motors\u00e4llskap | Enduro\" \/>\n<meta property=\"article:modified_time\" content=\"2023-12-27T21:10:04+00:00\" \/>\n<meta property=\"og:image\" content=\"https:\/\/waxjoms.se\/MC\/wp-content\/uploads\/2022\/09\/herosektion-om-oss-1.jpg\" \/>\n\t<meta property=\"og:image:width\" content=\"1920\" \/>\n\t<meta property=\"og:image:height\" content=\"800\" \/>\n\t<meta property=\"og:image:type\" content=\"image\/jpeg\" \/>\n<meta name=\"twitter:card\" content=\"summary_large_image\" \/>\n<meta name=\"twitter:label1\" content=\"Ber\u00e4knad l\u00e4stid\" \/>\n\t<meta name=\"twitter:data1\" content=\"2 minuter\" \/>\n<script type=\"application\/ld+json\" class=\"yoast-schema-graph\">{\"@context\":\"https:\\\/\\\/schema.org\",\"@graph\":[{\"@type\":\"WebPage\",\"@id\":\"https:\\\/\\\/waxjoms.se\\\/MC\\\/traning\\\/\",\"url\":\"https:\\\/\\\/waxjoms.se\\\/MC\\\/traning\\\/\",\"name\":\"Tr\u00e4ning - W\u00e4xj\u00f6 Motors\u00e4llskap | Enduro\",\"isPartOf\":{\"@id\":\"https:\\\/\\\/waxjoms.se\\\/MC\\\/#website\"},\"primaryImageOfPage\":{\"@id\":\"https:\\\/\\\/waxjoms.se\\\/MC\\\/traning\\\/#primaryimage\"},\"image\":{\"@id\":\"https:\\\/\\\/waxjoms.se\\\/MC\\\/traning\\\/#primaryimage\"},\"thumbnailUrl\":\"https:\\\/\\\/waxjoms.se\\\/MC\\\/wp-content\\\/uploads\\\/2022\\\/09\\\/herosektion-om-oss-1.jpg\",\"datePublished\":\"2022-09-27T09:05:22+00:00\",\"dateModified\":\"2023-12-27T21:10:04+00:00\",\"breadcrumb\":{\"@id\":\"https:\\\/\\\/waxjoms.se\\\/MC\\\/traning\\\/#breadcrumb\"},\"inLanguage\":\"sv-SE\",\"potentialAction\":[{\"@type\":\"ReadAction\",\"target\":[\"https:\\\/\\\/waxjoms.se\\\/MC\\\/traning\\\/\"]}]},{\"@type\":\"ImageObject\",\"inLanguage\":\"sv-SE\",\"@id\":\"https:\\\/\\\/waxjoms.se\\\/MC\\\/traning\\\/#primaryimage\",\"url\":\"https:\\\/\\\/waxjoms.se\\\/MC\\\/wp-content\\\/uploads\\\/2022\\\/09\\\/herosektion-om-oss-1.jpg\",\"contentUrl\":\"https:\\\/\\\/waxjoms.se\\\/MC\\\/wp-content\\\/uploads\\\/2022\\\/09\\\/herosektion-om-oss-1.jpg\",\"width\":1920,\"height\":800},{\"@type\":\"BreadcrumbList\",\"@id\":\"https:\\\/\\\/waxjoms.se\\\/MC\\\/traning\\\/#breadcrumb\",\"itemListElement\":[{\"@type\":\"ListItem\",\"position\":1,\"name\":\"Hem\",\"item\":\"https:\\\/\\\/waxjoms.se\\\/MC\\\/\"},{\"@type\":\"ListItem\",\"position\":2,\"name\":\"Tr\u00e4ning\"}]},{\"@type\":\"WebSite\",\"@id\":\"https:\\\/\\\/waxjoms.se\\\/MC\\\/#website\",\"url\":\"https:\\\/\\\/waxjoms.se\\\/MC\\\/\",\"name\":\"W\u00e4xj\u00f6 Motors\u00e4llskap | Enduro\",\"description\":\"Enduroklubb i V\u00e4xj\u00f6\",\"publisher\":{\"@id\":\"https:\\\/\\\/waxjoms.se\\\/MC\\\/#organization\"},\"potentialAction\":[{\"@type\":\"SearchAction\",\"target\":{\"@type\":\"EntryPoint\",\"urlTemplate\":\"https:\\\/\\\/waxjoms.se\\\/MC\\\/?s={search_term_string}\"},\"query-input\":{\"@type\":\"PropertyValueSpecification\",\"valueRequired\":true,\"valueName\":\"search_term_string\"}}],\"inLanguage\":\"sv-SE\"},{\"@type\":\"Organization\",\"@id\":\"https:\\\/\\\/waxjoms.se\\\/MC\\\/#organization\",\"name\":\"W\u00e4xj\u00f6 Motors\u00e4llskap | Enduro\",\"url\":\"https:\\\/\\\/waxjoms.se\\\/MC\\\/\",\"logo\":{\"@type\":\"ImageObject\",\"inLanguage\":\"sv-SE\",\"@id\":\"https:\\\/\\\/waxjoms.se\\\/MC\\\/#\\\/schema\\\/logo\\\/image\\\/\",\"url\":\"https:\\\/\\\/waxjoms.se\\\/MC\\\/wp-content\\\/uploads\\\/2023\\\/01\\\/Waxjo-Motorsallskap-300x300-1.png\",\"contentUrl\":\"https:\\\/\\\/waxjoms.se\\\/MC\\\/wp-content\\\/uploads\\\/2023\\\/01\\\/Waxjo-Motorsallskap-300x300-1.png\",\"width\":300,\"height\":300,\"caption\":\"W\u00e4xj\u00f6 Motors\u00e4llskap | Enduro\"},\"image\":{\"@id\":\"https:\\\/\\\/waxjoms.se\\\/MC\\\/#\\\/schema\\\/logo\\\/image\\\/\"}}]}<\/script>\n<!-- \/ Yoast SEO plugin. -->","yoast_head_json":{"title":"Tr\u00e4ning - W\u00e4xj\u00f6 Motors\u00e4llskap | Enduro","robots":{"index":"index","follow":"follow","max-snippet":"max-snippet:-1","max-image-preview":"max-image-preview:large","max-video-preview":"max-video-preview:-1"},"canonical":"https:\/\/waxjoms.se\/MC\/traning\/","og_locale":"sv_SE","og_type":"article","og_title":"Tr\u00e4ning - W\u00e4xj\u00f6 Motors\u00e4llskap | Enduro","og_description":"Tr\u00e4ning F\u00f6ljande kr\u00e4vs f\u00f6r att f\u00e5 k\u00f6ra p\u00e5 W\u00e4xj\u00f6 Motors\u00e4llskaps endurobana: Medlemskap i W\u00e4xj\u00f6 motors\u00e4llskap. Betald tr\u00e4ningsavgift till endurosektionen. Medlem som inte l\u00f6st tr\u00e4ningsavgift f\u00f6r hel\u00e5ret betalar en tr\u00e4ningsavgift p\u00e5 100 kr\/tr\u00e4ningstillf\u00e4lle enligt instruktion vid webanm\u00e4lan.\u00a0 Ej medlemar betalar 100 kr\/tr\u00e4ningstillf\u00e4lle enligt instruktion i tr\u00e4ningsp\u00e4rm, tr\u00e4ningsv\u00e4rd ansvarar f\u00f6r att detta sker.\u00a0Obs med eng\u00e5ngsavgift \u00e4r det&hellip;&nbsp;L\u00e4s mer &raquo;Tr\u00e4ning","og_url":"https:\/\/waxjoms.se\/MC\/traning\/","og_site_name":"W\u00e4xj\u00f6 Motors\u00e4llskap | Enduro","article_modified_time":"2023-12-27T21:10:04+00:00","og_image":[{"width":1920,"height":800,"url":"https:\/\/waxjoms.se\/MC\/wp-content\/uploads\/2022\/09\/herosektion-om-oss-1.jpg","type":"image\/jpeg"}],"twitter_card":"summary_large_image","twitter_misc":{"Ber\u00e4knad l\u00e4stid":"2 minuter"},"schema":{"@context":"https:\/\/schema.org","@graph":[{"@type":"WebPage","@id":"https:\/\/waxjoms.se\/MC\/traning\/","url":"https:\/\/waxjoms.se\/MC\/traning\/","name":"Tr\u00e4ning - W\u00e4xj\u00f6 Motors\u00e4llskap | Enduro","isPartOf":{"@id":"https:\/\/waxjoms.se\/MC\/#website"},"primaryImageOfPage":{"@id":"https:\/\/waxjoms.se\/MC\/traning\/#primaryimage"},"image":{"@id":"https:\/\/waxjoms.se\/MC\/traning\/#primaryimage"},"thumbnailUrl":"https:\/\/waxjoms.se\/MC\/wp-content\/uploads\/2022\/09\/herosektion-om-oss-1.jpg","datePublished":"2022-09-27T09:05:22+00:00","dateModified":"2023-12-27T21:10:04+00:00","breadcrumb":{"@id":"https:\/\/waxjoms.se\/MC\/traning\/#breadcrumb"},"inLanguage":"sv-SE","potentialAction":[{"@type":"ReadAction","target":["https:\/\/waxjoms.se\/MC\/traning\/"]}]},{"@type":"ImageObject","inLanguage":"sv-SE","@id":"https:\/\/waxjoms.se\/MC\/traning\/#primaryimage","url":"https:\/\/waxjoms.se\/MC\/wp-content\/uploads\/2022\/09\/herosektion-om-oss-1.jpg","contentUrl":"https:\/\/waxjoms.se\/MC\/wp-content\/uploads\/2022\/09\/herosektion-om-oss-1.jpg","width":1920,"height":800},{"@type":"BreadcrumbList","@id":"https:\/\/waxjoms.se\/MC\/traning\/#breadcrumb","itemListElement":[{"@type":"ListItem","position":1,"name":"Hem","item":"https:\/\/waxjoms.se\/MC\/"},{"@type":"ListItem","position":2,"name":"Tr\u00e4ning"}]},{"@type":"WebSite","@id":"https:\/\/waxjoms.se\/MC\/#website","url":"https:\/\/waxjoms.se\/MC\/","name":"W\u00e4xj\u00f6 Motors\u00e4llskap | Enduro","description":"Enduroklubb i V\u00e4xj\u00f6","publisher":{"@id":"https:\/\/waxjoms.se\/MC\/#organization"},"potentialAction":[{"@type":"SearchAction","target":{"@type":"EntryPoint","urlTemplate":"https:\/\/waxjoms.se\/MC\/?s={search_term_string}"},"query-input":{"@type":"PropertyValueSpecification","valueRequired":true,"valueName":"search_term_string"}}],"inLanguage":"sv-SE"},{"@type":"Organization","@id":"https:\/\/waxjoms.se\/MC\/#organization","name":"W\u00e4xj\u00f6 Motors\u00e4llskap | Enduro","url":"https:\/\/waxjoms.se\/MC\/","logo":{"@type":"ImageObject","inLanguage":"sv-SE","@id":"https:\/\/waxjoms.se\/MC\/#\/schema\/logo\/image\/","url":"https:\/\/waxjoms.se\/MC\/wp-content\/uploads\/2023\/01\/Waxjo-Motorsallskap-300x300-1.png","contentUrl":"https:\/\/waxjoms.se\/MC\/wp-content\/uploads\/2023\/01\/Waxjo-Motorsallskap-300x300-1.png","width":300,"height":300,"caption":"W\u00e4xj\u00f6 Motors\u00e4llskap | Enduro"},"image":{"@id":"https:\/\/waxjoms.se\/MC\/#\/schema\/logo\/image\/"}}]}},"_links":{"self":[{"href":"https:\/\/waxjoms.se\/MC\/wp-json\/wp\/v2\/pages\/364","targetHints":{"allow":["GET"]}}],"collection":[{"href":"https:\/\/waxjoms.se\/MC\/wp-json\/wp\/v2\/pages"}],"about":[{"href":"https:\/\/waxjoms.se\/MC\/wp-json\/wp\/v2\/types\/page"}],"author":[{"embeddable":true,"href":"https:\/\/waxjoms.se\/MC\/wp-json\/wp\/v2\/users\/3"}],"replies":[{"embeddable":true,"href":"https:\/\/waxjoms.se\/MC\/wp-json\/wp\/v2\/comments?post=364"}],"version-history":[{"count":33,"href":"https:\/\/waxjoms.se\/MC\/wp-json\/wp\/v2\/pages\/364\/revisions"}],"predecessor-version":[{"id":7232,"href":"https:\/\/waxjoms.se\/MC\/wp-json\/wp\/v2\/pages\/364\/revisions\/7232"}],"wp:featuredmedia":[{"embeddable":true,"href":"https:\/\/waxjoms.se\/MC\/wp-json\/wp\/v2\/media\/73"}],"wp:attachment":[{"href":"https:\/\/waxjoms.se\/MC\/wp-json\/wp\/v2\/media?parent=364"}],"curies":[{"name":"wp","href":"https:\/\/api.w.org\/{rel}","templated":true}]}}