{"id":366,"date":"2022-09-27T11:05:45","date_gmt":"2022-09-27T09:05:45","guid":{"rendered":"http:\/\/waxjoms.kund.griffel.se\/MC_NEW\/?page_id=366"},"modified":"2024-12-28T18:36:56","modified_gmt":"2024-12-28T17:36:56","slug":"tavling","status":"publish","type":"page","link":"https:\/\/waxjoms.se\/MC\/tavling\/","title":{"rendered":"T\u00e4vling"},"content":{"rendered":"<p><style>\/*! elementor - v3.7.4 - 31-08-2022 *\/<br \/>\n.elementor-heading-title{padding:0;margin:0;line-height:1}.elementor-widget-heading .elementor-heading-title[class*=elementor-size-]>a{color:inherit;font-size:inherit;line-height:inherit}.elementor-widget-heading .elementor-heading-title.elementor-size-small{font-size:15px}.elementor-widget-heading .elementor-heading-title.elementor-size-medium{font-size:19px}.elementor-widget-heading .elementor-heading-title.elementor-size-large{font-size:29px}.elementor-widget-heading .elementor-heading-title.elementor-size-xl{font-size:39px}.elementor-widget-heading .elementor-heading-title.elementor-size-xxl{font-size:59px}<\/style> <style>\/*! elementor - v3.7.4 - 31-08-2022 *\/<br \/>\n.elementor-column .elementor-spacer-inner{height:var(--spacer-size)}.e-container{--container-widget-width:100%}.e-container>.elementor-widget-spacer{width:var(--container-widget-width,var(--spacer-size));-ms-flex-item-align:stretch;align-self:stretch;-ms-flex-negative:0;flex-shrink:0}.e-container>.elementor-widget-spacer>.elementor-widget-container,.e-container>.elementor-widget-spacer>.elementor-widget-container>.elementor-spacer{height:100%}.e-container>.elementor-widget-spacer>.elementor-widget-container>.elementor-spacer>.elementor-spacer-inner{height:var(--container-widget-height,var(--spacer-size))}<\/style><\/p>\n<p><a role=\"button\" href=\"https:\/\/tam.svemo.se\/competition\" target=\"_blank\" rel=\"noopener\"><br \/>G\u00e5 till Svemo&#8217;s t\u00e4vlingskalender<br \/><\/a><\/p>\n<h3>Resultat och sammanst\u00e4llningar f\u00f6r W\u00e4xj\u00f6 MS Klubbm\u00e4sterskap<\/h3>\n<p>KM 2024<\/p>\n<p>24\/8\u00a0 \u00a0KM1\u00a0 \u00a0 Tunatorp -L\u00e5nglopp\u00a0 \u00a0 \u00a0 \u00a0 \u00a0 <a style=\"color: #0000ff;\" href=\"https:\/\/docs.google.com\/file\/d\/1x3ubEAGSBa4Lydo41-Pyq7D9sG_ahGME\/edit?usp=docslist_api&amp;filetype=msexcel\" target=\"_blank\" rel=\"noopener noreferrer\">Resultat KM 1 2024<\/a><\/p>\n<p>13\/10 KM2\u00a0 \u00a0 \u00a0Rottne-Stubbrace\u00a0 \u00a0 \u00a0 \u00a0 \u00a0 \u00a0 \u00a0<a style=\"color: #0000ff;\" href=\"https:\/\/docs.google.com\/file\/d\/1Egq8Um9TX7lXGxr4ats2QO8DnaQ3gqnF\/edit?usp=docslist_api&amp;filetype=msword\" target=\"_blank\" rel=\"noopener noreferrer\">Resultat KM 2 2024<\/a><\/p>\n<p>28\/12 KM3\u00a0 \u00a0 Tunatorp \u00a0 \u00a0 \u00a0 \u00a0 \u00a0 \u00a0 \u00a0 \u00a0 \u00a0 \u00a0 \u00a0 \u00a0 \u00a0 \u00a0 \u00a0<a href=\"https:\/\/docs.google.com\/file\/d\/1f3R_6ms7SLdZhLrtxll3Q0om9TTamHZ1\/edit?usp=docslist_api&amp;filetype=msexcel\">Resultat KM3 2024<\/a><\/p>\n<p>Sammanst\u00e4llning efter 3 delt\u00e4vlingar\u00a0 \u00a0 \u00a0 <a href=\"https:\/\/docs.google.com\/file\/d\/1wbksSvp-vqNZwI508Gvg1tcngS_0Tlte\/edit?usp=docslist_api&amp;filetype=msexcel\">Totalt KM 2024<\/a><\/p>\n<p>KM 2023<\/p>\n<p>2\/9\u00a0 \u00a0 \u00a0 \u00a0KM1\u00a0 \u00a0 Tunatorp &#8211; Typ1\u00a0 \u00a0 \u00a0 \u00a0 \u00a0 \u00a0 \u00a0 <a style=\"color: #0000ff;\" href=\"https:\/\/docs.google.com\/spreadsheets\/d\/1HcJ4ryNp88rkvDDXqN9cKqUSc2ms76Vv\/edit?usp=sharing&amp;ouid=100706010588009692863&amp;rtpof=true&amp;sd=true\" target=\"_blank\" rel=\"noopener noreferrer\">Resultat KM 1 2023<\/a><\/p>\n<p>8\/10\u00a0 \u00a0 \u00a0KM2\u00a0 \u00a0 Rottne &#8211; Stubbrace\u00a0 \u00a0 \u00a0 <a href=\"https:\/\/docs.google.com\/file\/d\/1aIkhDanp001FNv-99Sj6BqwO2_JW1RkO\/edit?usp=docslist_api&amp;filetype=msexcel\">\u00a0Resultat KM 2 2023<\/a><\/p>\n<p>16\/12 \u00a0 \u00a0KM3 \u00a0 \u00a0 Tunatorp &#8211; Typ1 \u00a0 \u00a0\u00a0<a href=\"https:\/\/docs.google.com\/file\/d\/1W15F0iRqOW9VZYFAk-HNzmUJKp-Ey0FT\/edit?usp=docslist_api&amp;filetype=msexcel\">Resultat KM3 2023<\/a><\/p>\n<p>Sammanst\u00e4llning efter 3 delt\u00e4vlingar\u00a0 \u00a0 \u00a0 <a href=\"https:\/\/protect-de.mimecast.com\/s\/VArBCZ8AEOsnKZAMFzVwp4?domain=docs.google.com\">Totalt KM 2023<\/a><\/p>\n<p>KM 2022:<\/p>\n<p>30\/6\u00a0 \u2026\u2026KM 1 \u2013 Tunatorp \u2013 Typ 1\u00a0 \u00a0 \u00a0 \u00a0 \u00a0 \u00a0 \u00a0<a style=\"color: #0000ff;\" href=\"https:\/\/docs.google.com\/spreadsheets\/d\/e\/2PACX-1vS1FhbDXRGr0XA6BOaKLQDY6RBsMXzu7IDOnF_jslAcCIkdSPkW68OrILj_q2AdjVVU2y9pI2MrdBb9\/pubhtml\" target=\"_blank\" rel=\"noopener noreferrer\">Resultat KM 1 2022<\/a><br \/>25\/9\u00a0 \u2026\u2026KM 2 \u2013 Stubbrace\u00a0 \u00a0 \u00a0 \u00a0 \u00a0 \u00a0 \u00a0 \u00a0 \u00a0 \u00a0 \u00a0 \u00a0<a href=\"https:\/\/docs.google.com\/spreadsheets\/d\/e\/2PACX-1vS2shMAZsmtFpZ26ybe6XTbw4q6dKWBFs2tsm1LLjb1uar8dsMjdafF5wIgSRhUgg\/pubhtml\" target=\"_blank\" rel=\"noopener noreferrer\">Resultat KM 2 2022<\/a><\/p>\n<p>Sammanst\u00e4llning efter 2 delt\u00e4vlingar\u00a0 \u00a0 \u00a0 <a href=\"https:\/\/docs.google.com\/spreadsheets\/d\/e\/2PACX-1vT9236Yjoa1TLfJq1Gu3t9djHS1g_e5Y6GEAu5es-OXV2IEuxOqHXXBmgS2ROOB9IHp5bZDQcCQbdDG\/pubhtml\" target=\"_blank\" rel=\"noopener noreferrer\">Total efter KM 1 &amp; 2 2022<\/a><\/p>\n<p>I Klubbm\u00e4sterskapet r\u00e4knas 4 av 5 delt\u00e4vlingar.<br \/>I totalen r\u00e4knas s\u00e5ledes den minsta po\u00e4ngsumman bort f\u00f6r de som k\u00f6rt alla 5 t\u00e4vlingarna.<br \/>Vid f\u00e4rre delt\u00e4vlingar \u00e4n 5, s\u00e5 r\u00e4knas samtliga resultat.<br \/>Slutar tv\u00e5 f\u00f6rare p\u00e5 samma po\u00e4ng, s\u00e5 blir resultatet i sista t\u00e4vlingen avg\u00f6rande.<\/p>\n<p>F\u00f6r att f\u00e5 delta i klubbm\u00e4sterskapet kr\u00e4vs medlemskap i WMS och giltig licens.<\/p>\n<h3>Resultat i klubbm\u00e4sterskapet<\/h3>\n<p><a style=\"color: #0000ff;\" href=\"https:\/\/docs.google.com\/spreadsheets\/d\/e\/2PACX-1vTte-yOsvLG0u2nVy2GZswpaQxGU7_u1G8WY4ReN_t0nmV1NNPLR2qjMRGCN5ARrkblDv8JYs4R9Z39\/pubhtml?gid=1508693827&amp;single=true\">=&gt; Resultat KM 2021<br \/><\/a><a style=\"color: #0000ff;\" href=\"https:\/\/docs.google.com\/spreadsheets\/d\/e\/2PACX-1vT3X_H7atmUxNsEpvJWPZYz9WfbM_AIP2-l1T0KnSq6-FVVoqorecxexq1D6_nfH-wTVQD0rTzIhMfs\/pubhtml\" target=\"_blank\" rel=\"noopener noreferrer\">=&gt; Resultat KM 2020<\/a><br \/><a style=\"color: #0000ff;\" href=\"https:\/\/docs.google.com\/spreadsheets\/d\/e\/2PACX-1vRWpPpelRZAQagv_2lRtsACajOM-8WUHIO2P_ZZ9cbzlEwEvmt1BDkP_lFJKYOEm6DJvhRyVobULYAy\/pubhtml\" target=\"_blank\" rel=\"noopener noreferrer\">=&gt; Resultat KM 2019<\/a><br \/><a style=\"color: #0000ff;\" href=\"https:\/\/docs.google.com\/spreadsheets\/d\/e\/2PACX-1vRV08naYLo9kZoYGHywT6lwgP1Q-Ax7YwRdmUZ2LgCH0lgwhiX0MtN0DVTdXMKuUQntVkj_peuVGvCe\/pubhtml\" target=\"_blank\" rel=\"noopener noreferrer\">=&gt; Resultat KM 2018<\/a><br \/><a style=\"color: #0000ff;\" href=\"https:\/\/docs.google.com\/spreadsheets\/d\/e\/2PACX-1vS1bsYeXBdq8oYcTyIeF1glPmPyZJ94Rve7CpVgq-H0ERXbHApl0t_vSWE3u1xzZtaJi1hFc6_PxvCY\/pubhtml\" target=\"_blank\" rel=\"noopener noreferrer\">=&gt; Resultat KM 2017<\/a><br \/><a style=\"color: #0000ff;\" href=\"https:\/\/docs.google.com\/spreadsheets\/d\/e\/2PACX-1vS-zi5egJeAtbwjlhIzwloxPInT0ULqqy0aR1y2Q-ITIy4JvoAxyonR35H2wud7W5aSRUuXKf1HD0uo\/pubhtml\" target=\"_blank\" rel=\"noopener noreferrer\">=&gt; Resultat KM 2016<\/a><br \/><a style=\"color: #0000ff;\" href=\"http:\/\/www.waxjoms.se\/mc\/resultat\/2015\/KM2015.htm\" target=\"_blank\" rel=\"noopener noreferrer\">=&gt; Resultat KM 2015<\/a><br \/><a style=\"color: #0000ff;\" href=\"http:\/\/www.waxjoms.se\/mc\/resultat\/2014\/KM2014.htm\" target=\"_blank\" rel=\"noopener noreferrer\">=&gt; Resultat KM 2014<\/a><br \/><a style=\"color: #0000ff;\" href=\"http:\/\/www.waxjoms.se\/mc\/resultat\/2013\/KM2013.htm\" target=\"_blank\" rel=\"noopener noreferrer\">=&gt; Resultat KM 2013<\/a><br \/><a style=\"color: #0000ff;\" href=\"http:\/\/www.waxjoms.se\/mc\/resultat\/2012\/KM2012.htm\" target=\"_blank\" rel=\"noopener noreferrer\">=&gt; Resultat KM 2012<\/a><br \/><a style=\"color: #0000ff;\" href=\"http:\/\/www.waxjoms.se\/mc\/resultat\/2011\/KM2011.htm\" target=\"_blank\" rel=\"noopener noreferrer\">=&gt; Resultat KM 2011<\/a><br \/><a style=\"color: #0000ff;\" href=\"http:\/\/www.waxjoms.se\/mc\/resultat\/2010\/KM2010.htm\" target=\"_blank\" rel=\"noopener noreferrer\">=&gt; Resultat KM 2010<\/a><br \/><a style=\"color: #0000ff;\" href=\"http:\/\/www.waxjoms.se\/mc\/resultat\/2009\/KM2009.htm\" target=\"_blank\" rel=\"noopener noreferrer\">=&gt; Resultat KM 2009<\/a><br \/><a style=\"color: #0000ff;\" href=\"http:\/\/www.waxjoms.se\/mc\/resultat\/2008\/KM2008.htm\" target=\"_blank\" rel=\"noopener noreferrer\">=&gt; Resultat KM 2008<\/a><br \/><a style=\"color: #0000ff;\" href=\"http:\/\/www.waxjoms.se\/mc\/resultat\/2007\/KM2007.htm\" target=\"_blank\" rel=\"noopener noreferrer\">=&gt; Resultat KM 2007<\/a><br \/><a style=\"color: #0000ff;\" href=\"http:\/\/www.waxjoms.se\/mc\/resultat\/2006\/KM2006.htm\" target=\"_blank\" rel=\"noopener noreferrer\">=&gt; Resultat KM 2006<\/a><br \/><a style=\"color: #0000ff;\" href=\"http:\/\/www.waxjoms.se\/mc\/resultat\/2005\/KM2005.htm\" target=\"_blank\" rel=\"noopener noreferrer\">=&gt; Resultat KM 2005<\/a><br \/><a style=\"color: #0000ff;\" href=\"http:\/\/www.waxjoms.se\/mc\/resultat\/2004\/KM2004.htm\" target=\"_blank\" rel=\"noopener noreferrer\">=&gt; Resultat KM 2004<\/a><br \/><a style=\"color: #0000ff;\" href=\"http:\/\/www.waxjoms.se\/mc\/resultat\/2003\/KM2003.htm\" target=\"_blank\" rel=\"noopener noreferrer\">=&gt; Resultat KM 2003<\/a><br \/><a style=\"color: #0000ff;\" href=\"http:\/\/www.waxjoms.se\/mc\/resultat\/2002\/KM2002.htm\" target=\"_blank\" rel=\"noopener noreferrer\">=&gt; Resultat KM 2002<\/a><\/p>\n<h3>Resultat i andra t\u00e4vlingar<\/h3>\n<p><a style=\"color: #0000ff;\" href=\"http:\/\/www.mx-results.com\/Results\/Result.aspx?id=1206\" target=\"_blank\" rel=\"noopener noreferrer\">=&gt; Resultat Augustistafetten 2014-08-23<\/a><br \/><a style=\"color: #0000ff;\" href=\"http:\/\/www.mx-results.com\/Results\/Result.aspx?id=1007\" target=\"_blank\" rel=\"noopener noreferrer\">=&gt; Resultat Augustistafetten 2013-08-24<\/a><a style=\"color: #0000ff;\" title=\"Augustistafetten 2012\" href=\"http:\/\/www.waxjoms.se\/mc\/resultat\/2012\/augustistafetten\/Lista.html\" target=\"_blank\" rel=\"noopener noreferrer\"><br \/>=&gt; Resultat Augustistafetten 2012-08-09<br \/><\/a><a style=\"color: #0000ff;\" href=\"http:\/\/www.waxjoms.se\/mc\/resultat\/2011\/augustistafetten2011.htm\" target=\"_blank\" rel=\"noopener noreferrer\">=&gt; Resultat Augustistafetten 2011-08-13<\/a><a style=\"color: #0000ff;\" href=\"http:\/\/www.waxjoms.se\/mc\/resultat\/2010\/augustistafetten\/augustistafetten2010.htm\" target=\"_blank\" rel=\"noopener noreferrer\"><br \/>=&gt; Resultat Augustistafetten 2010-09-04<\/a><br \/><a style=\"color: #0000ff;\" href=\"http:\/\/www.waxjoms.se\/mc\/resultat\/2010\/sydenduro20100522\/allaKlasser.html\" target=\"_blank\" rel=\"noopener noreferrer\">=&gt; Resultat sydEnduron V\u00e4xj\u00f6 2010-05-22 Alla klasser<\/a> <a style=\"color: #0000ff;\" href=\"http:\/\/www.waxjoms.se\/mc\/resultat\/2010\/sydenduro20100522\/klassVis.html\" target=\"_blank\" rel=\"noopener noreferrer\">=&gt; Klassvis<\/a><br \/><a style=\"color: #0000ff;\" href=\"http:\/\/www.waxjoms.se\/mc\/resultat\/2009\/augustistafetten2009.htm\" target=\"_blank\" rel=\"noopener noreferrer\">=&gt; Resultat Augustistafetten 2009-08-15<\/a><br \/><a style=\"color: #0000ff;\" href=\"http:\/\/www.waxjoms.se\/mc\/resultat\/2009\/090221sydenduron.htm\" target=\"_blank\" rel=\"noopener noreferrer\">=&gt; Resultat sydEnduron V\u00e4xj\u00f6 2009-02-21<\/a> <a style=\"color: #0000ff;\" href=\"http:\/\/www.waxjoms.se\/mc\/resultat\/2008\/hoststafetten081011.htm\" target=\"_blank\" rel=\"noopener noreferrer\"><br \/>=&gt; H\u00f6ststafetten 2008-10-11<\/a><br \/><a style=\"color: #0000ff;\" href=\"http:\/\/www.waxjoms.se\/mc\/resultat\/2008\/wms_sydenduro080906.htm\" target=\"_blank\" rel=\"noopener noreferrer\">=&gt; Resultat sydEnduro V\u00e4xj\u00f6 2008-09-06<\/a> <a style=\"color: #0000ff;\" href=\"http:\/\/www.waxjoms.se\/mc\/resultat\/2006\/waxjoloppet06.htm\" target=\"_blank\" rel=\"noopener noreferrer\"><br \/>=&gt; Resultat W\u00e4xj\u00f6loppet 2006<\/a> <a style=\"color: #0000ff;\" href=\"http:\/\/www.waxjoms.se\/mc\/resultat\/2006\/hostracet2006.htm\" target=\"_blank\" rel=\"noopener noreferrer\"><br \/>=&gt; Resultat H\u00f6stracet 2006<\/a><\/p>\n\n\n<p><\/p>\n","protected":false},"excerpt":{"rendered":"<p>G\u00e5 till Svemo&#8217;s t\u00e4vlingskalender Resultat och sammanst\u00e4llningar f\u00f6r W\u00e4xj\u00f6 MS Klubbm\u00e4sterskap KM 2024 24\/8\u00a0 \u00a0KM1\u00a0 \u00a0 Tunatorp -L\u00e5nglopp\u00a0 \u00a0 \u00a0 \u00a0 \u00a0 Resultat KM 1 2024 13\/10 KM2\u00a0 \u00a0 \u00a0Rottne-Stubbrace\u00a0 \u00a0 \u00a0 \u00a0 \u00a0 \u00a0 \u00a0Resultat KM 2 2024 28\/12 KM3\u00a0 \u00a0 Tunatorp \u00a0 \u00a0 \u00a0 \u00a0 \u00a0 \u00a0 \u00a0 \u00a0 \u00a0 \u00a0 \u00a0 \u00a0&hellip;&nbsp;<a href=\"https:\/\/waxjoms.se\/MC\/tavling\/\" rel=\"bookmark\">L\u00e4s mer &raquo;<span class=\"screen-reader-text\">T\u00e4vling<\/span><\/a><\/p>\n","protected":false},"author":3,"featured_media":73,"parent":0,"menu_order":0,"comment_status":"closed","ping_status":"closed","template":"","meta":{"neve_meta_sidebar":"full-width","neve_meta_container":"","neve_meta_enable_content_width":"on","neve_meta_content_width":100,"neve_meta_title_alignment":"","neve_meta_author_avatar":"","neve_post_elements_order":"","neve_meta_disable_header":"","neve_meta_disable_footer":"","neve_meta_disable_title":"","footnotes":""},"class_list":["post-366","page","type-page","status-publish","has-post-thumbnail","hentry"],"yoast_head":"<!-- This site is optimized with the Yoast SEO plugin v27.4 - https:\/\/yoast.com\/product\/yoast-seo-wordpress\/ -->\n<title>T\u00e4vling - W\u00e4xj\u00f6 Motors\u00e4llskap | Enduro<\/title>\n<meta name=\"robots\" content=\"index, follow, max-snippet:-1, max-image-preview:large, max-video-preview:-1\" \/>\n<link rel=\"canonical\" href=\"https:\/\/waxjoms.se\/MC\/tavling\/\" \/>\n<meta property=\"og:locale\" content=\"sv_SE\" \/>\n<meta property=\"og:type\" content=\"article\" \/>\n<meta property=\"og:title\" content=\"T\u00e4vling - W\u00e4xj\u00f6 Motors\u00e4llskap | Enduro\" \/>\n<meta property=\"og:description\" content=\"G\u00e5 till Svemo&#8217;s t\u00e4vlingskalender Resultat och sammanst\u00e4llningar f\u00f6r W\u00e4xj\u00f6 MS Klubbm\u00e4sterskap KM 2024 24\/8\u00a0 \u00a0KM1\u00a0 \u00a0 Tunatorp -L\u00e5nglopp\u00a0 \u00a0 \u00a0 \u00a0 \u00a0 Resultat KM 1 2024 13\/10 KM2\u00a0 \u00a0 \u00a0Rottne-Stubbrace\u00a0 \u00a0 \u00a0 \u00a0 \u00a0 \u00a0 \u00a0Resultat KM 2 2024 28\/12 KM3\u00a0 \u00a0 Tunatorp \u00a0 \u00a0 \u00a0 \u00a0 \u00a0 \u00a0 \u00a0 \u00a0 \u00a0 \u00a0 \u00a0 \u00a0&hellip;&nbsp;L\u00e4s mer &raquo;T\u00e4vling\" \/>\n<meta property=\"og:url\" content=\"https:\/\/waxjoms.se\/MC\/tavling\/\" \/>\n<meta property=\"og:site_name\" content=\"W\u00e4xj\u00f6 Motors\u00e4llskap | Enduro\" \/>\n<meta property=\"article:modified_time\" content=\"2024-12-28T17:36:56+00:00\" \/>\n<meta property=\"og:image\" content=\"https:\/\/waxjoms.se\/MC\/wp-content\/uploads\/2022\/09\/herosektion-om-oss-1.jpg\" \/>\n\t<meta property=\"og:image:width\" content=\"1920\" \/>\n\t<meta property=\"og:image:height\" content=\"800\" \/>\n\t<meta property=\"og:image:type\" content=\"image\/jpeg\" \/>\n<meta name=\"twitter:card\" content=\"summary_large_image\" \/>\n<meta name=\"twitter:label1\" content=\"Ber\u00e4knad l\u00e4stid\" \/>\n\t<meta name=\"twitter:data1\" content=\"2 minuter\" \/>\n<script type=\"application\/ld+json\" class=\"yoast-schema-graph\">{\"@context\":\"https:\\\/\\\/schema.org\",\"@graph\":[{\"@type\":\"WebPage\",\"@id\":\"https:\\\/\\\/waxjoms.se\\\/MC\\\/tavling\\\/\",\"url\":\"https:\\\/\\\/waxjoms.se\\\/MC\\\/tavling\\\/\",\"name\":\"T\u00e4vling - W\u00e4xj\u00f6 Motors\u00e4llskap | Enduro\",\"isPartOf\":{\"@id\":\"https:\\\/\\\/waxjoms.se\\\/MC\\\/#website\"},\"primaryImageOfPage\":{\"@id\":\"https:\\\/\\\/waxjoms.se\\\/MC\\\/tavling\\\/#primaryimage\"},\"image\":{\"@id\":\"https:\\\/\\\/waxjoms.se\\\/MC\\\/tavling\\\/#primaryimage\"},\"thumbnailUrl\":\"https:\\\/\\\/waxjoms.se\\\/MC\\\/wp-content\\\/uploads\\\/2022\\\/09\\\/herosektion-om-oss-1.jpg\",\"datePublished\":\"2022-09-27T09:05:45+00:00\",\"dateModified\":\"2024-12-28T17:36:56+00:00\",\"breadcrumb\":{\"@id\":\"https:\\\/\\\/waxjoms.se\\\/MC\\\/tavling\\\/#breadcrumb\"},\"inLanguage\":\"sv-SE\",\"potentialAction\":[{\"@type\":\"ReadAction\",\"target\":[\"https:\\\/\\\/waxjoms.se\\\/MC\\\/tavling\\\/\"]}]},{\"@type\":\"ImageObject\",\"inLanguage\":\"sv-SE\",\"@id\":\"https:\\\/\\\/waxjoms.se\\\/MC\\\/tavling\\\/#primaryimage\",\"url\":\"https:\\\/\\\/waxjoms.se\\\/MC\\\/wp-content\\\/uploads\\\/2022\\\/09\\\/herosektion-om-oss-1.jpg\",\"contentUrl\":\"https:\\\/\\\/waxjoms.se\\\/MC\\\/wp-content\\\/uploads\\\/2022\\\/09\\\/herosektion-om-oss-1.jpg\",\"width\":1920,\"height\":800},{\"@type\":\"BreadcrumbList\",\"@id\":\"https:\\\/\\\/waxjoms.se\\\/MC\\\/tavling\\\/#breadcrumb\",\"itemListElement\":[{\"@type\":\"ListItem\",\"position\":1,\"name\":\"Hem\",\"item\":\"https:\\\/\\\/waxjoms.se\\\/MC\\\/\"},{\"@type\":\"ListItem\",\"position\":2,\"name\":\"T\u00e4vling\"}]},{\"@type\":\"WebSite\",\"@id\":\"https:\\\/\\\/waxjoms.se\\\/MC\\\/#website\",\"url\":\"https:\\\/\\\/waxjoms.se\\\/MC\\\/\",\"name\":\"W\u00e4xj\u00f6 Motors\u00e4llskap | Enduro\",\"description\":\"Enduroklubb i V\u00e4xj\u00f6\",\"publisher\":{\"@id\":\"https:\\\/\\\/waxjoms.se\\\/MC\\\/#organization\"},\"potentialAction\":[{\"@type\":\"SearchAction\",\"target\":{\"@type\":\"EntryPoint\",\"urlTemplate\":\"https:\\\/\\\/waxjoms.se\\\/MC\\\/?s={search_term_string}\"},\"query-input\":{\"@type\":\"PropertyValueSpecification\",\"valueRequired\":true,\"valueName\":\"search_term_string\"}}],\"inLanguage\":\"sv-SE\"},{\"@type\":\"Organization\",\"@id\":\"https:\\\/\\\/waxjoms.se\\\/MC\\\/#organization\",\"name\":\"W\u00e4xj\u00f6 Motors\u00e4llskap | Enduro\",\"url\":\"https:\\\/\\\/waxjoms.se\\\/MC\\\/\",\"logo\":{\"@type\":\"ImageObject\",\"inLanguage\":\"sv-SE\",\"@id\":\"https:\\\/\\\/waxjoms.se\\\/MC\\\/#\\\/schema\\\/logo\\\/image\\\/\",\"url\":\"https:\\\/\\\/waxjoms.se\\\/MC\\\/wp-content\\\/uploads\\\/2023\\\/01\\\/Waxjo-Motorsallskap-300x300-1.png\",\"contentUrl\":\"https:\\\/\\\/waxjoms.se\\\/MC\\\/wp-content\\\/uploads\\\/2023\\\/01\\\/Waxjo-Motorsallskap-300x300-1.png\",\"width\":300,\"height\":300,\"caption\":\"W\u00e4xj\u00f6 Motors\u00e4llskap | Enduro\"},\"image\":{\"@id\":\"https:\\\/\\\/waxjoms.se\\\/MC\\\/#\\\/schema\\\/logo\\\/image\\\/\"}}]}<\/script>\n<!-- \/ Yoast SEO plugin. -->","yoast_head_json":{"title":"T\u00e4vling - W\u00e4xj\u00f6 Motors\u00e4llskap | Enduro","robots":{"index":"index","follow":"follow","max-snippet":"max-snippet:-1","max-image-preview":"max-image-preview:large","max-video-preview":"max-video-preview:-1"},"canonical":"https:\/\/waxjoms.se\/MC\/tavling\/","og_locale":"sv_SE","og_type":"article","og_title":"T\u00e4vling - W\u00e4xj\u00f6 Motors\u00e4llskap | Enduro","og_description":"G\u00e5 till Svemo&#8217;s t\u00e4vlingskalender Resultat och sammanst\u00e4llningar f\u00f6r W\u00e4xj\u00f6 MS Klubbm\u00e4sterskap KM 2024 24\/8\u00a0 \u00a0KM1\u00a0 \u00a0 Tunatorp -L\u00e5nglopp\u00a0 \u00a0 \u00a0 \u00a0 \u00a0 Resultat KM 1 2024 13\/10 KM2\u00a0 \u00a0 \u00a0Rottne-Stubbrace\u00a0 \u00a0 \u00a0 \u00a0 \u00a0 \u00a0 \u00a0Resultat KM 2 2024 28\/12 KM3\u00a0 \u00a0 Tunatorp \u00a0 \u00a0 \u00a0 \u00a0 \u00a0 \u00a0 \u00a0 \u00a0 \u00a0 \u00a0 \u00a0 \u00a0&hellip;&nbsp;L\u00e4s mer &raquo;T\u00e4vling","og_url":"https:\/\/waxjoms.se\/MC\/tavling\/","og_site_name":"W\u00e4xj\u00f6 Motors\u00e4llskap | Enduro","article_modified_time":"2024-12-28T17:36:56+00:00","og_image":[{"width":1920,"height":800,"url":"https:\/\/waxjoms.se\/MC\/wp-content\/uploads\/2022\/09\/herosektion-om-oss-1.jpg","type":"image\/jpeg"}],"twitter_card":"summary_large_image","twitter_misc":{"Ber\u00e4knad l\u00e4stid":"2 minuter"},"schema":{"@context":"https:\/\/schema.org","@graph":[{"@type":"WebPage","@id":"https:\/\/waxjoms.se\/MC\/tavling\/","url":"https:\/\/waxjoms.se\/MC\/tavling\/","name":"T\u00e4vling - W\u00e4xj\u00f6 Motors\u00e4llskap | Enduro","isPartOf":{"@id":"https:\/\/waxjoms.se\/MC\/#website"},"primaryImageOfPage":{"@id":"https:\/\/waxjoms.se\/MC\/tavling\/#primaryimage"},"image":{"@id":"https:\/\/waxjoms.se\/MC\/tavling\/#primaryimage"},"thumbnailUrl":"https:\/\/waxjoms.se\/MC\/wp-content\/uploads\/2022\/09\/herosektion-om-oss-1.jpg","datePublished":"2022-09-27T09:05:45+00:00","dateModified":"2024-12-28T17:36:56+00:00","breadcrumb":{"@id":"https:\/\/waxjoms.se\/MC\/tavling\/#breadcrumb"},"inLanguage":"sv-SE","potentialAction":[{"@type":"ReadAction","target":["https:\/\/waxjoms.se\/MC\/tavling\/"]}]},{"@type":"ImageObject","inLanguage":"sv-SE","@id":"https:\/\/waxjoms.se\/MC\/tavling\/#primaryimage","url":"https:\/\/waxjoms.se\/MC\/wp-content\/uploads\/2022\/09\/herosektion-om-oss-1.jpg","contentUrl":"https:\/\/waxjoms.se\/MC\/wp-content\/uploads\/2022\/09\/herosektion-om-oss-1.jpg","width":1920,"height":800},{"@type":"BreadcrumbList","@id":"https:\/\/waxjoms.se\/MC\/tavling\/#breadcrumb","itemListElement":[{"@type":"ListItem","position":1,"name":"Hem","item":"https:\/\/waxjoms.se\/MC\/"},{"@type":"ListItem","position":2,"name":"T\u00e4vling"}]},{"@type":"WebSite","@id":"https:\/\/waxjoms.se\/MC\/#website","url":"https:\/\/waxjoms.se\/MC\/","name":"W\u00e4xj\u00f6 Motors\u00e4llskap | Enduro","description":"Enduroklubb i V\u00e4xj\u00f6","publisher":{"@id":"https:\/\/waxjoms.se\/MC\/#organization"},"potentialAction":[{"@type":"SearchAction","target":{"@type":"EntryPoint","urlTemplate":"https:\/\/waxjoms.se\/MC\/?s={search_term_string}"},"query-input":{"@type":"PropertyValueSpecification","valueRequired":true,"valueName":"search_term_string"}}],"inLanguage":"sv-SE"},{"@type":"Organization","@id":"https:\/\/waxjoms.se\/MC\/#organization","name":"W\u00e4xj\u00f6 Motors\u00e4llskap | Enduro","url":"https:\/\/waxjoms.se\/MC\/","logo":{"@type":"ImageObject","inLanguage":"sv-SE","@id":"https:\/\/waxjoms.se\/MC\/#\/schema\/logo\/image\/","url":"https:\/\/waxjoms.se\/MC\/wp-content\/uploads\/2023\/01\/Waxjo-Motorsallskap-300x300-1.png","contentUrl":"https:\/\/waxjoms.se\/MC\/wp-content\/uploads\/2023\/01\/Waxjo-Motorsallskap-300x300-1.png","width":300,"height":300,"caption":"W\u00e4xj\u00f6 Motors\u00e4llskap | Enduro"},"image":{"@id":"https:\/\/waxjoms.se\/MC\/#\/schema\/logo\/image\/"}}]}},"_links":{"self":[{"href":"https:\/\/waxjoms.se\/MC\/wp-json\/wp\/v2\/pages\/366","targetHints":{"allow":["GET"]}}],"collection":[{"href":"https:\/\/waxjoms.se\/MC\/wp-json\/wp\/v2\/pages"}],"about":[{"href":"https:\/\/waxjoms.se\/MC\/wp-json\/wp\/v2\/types\/page"}],"author":[{"embeddable":true,"href":"https:\/\/waxjoms.se\/MC\/wp-json\/wp\/v2\/users\/3"}],"replies":[{"embeddable":true,"href":"https:\/\/waxjoms.se\/MC\/wp-json\/wp\/v2\/comments?post=366"}],"version-history":[{"count":27,"href":"https:\/\/waxjoms.se\/MC\/wp-json\/wp\/v2\/pages\/366\/revisions"}],"predecessor-version":[{"id":7378,"href":"https:\/\/waxjoms.se\/MC\/wp-json\/wp\/v2\/pages\/366\/revisions\/7378"}],"wp:featuredmedia":[{"embeddable":true,"href":"https:\/\/waxjoms.se\/MC\/wp-json\/wp\/v2\/media\/73"}],"wp:attachment":[{"href":"https:\/\/waxjoms.se\/MC\/wp-json\/wp\/v2\/media?parent=366"}],"curies":[{"name":"wp","href":"https:\/\/api.w.org\/{rel}","templated":true}]}}