{"id":370,"date":"2022-09-27T11:07:00","date_gmt":"2022-09-27T09:07:00","guid":{"rendered":"http:\/\/waxjoms.kund.griffel.se\/MC_NEW\/?page_id=370"},"modified":"2023-09-19T11:39:41","modified_gmt":"2023-09-19T09:39:41","slug":"styrelsen","status":"publish","type":"page","link":"https:\/\/waxjoms.se\/MC\/styrelsen\/","title":{"rendered":"Styrelsen"},"content":{"rendered":"\t\t<div data-elementor-type=\"wp-page\" data-elementor-id=\"370\" class=\"elementor elementor-370\">\n\t\t\t\t\t\t<section class=\"elementor-section elementor-top-section elementor-element elementor-element-6e290fdd elementor-section-boxed elementor-section-height-default elementor-section-height-default\" data-id=\"6e290fdd\" data-element_type=\"section\" data-e-type=\"section\">\n\t\t\t\t\t\t<div class=\"elementor-container elementor-column-gap-default\">\n\t\t\t\t\t<div class=\"elementor-column elementor-col-100 elementor-top-column elementor-element elementor-element-2dc953ee\" data-id=\"2dc953ee\" data-element_type=\"column\" data-e-type=\"column\">\n\t\t\t<div class=\"elementor-widget-wrap elementor-element-populated\">\n\t\t\t\t\t\t<div class=\"elementor-element elementor-element-12e76e9 elementor-widget elementor-widget-heading\" data-id=\"12e76e9\" data-element_type=\"widget\" data-e-type=\"widget\" data-widget_type=\"heading.default\">\n\t\t\t\t<div class=\"elementor-widget-container\">\n\t\t\t\t\t<h1 class=\"elementor-heading-title elementor-size-default\">Styrelsen<\/h1>\t\t\t\t<\/div>\n\t\t\t\t<\/div>\n\t\t\t\t<div class=\"elementor-element elementor-element-09ab67b elementor-widget elementor-widget-spacer\" data-id=\"09ab67b\" data-element_type=\"widget\" data-e-type=\"widget\" data-widget_type=\"spacer.default\">\n\t\t\t\t<div class=\"elementor-widget-container\">\n\t\t\t\t\t\t\t<div class=\"elementor-spacer\">\n\t\t\t<div class=\"elementor-spacer-inner\"><\/div>\n\t\t<\/div>\n\t\t\t\t\t\t<\/div>\n\t\t\t\t<\/div>\n\t\t\t\t<div class=\"elementor-element elementor-element-589d6248 elementor-widget elementor-widget-text-editor\" data-id=\"589d6248\" data-element_type=\"widget\" data-e-type=\"widget\" data-widget_type=\"text-editor.default\">\n\t\t\t\t<div class=\"elementor-widget-container\">\n\t\t\t\t\t\t\t\t\t<h4>Endurosektionens styrelse<\/h4><table border=\"0\" width=\"100%\"><tbody><tr><td><h4>Ordf\u00f6rande:<\/h4><p>Jimmy Kaukinen mob. 070 \u2013 650 74 59<\/p><\/td><\/tr><tr><td><h4>Vice ordf\u00f6rande:<\/h4><p>Torbj\u00f6rn Karlsson\u00a0 mob. 070 \u2013 540 30 90<\/p><\/td><\/tr><tr><td><h4>Sekreterare samt Kommunikationsansvarig inkl hemsida \/ Facebook<\/h4><p>Johnny J\u00f6nsson mob. 070 \u2013 670 13 73<\/p><\/td><\/tr><tr><td><h4>Kass\u00f6r:<\/h4><p><span style=\"font-size: 15.3px;\">Peter Arvidsson mob. 070 \u2013 636 70 86<\/span><\/p><\/td><\/tr><tr><td><h4 style=\"font-size: var(--h4FontSize); font-weight: var(--h4FontWeight); font-family: var(--headingsFontFamily),var(--nv-fallback-ff); line-height: var(--h4LineHeight); letter-spacing: normal; text-transform: none;\"><strong>Milj\u00f6-, tillst\u00e5nds- och s\u00e4kerhetsansvarig:<\/strong><\/h4><p><span style=\"font-size: 15.3px;\">Per Sj\u00f6din mob. 070 \u2013 340 53 31<\/span><\/p><\/td><\/tr><tr><td><h4>Ungdomsansvarig:<\/h4><p>Martin Karlsson 070 \u2013 4228846<\/p><\/td><\/tr><tr><td><h4>Bangruppen:<\/h4><p>Johan Svensson mob. 070 \u2013 826 56 97<\/p><\/td><\/tr><tr><td><h4>T\u00e4vlingsgruppen:<\/h4><p>Niclas Starck mob. 070 \u2013 667 90 70<\/p><\/td><\/tr><\/tbody><\/table><p>Har du synpunkter p\u00e5 hemsidan, tr\u00e4ningstider, endurosp\u00e5ret m.m eller kanske vill bli en av oss kontakta d\u00e5 n\u00e5gon av personerna ovan. F\u00f6r att g\u00f6ra en ans\u00f6kan om medlemsskap <a title=\"Medlemsans\u00f6kan\" href=\"http:\/\/www.waxjoms.se\/#medlemsansokan\" target=\"_blank\" rel=\"noopener noreferrer\">=&gt; klicka h\u00e4r<\/a>Jimm<\/p>\t\t\t\t\t\t\t\t<\/div>\n\t\t\t\t<\/div>\n\t\t\t\t\t<\/div>\n\t\t<\/div>\n\t\t\t\t\t<\/div>\n\t\t<\/section>\n\t\t\t\t<\/div>\n\t\t","protected":false},"excerpt":{"rendered":"<p>Styrelsen Endurosektionens styrelse Ordf\u00f6rande: Jimmy Kaukinen mob. 070 \u2013 650 74 59 Vice ordf\u00f6rande: Torbj\u00f6rn Karlsson\u00a0 mob. 070 \u2013 540 30 90 Sekreterare samt Kommunikationsansvarig inkl hemsida \/ Facebook Johnny J\u00f6nsson mob. 070 \u2013 670 13 73 Kass\u00f6r: Peter Arvidsson mob. 070 \u2013 636 70 86 Milj\u00f6-, tillst\u00e5nds- och s\u00e4kerhetsansvarig: Per Sj\u00f6din mob. 070 \u2013&hellip;&nbsp;<a href=\"https:\/\/waxjoms.se\/MC\/styrelsen\/\" rel=\"bookmark\">L\u00e4s mer &raquo;<span class=\"screen-reader-text\">Styrelsen<\/span><\/a><\/p>\n","protected":false},"author":3,"featured_media":73,"parent":0,"menu_order":0,"comment_status":"closed","ping_status":"closed","template":"","meta":{"neve_meta_sidebar":"full-width","neve_meta_container":"","neve_meta_enable_content_width":"on","neve_meta_content_width":100,"neve_meta_title_alignment":"","neve_meta_author_avatar":"","neve_post_elements_order":"","neve_meta_disable_header":"","neve_meta_disable_footer":"","neve_meta_disable_title":"","footnotes":""},"class_list":["post-370","page","type-page","status-publish","has-post-thumbnail","hentry"],"yoast_head":"<!-- This site is optimized with the Yoast SEO plugin v27.5 - https:\/\/yoast.com\/product\/yoast-seo-wordpress\/ -->\n<title>Styrelsen - W\u00e4xj\u00f6 Motors\u00e4llskap | Enduro<\/title>\n<meta name=\"robots\" content=\"index, follow, max-snippet:-1, max-image-preview:large, max-video-preview:-1\" \/>\n<link rel=\"canonical\" href=\"https:\/\/waxjoms.se\/MC\/styrelsen\/\" \/>\n<meta property=\"og:locale\" content=\"sv_SE\" \/>\n<meta property=\"og:type\" content=\"article\" \/>\n<meta property=\"og:title\" content=\"Styrelsen - W\u00e4xj\u00f6 Motors\u00e4llskap | Enduro\" \/>\n<meta property=\"og:description\" content=\"Styrelsen Endurosektionens styrelse Ordf\u00f6rande: Jimmy Kaukinen mob. 070 \u2013 650 74 59 Vice ordf\u00f6rande: Torbj\u00f6rn Karlsson\u00a0 mob. 070 \u2013 540 30 90 Sekreterare samt Kommunikationsansvarig inkl hemsida \/ Facebook Johnny J\u00f6nsson mob. 070 \u2013 670 13 73 Kass\u00f6r: Peter Arvidsson mob. 070 \u2013 636 70 86 Milj\u00f6-, tillst\u00e5nds- och s\u00e4kerhetsansvarig: Per Sj\u00f6din mob. 070 \u2013&hellip;&nbsp;L\u00e4s mer &raquo;Styrelsen\" \/>\n<meta property=\"og:url\" content=\"https:\/\/waxjoms.se\/MC\/styrelsen\/\" \/>\n<meta property=\"og:site_name\" content=\"W\u00e4xj\u00f6 Motors\u00e4llskap | Enduro\" \/>\n<meta property=\"article:modified_time\" content=\"2023-09-19T09:39:41+00:00\" \/>\n<meta property=\"og:image\" content=\"https:\/\/waxjoms.se\/MC\/wp-content\/uploads\/2022\/09\/herosektion-om-oss-1.jpg\" \/>\n\t<meta property=\"og:image:width\" content=\"1920\" \/>\n\t<meta property=\"og:image:height\" content=\"800\" \/>\n\t<meta property=\"og:image:type\" content=\"image\/jpeg\" \/>\n<meta name=\"twitter:card\" content=\"summary_large_image\" \/>\n<meta name=\"twitter:label1\" content=\"Ber\u00e4knad l\u00e4stid\" \/>\n\t<meta name=\"twitter:data1\" content=\"1 minut\" \/>\n<script type=\"application\/ld+json\" class=\"yoast-schema-graph\">{\"@context\":\"https:\\\/\\\/schema.org\",\"@graph\":[{\"@type\":\"WebPage\",\"@id\":\"https:\\\/\\\/waxjoms.se\\\/MC\\\/styrelsen\\\/\",\"url\":\"https:\\\/\\\/waxjoms.se\\\/MC\\\/styrelsen\\\/\",\"name\":\"Styrelsen - W\u00e4xj\u00f6 Motors\u00e4llskap | Enduro\",\"isPartOf\":{\"@id\":\"https:\\\/\\\/waxjoms.se\\\/MC\\\/#website\"},\"primaryImageOfPage\":{\"@id\":\"https:\\\/\\\/waxjoms.se\\\/MC\\\/styrelsen\\\/#primaryimage\"},\"image\":{\"@id\":\"https:\\\/\\\/waxjoms.se\\\/MC\\\/styrelsen\\\/#primaryimage\"},\"thumbnailUrl\":\"https:\\\/\\\/waxjoms.se\\\/MC\\\/wp-content\\\/uploads\\\/2022\\\/09\\\/herosektion-om-oss-1.jpg\",\"datePublished\":\"2022-09-27T09:07:00+00:00\",\"dateModified\":\"2023-09-19T09:39:41+00:00\",\"breadcrumb\":{\"@id\":\"https:\\\/\\\/waxjoms.se\\\/MC\\\/styrelsen\\\/#breadcrumb\"},\"inLanguage\":\"sv-SE\",\"potentialAction\":[{\"@type\":\"ReadAction\",\"target\":[\"https:\\\/\\\/waxjoms.se\\\/MC\\\/styrelsen\\\/\"]}]},{\"@type\":\"ImageObject\",\"inLanguage\":\"sv-SE\",\"@id\":\"https:\\\/\\\/waxjoms.se\\\/MC\\\/styrelsen\\\/#primaryimage\",\"url\":\"https:\\\/\\\/waxjoms.se\\\/MC\\\/wp-content\\\/uploads\\\/2022\\\/09\\\/herosektion-om-oss-1.jpg\",\"contentUrl\":\"https:\\\/\\\/waxjoms.se\\\/MC\\\/wp-content\\\/uploads\\\/2022\\\/09\\\/herosektion-om-oss-1.jpg\",\"width\":1920,\"height\":800},{\"@type\":\"BreadcrumbList\",\"@id\":\"https:\\\/\\\/waxjoms.se\\\/MC\\\/styrelsen\\\/#breadcrumb\",\"itemListElement\":[{\"@type\":\"ListItem\",\"position\":1,\"name\":\"Hem\",\"item\":\"https:\\\/\\\/waxjoms.se\\\/MC\\\/\"},{\"@type\":\"ListItem\",\"position\":2,\"name\":\"Styrelsen\"}]},{\"@type\":\"WebSite\",\"@id\":\"https:\\\/\\\/waxjoms.se\\\/MC\\\/#website\",\"url\":\"https:\\\/\\\/waxjoms.se\\\/MC\\\/\",\"name\":\"W\u00e4xj\u00f6 Motors\u00e4llskap | Enduro\",\"description\":\"Enduroklubb i V\u00e4xj\u00f6\",\"publisher\":{\"@id\":\"https:\\\/\\\/waxjoms.se\\\/MC\\\/#organization\"},\"potentialAction\":[{\"@type\":\"SearchAction\",\"target\":{\"@type\":\"EntryPoint\",\"urlTemplate\":\"https:\\\/\\\/waxjoms.se\\\/MC\\\/?s={search_term_string}\"},\"query-input\":{\"@type\":\"PropertyValueSpecification\",\"valueRequired\":true,\"valueName\":\"search_term_string\"}}],\"inLanguage\":\"sv-SE\"},{\"@type\":\"Organization\",\"@id\":\"https:\\\/\\\/waxjoms.se\\\/MC\\\/#organization\",\"name\":\"W\u00e4xj\u00f6 Motors\u00e4llskap | Enduro\",\"url\":\"https:\\\/\\\/waxjoms.se\\\/MC\\\/\",\"logo\":{\"@type\":\"ImageObject\",\"inLanguage\":\"sv-SE\",\"@id\":\"https:\\\/\\\/waxjoms.se\\\/MC\\\/#\\\/schema\\\/logo\\\/image\\\/\",\"url\":\"https:\\\/\\\/waxjoms.se\\\/MC\\\/wp-content\\\/uploads\\\/2023\\\/01\\\/Waxjo-Motorsallskap-300x300-1.png\",\"contentUrl\":\"https:\\\/\\\/waxjoms.se\\\/MC\\\/wp-content\\\/uploads\\\/2023\\\/01\\\/Waxjo-Motorsallskap-300x300-1.png\",\"width\":300,\"height\":300,\"caption\":\"W\u00e4xj\u00f6 Motors\u00e4llskap | Enduro\"},\"image\":{\"@id\":\"https:\\\/\\\/waxjoms.se\\\/MC\\\/#\\\/schema\\\/logo\\\/image\\\/\"}}]}<\/script>\n<!-- \/ Yoast SEO plugin. -->","yoast_head_json":{"title":"Styrelsen - W\u00e4xj\u00f6 Motors\u00e4llskap | Enduro","robots":{"index":"index","follow":"follow","max-snippet":"max-snippet:-1","max-image-preview":"max-image-preview:large","max-video-preview":"max-video-preview:-1"},"canonical":"https:\/\/waxjoms.se\/MC\/styrelsen\/","og_locale":"sv_SE","og_type":"article","og_title":"Styrelsen - W\u00e4xj\u00f6 Motors\u00e4llskap | Enduro","og_description":"Styrelsen Endurosektionens styrelse Ordf\u00f6rande: Jimmy Kaukinen mob. 070 \u2013 650 74 59 Vice ordf\u00f6rande: Torbj\u00f6rn Karlsson\u00a0 mob. 070 \u2013 540 30 90 Sekreterare samt Kommunikationsansvarig inkl hemsida \/ Facebook Johnny J\u00f6nsson mob. 070 \u2013 670 13 73 Kass\u00f6r: Peter Arvidsson mob. 070 \u2013 636 70 86 Milj\u00f6-, tillst\u00e5nds- och s\u00e4kerhetsansvarig: Per Sj\u00f6din mob. 070 \u2013&hellip;&nbsp;L\u00e4s mer &raquo;Styrelsen","og_url":"https:\/\/waxjoms.se\/MC\/styrelsen\/","og_site_name":"W\u00e4xj\u00f6 Motors\u00e4llskap | Enduro","article_modified_time":"2023-09-19T09:39:41+00:00","og_image":[{"width":1920,"height":800,"url":"https:\/\/waxjoms.se\/MC\/wp-content\/uploads\/2022\/09\/herosektion-om-oss-1.jpg","type":"image\/jpeg"}],"twitter_card":"summary_large_image","twitter_misc":{"Ber\u00e4knad l\u00e4stid":"1 minut"},"schema":{"@context":"https:\/\/schema.org","@graph":[{"@type":"WebPage","@id":"https:\/\/waxjoms.se\/MC\/styrelsen\/","url":"https:\/\/waxjoms.se\/MC\/styrelsen\/","name":"Styrelsen - W\u00e4xj\u00f6 Motors\u00e4llskap | Enduro","isPartOf":{"@id":"https:\/\/waxjoms.se\/MC\/#website"},"primaryImageOfPage":{"@id":"https:\/\/waxjoms.se\/MC\/styrelsen\/#primaryimage"},"image":{"@id":"https:\/\/waxjoms.se\/MC\/styrelsen\/#primaryimage"},"thumbnailUrl":"https:\/\/waxjoms.se\/MC\/wp-content\/uploads\/2022\/09\/herosektion-om-oss-1.jpg","datePublished":"2022-09-27T09:07:00+00:00","dateModified":"2023-09-19T09:39:41+00:00","breadcrumb":{"@id":"https:\/\/waxjoms.se\/MC\/styrelsen\/#breadcrumb"},"inLanguage":"sv-SE","potentialAction":[{"@type":"ReadAction","target":["https:\/\/waxjoms.se\/MC\/styrelsen\/"]}]},{"@type":"ImageObject","inLanguage":"sv-SE","@id":"https:\/\/waxjoms.se\/MC\/styrelsen\/#primaryimage","url":"https:\/\/waxjoms.se\/MC\/wp-content\/uploads\/2022\/09\/herosektion-om-oss-1.jpg","contentUrl":"https:\/\/waxjoms.se\/MC\/wp-content\/uploads\/2022\/09\/herosektion-om-oss-1.jpg","width":1920,"height":800},{"@type":"BreadcrumbList","@id":"https:\/\/waxjoms.se\/MC\/styrelsen\/#breadcrumb","itemListElement":[{"@type":"ListItem","position":1,"name":"Hem","item":"https:\/\/waxjoms.se\/MC\/"},{"@type":"ListItem","position":2,"name":"Styrelsen"}]},{"@type":"WebSite","@id":"https:\/\/waxjoms.se\/MC\/#website","url":"https:\/\/waxjoms.se\/MC\/","name":"W\u00e4xj\u00f6 Motors\u00e4llskap | Enduro","description":"Enduroklubb i V\u00e4xj\u00f6","publisher":{"@id":"https:\/\/waxjoms.se\/MC\/#organization"},"potentialAction":[{"@type":"SearchAction","target":{"@type":"EntryPoint","urlTemplate":"https:\/\/waxjoms.se\/MC\/?s={search_term_string}"},"query-input":{"@type":"PropertyValueSpecification","valueRequired":true,"valueName":"search_term_string"}}],"inLanguage":"sv-SE"},{"@type":"Organization","@id":"https:\/\/waxjoms.se\/MC\/#organization","name":"W\u00e4xj\u00f6 Motors\u00e4llskap | Enduro","url":"https:\/\/waxjoms.se\/MC\/","logo":{"@type":"ImageObject","inLanguage":"sv-SE","@id":"https:\/\/waxjoms.se\/MC\/#\/schema\/logo\/image\/","url":"https:\/\/waxjoms.se\/MC\/wp-content\/uploads\/2023\/01\/Waxjo-Motorsallskap-300x300-1.png","contentUrl":"https:\/\/waxjoms.se\/MC\/wp-content\/uploads\/2023\/01\/Waxjo-Motorsallskap-300x300-1.png","width":300,"height":300,"caption":"W\u00e4xj\u00f6 Motors\u00e4llskap | Enduro"},"image":{"@id":"https:\/\/waxjoms.se\/MC\/#\/schema\/logo\/image\/"}}]}},"_links":{"self":[{"href":"https:\/\/waxjoms.se\/MC\/wp-json\/wp\/v2\/pages\/370","targetHints":{"allow":["GET"]}}],"collection":[{"href":"https:\/\/waxjoms.se\/MC\/wp-json\/wp\/v2\/pages"}],"about":[{"href":"https:\/\/waxjoms.se\/MC\/wp-json\/wp\/v2\/types\/page"}],"author":[{"embeddable":true,"href":"https:\/\/waxjoms.se\/MC\/wp-json\/wp\/v2\/users\/3"}],"replies":[{"embeddable":true,"href":"https:\/\/waxjoms.se\/MC\/wp-json\/wp\/v2\/comments?post=370"}],"version-history":[{"count":17,"href":"https:\/\/waxjoms.se\/MC\/wp-json\/wp\/v2\/pages\/370\/revisions"}],"predecessor-version":[{"id":7159,"href":"https:\/\/waxjoms.se\/MC\/wp-json\/wp\/v2\/pages\/370\/revisions\/7159"}],"wp:featuredmedia":[{"embeddable":true,"href":"https:\/\/waxjoms.se\/MC\/wp-json\/wp\/v2\/media\/73"}],"wp:attachment":[{"href":"https:\/\/waxjoms.se\/MC\/wp-json\/wp\/v2\/media?parent=370"}],"curies":[{"name":"wp","href":"https:\/\/api.w.org\/{rel}","templated":true}]}}