{"id":374,"date":"2022-09-27T11:07:30","date_gmt":"2022-09-27T09:07:30","guid":{"rendered":"http:\/\/waxjoms.kund.griffel.se\/MC_NEW\/?page_id=374"},"modified":"2023-12-27T21:59:02","modified_gmt":"2023-12-27T20:59:02","slug":"endurospar","status":"publish","type":"page","link":"https:\/\/waxjoms.se\/MC\/endurospar\/","title":{"rendered":"Endurosp\u00e5r"},"content":{"rendered":"\t\t<div data-elementor-type=\"wp-page\" data-elementor-id=\"374\" class=\"elementor elementor-374\">\n\t\t\t\t\t\t<section class=\"elementor-section elementor-top-section elementor-element elementor-element-6e290fdd elementor-section-boxed elementor-section-height-default elementor-section-height-default\" data-id=\"6e290fdd\" data-element_type=\"section\" data-e-type=\"section\">\n\t\t\t\t\t\t<div class=\"elementor-container elementor-column-gap-default\">\n\t\t\t\t\t<div class=\"elementor-column elementor-col-100 elementor-top-column elementor-element elementor-element-2dc953ee\" data-id=\"2dc953ee\" data-element_type=\"column\" data-e-type=\"column\">\n\t\t\t<div class=\"elementor-widget-wrap elementor-element-populated\">\n\t\t\t\t\t\t<div class=\"elementor-element elementor-element-17578cb elementor-widget elementor-widget-heading\" data-id=\"17578cb\" data-element_type=\"widget\" data-e-type=\"widget\" data-widget_type=\"heading.default\">\n\t\t\t\t<div class=\"elementor-widget-container\">\n\t\t\t\t\t<h1 class=\"elementor-heading-title elementor-size-default\">V\u00e5ra endurosp\u00e5r<\/h1>\t\t\t\t<\/div>\n\t\t\t\t<\/div>\n\t\t\t\t<div class=\"elementor-element elementor-element-87e9fbb elementor-widget elementor-widget-spacer\" data-id=\"87e9fbb\" data-element_type=\"widget\" data-e-type=\"widget\" data-widget_type=\"spacer.default\">\n\t\t\t\t<div class=\"elementor-widget-container\">\n\t\t\t\t\t\t\t<div class=\"elementor-spacer\">\n\t\t\t<div class=\"elementor-spacer-inner\"><\/div>\n\t\t<\/div>\n\t\t\t\t\t\t<\/div>\n\t\t\t\t<\/div>\n\t\t\t\t<div class=\"elementor-element elementor-element-589d6248 elementor-widget elementor-widget-text-editor\" data-id=\"589d6248\" data-element_type=\"widget\" data-e-type=\"widget\" data-widget_type=\"text-editor.default\">\n\t\t\t\t<div class=\"elementor-widget-container\">\n\t\t\t\t\t\t\t\t\t<h4>Endurosp\u00e5ret i Tunatorp<\/h4><p>Vi f\u00f6rs\u00f6ker vara en enduroklubb f\u00f6r alla, b\u00e5de motions\u00e5kare och elit\u00e5kare.<\/p><p>V\u00e5rt endurosp\u00e5r \u00e4r i Tunatorp nordv\u00e4st om flygplatsen. Hela sp\u00e5ret \u00e4r cirka 14km l\u00e5ngt.<\/p><p>Det finns ocks\u00e5 en knattebana f\u00f6r 50cc och en enklare teknikbana vid klubbstugan. F\u00f6r regler om k\u00f6rning p\u00e5 teknikbanan <a title=\"tr\u00e4ning teknikbanan\" href=\"http:\/\/waxjoms.kund.griffel.se\/MC\/traning\/\">=&gt; klicka h\u00e4r<\/a><strong><br \/><\/strong><\/p><p>V\u00e5ra tr\u00e4ningsm\u00f6jligheter \u00e4r goda och vi \u00e4r d\u00e4rf\u00f6r mycket r\u00e4dda om dem. F\u00f6r att f\u00e5 mer information om vad som g\u00e4ller f\u00f6r att tr\u00e4na p\u00e5 banan <a href=\"http:\/\/waxjoms.kund.griffel.se\/MC\/traning\/\">=&gt;klicka h\u00e4r<\/a>.<\/p><p><a title=\"Hitta.se karta till Tunatorp\" href=\"https:\/\/goo.gl\/maps\/aY5CEcjTxVyoxrQ4A\" target=\"_blank\" rel=\"noopener noreferrer\">=&gt; klicka h\u00e4r<\/a> f\u00f6r en karta med v\u00e4gbeskrivning till anl\u00e4ggningen i Tunatorp<\/p>\t\t\t\t\t\t\t\t<\/div>\n\t\t\t\t<\/div>\n\t\t\t\t\t<\/div>\n\t\t<\/div>\n\t\t\t\t\t<\/div>\n\t\t<\/section>\n\t\t\t\t<\/div>\n\t\t","protected":false},"excerpt":{"rendered":"<p>V\u00e5ra endurosp\u00e5r Endurosp\u00e5ret i Tunatorp Vi f\u00f6rs\u00f6ker vara en enduroklubb f\u00f6r alla, b\u00e5de motions\u00e5kare och elit\u00e5kare. V\u00e5rt endurosp\u00e5r \u00e4r i Tunatorp nordv\u00e4st om flygplatsen. Hela sp\u00e5ret \u00e4r cirka 14km l\u00e5ngt. Det finns ocks\u00e5 en knattebana f\u00f6r 50cc och en enklare teknikbana vid klubbstugan. F\u00f6r regler om k\u00f6rning p\u00e5 teknikbanan =&gt; klicka h\u00e4r V\u00e5ra tr\u00e4ningsm\u00f6jligheter \u00e4r&hellip;&nbsp;<a href=\"https:\/\/waxjoms.se\/MC\/endurospar\/\" rel=\"bookmark\">L\u00e4s mer &raquo;<span class=\"screen-reader-text\">Endurosp\u00e5r<\/span><\/a><\/p>\n","protected":false},"author":3,"featured_media":73,"parent":0,"menu_order":0,"comment_status":"closed","ping_status":"closed","template":"","meta":{"neve_meta_sidebar":"full-width","neve_meta_container":"","neve_meta_enable_content_width":"on","neve_meta_content_width":100,"neve_meta_title_alignment":"","neve_meta_author_avatar":"","neve_post_elements_order":"","neve_meta_disable_header":"","neve_meta_disable_footer":"","neve_meta_disable_title":"","footnotes":""},"class_list":["post-374","page","type-page","status-publish","has-post-thumbnail","hentry"],"yoast_head":"<!-- This site is optimized with the Yoast SEO plugin v27.4 - https:\/\/yoast.com\/product\/yoast-seo-wordpress\/ -->\n<title>Endurosp\u00e5r - W\u00e4xj\u00f6 Motors\u00e4llskap | Enduro<\/title>\n<meta name=\"robots\" content=\"index, follow, max-snippet:-1, max-image-preview:large, max-video-preview:-1\" \/>\n<link rel=\"canonical\" href=\"https:\/\/waxjoms.se\/MC\/endurospar\/\" \/>\n<meta property=\"og:locale\" content=\"sv_SE\" \/>\n<meta property=\"og:type\" content=\"article\" \/>\n<meta property=\"og:title\" content=\"Endurosp\u00e5r - W\u00e4xj\u00f6 Motors\u00e4llskap | Enduro\" \/>\n<meta property=\"og:description\" content=\"V\u00e5ra endurosp\u00e5r Endurosp\u00e5ret i Tunatorp Vi f\u00f6rs\u00f6ker vara en enduroklubb f\u00f6r alla, b\u00e5de motions\u00e5kare och elit\u00e5kare. V\u00e5rt endurosp\u00e5r \u00e4r i Tunatorp nordv\u00e4st om flygplatsen. Hela sp\u00e5ret \u00e4r cirka 14km l\u00e5ngt. Det finns ocks\u00e5 en knattebana f\u00f6r 50cc och en enklare teknikbana vid klubbstugan. F\u00f6r regler om k\u00f6rning p\u00e5 teknikbanan =&gt; klicka h\u00e4r V\u00e5ra tr\u00e4ningsm\u00f6jligheter \u00e4r&hellip;&nbsp;L\u00e4s mer &raquo;Endurosp\u00e5r\" \/>\n<meta property=\"og:url\" content=\"https:\/\/waxjoms.se\/MC\/endurospar\/\" \/>\n<meta property=\"og:site_name\" content=\"W\u00e4xj\u00f6 Motors\u00e4llskap | Enduro\" \/>\n<meta property=\"article:modified_time\" content=\"2023-12-27T20:59:02+00:00\" \/>\n<meta property=\"og:image\" content=\"https:\/\/waxjoms.se\/MC\/wp-content\/uploads\/2022\/09\/herosektion-om-oss-1.jpg\" \/>\n\t<meta property=\"og:image:width\" content=\"1920\" \/>\n\t<meta property=\"og:image:height\" content=\"800\" \/>\n\t<meta property=\"og:image:type\" content=\"image\/jpeg\" \/>\n<meta name=\"twitter:card\" content=\"summary_large_image\" \/>\n<meta name=\"twitter:label1\" content=\"Ber\u00e4knad l\u00e4stid\" \/>\n\t<meta name=\"twitter:data1\" content=\"1 minut\" \/>\n<script type=\"application\/ld+json\" class=\"yoast-schema-graph\">{\"@context\":\"https:\\\/\\\/schema.org\",\"@graph\":[{\"@type\":\"WebPage\",\"@id\":\"https:\\\/\\\/waxjoms.se\\\/MC\\\/endurospar\\\/\",\"url\":\"https:\\\/\\\/waxjoms.se\\\/MC\\\/endurospar\\\/\",\"name\":\"Endurosp\u00e5r - W\u00e4xj\u00f6 Motors\u00e4llskap | Enduro\",\"isPartOf\":{\"@id\":\"https:\\\/\\\/waxjoms.se\\\/MC\\\/#website\"},\"primaryImageOfPage\":{\"@id\":\"https:\\\/\\\/waxjoms.se\\\/MC\\\/endurospar\\\/#primaryimage\"},\"image\":{\"@id\":\"https:\\\/\\\/waxjoms.se\\\/MC\\\/endurospar\\\/#primaryimage\"},\"thumbnailUrl\":\"https:\\\/\\\/waxjoms.se\\\/MC\\\/wp-content\\\/uploads\\\/2022\\\/09\\\/herosektion-om-oss-1.jpg\",\"datePublished\":\"2022-09-27T09:07:30+00:00\",\"dateModified\":\"2023-12-27T20:59:02+00:00\",\"breadcrumb\":{\"@id\":\"https:\\\/\\\/waxjoms.se\\\/MC\\\/endurospar\\\/#breadcrumb\"},\"inLanguage\":\"sv-SE\",\"potentialAction\":[{\"@type\":\"ReadAction\",\"target\":[\"https:\\\/\\\/waxjoms.se\\\/MC\\\/endurospar\\\/\"]}]},{\"@type\":\"ImageObject\",\"inLanguage\":\"sv-SE\",\"@id\":\"https:\\\/\\\/waxjoms.se\\\/MC\\\/endurospar\\\/#primaryimage\",\"url\":\"https:\\\/\\\/waxjoms.se\\\/MC\\\/wp-content\\\/uploads\\\/2022\\\/09\\\/herosektion-om-oss-1.jpg\",\"contentUrl\":\"https:\\\/\\\/waxjoms.se\\\/MC\\\/wp-content\\\/uploads\\\/2022\\\/09\\\/herosektion-om-oss-1.jpg\",\"width\":1920,\"height\":800},{\"@type\":\"BreadcrumbList\",\"@id\":\"https:\\\/\\\/waxjoms.se\\\/MC\\\/endurospar\\\/#breadcrumb\",\"itemListElement\":[{\"@type\":\"ListItem\",\"position\":1,\"name\":\"Hem\",\"item\":\"https:\\\/\\\/waxjoms.se\\\/MC\\\/\"},{\"@type\":\"ListItem\",\"position\":2,\"name\":\"Endurosp\u00e5r\"}]},{\"@type\":\"WebSite\",\"@id\":\"https:\\\/\\\/waxjoms.se\\\/MC\\\/#website\",\"url\":\"https:\\\/\\\/waxjoms.se\\\/MC\\\/\",\"name\":\"W\u00e4xj\u00f6 Motors\u00e4llskap | Enduro\",\"description\":\"Enduroklubb i V\u00e4xj\u00f6\",\"publisher\":{\"@id\":\"https:\\\/\\\/waxjoms.se\\\/MC\\\/#organization\"},\"potentialAction\":[{\"@type\":\"SearchAction\",\"target\":{\"@type\":\"EntryPoint\",\"urlTemplate\":\"https:\\\/\\\/waxjoms.se\\\/MC\\\/?s={search_term_string}\"},\"query-input\":{\"@type\":\"PropertyValueSpecification\",\"valueRequired\":true,\"valueName\":\"search_term_string\"}}],\"inLanguage\":\"sv-SE\"},{\"@type\":\"Organization\",\"@id\":\"https:\\\/\\\/waxjoms.se\\\/MC\\\/#organization\",\"name\":\"W\u00e4xj\u00f6 Motors\u00e4llskap | Enduro\",\"url\":\"https:\\\/\\\/waxjoms.se\\\/MC\\\/\",\"logo\":{\"@type\":\"ImageObject\",\"inLanguage\":\"sv-SE\",\"@id\":\"https:\\\/\\\/waxjoms.se\\\/MC\\\/#\\\/schema\\\/logo\\\/image\\\/\",\"url\":\"https:\\\/\\\/waxjoms.se\\\/MC\\\/wp-content\\\/uploads\\\/2023\\\/01\\\/Waxjo-Motorsallskap-300x300-1.png\",\"contentUrl\":\"https:\\\/\\\/waxjoms.se\\\/MC\\\/wp-content\\\/uploads\\\/2023\\\/01\\\/Waxjo-Motorsallskap-300x300-1.png\",\"width\":300,\"height\":300,\"caption\":\"W\u00e4xj\u00f6 Motors\u00e4llskap | Enduro\"},\"image\":{\"@id\":\"https:\\\/\\\/waxjoms.se\\\/MC\\\/#\\\/schema\\\/logo\\\/image\\\/\"}}]}<\/script>\n<!-- \/ Yoast SEO plugin. -->","yoast_head_json":{"title":"Endurosp\u00e5r - W\u00e4xj\u00f6 Motors\u00e4llskap | Enduro","robots":{"index":"index","follow":"follow","max-snippet":"max-snippet:-1","max-image-preview":"max-image-preview:large","max-video-preview":"max-video-preview:-1"},"canonical":"https:\/\/waxjoms.se\/MC\/endurospar\/","og_locale":"sv_SE","og_type":"article","og_title":"Endurosp\u00e5r - W\u00e4xj\u00f6 Motors\u00e4llskap | Enduro","og_description":"V\u00e5ra endurosp\u00e5r Endurosp\u00e5ret i Tunatorp Vi f\u00f6rs\u00f6ker vara en enduroklubb f\u00f6r alla, b\u00e5de motions\u00e5kare och elit\u00e5kare. V\u00e5rt endurosp\u00e5r \u00e4r i Tunatorp nordv\u00e4st om flygplatsen. Hela sp\u00e5ret \u00e4r cirka 14km l\u00e5ngt. Det finns ocks\u00e5 en knattebana f\u00f6r 50cc och en enklare teknikbana vid klubbstugan. F\u00f6r regler om k\u00f6rning p\u00e5 teknikbanan =&gt; klicka h\u00e4r V\u00e5ra tr\u00e4ningsm\u00f6jligheter \u00e4r&hellip;&nbsp;L\u00e4s mer &raquo;Endurosp\u00e5r","og_url":"https:\/\/waxjoms.se\/MC\/endurospar\/","og_site_name":"W\u00e4xj\u00f6 Motors\u00e4llskap | Enduro","article_modified_time":"2023-12-27T20:59:02+00:00","og_image":[{"width":1920,"height":800,"url":"https:\/\/waxjoms.se\/MC\/wp-content\/uploads\/2022\/09\/herosektion-om-oss-1.jpg","type":"image\/jpeg"}],"twitter_card":"summary_large_image","twitter_misc":{"Ber\u00e4knad l\u00e4stid":"1 minut"},"schema":{"@context":"https:\/\/schema.org","@graph":[{"@type":"WebPage","@id":"https:\/\/waxjoms.se\/MC\/endurospar\/","url":"https:\/\/waxjoms.se\/MC\/endurospar\/","name":"Endurosp\u00e5r - W\u00e4xj\u00f6 Motors\u00e4llskap | Enduro","isPartOf":{"@id":"https:\/\/waxjoms.se\/MC\/#website"},"primaryImageOfPage":{"@id":"https:\/\/waxjoms.se\/MC\/endurospar\/#primaryimage"},"image":{"@id":"https:\/\/waxjoms.se\/MC\/endurospar\/#primaryimage"},"thumbnailUrl":"https:\/\/waxjoms.se\/MC\/wp-content\/uploads\/2022\/09\/herosektion-om-oss-1.jpg","datePublished":"2022-09-27T09:07:30+00:00","dateModified":"2023-12-27T20:59:02+00:00","breadcrumb":{"@id":"https:\/\/waxjoms.se\/MC\/endurospar\/#breadcrumb"},"inLanguage":"sv-SE","potentialAction":[{"@type":"ReadAction","target":["https:\/\/waxjoms.se\/MC\/endurospar\/"]}]},{"@type":"ImageObject","inLanguage":"sv-SE","@id":"https:\/\/waxjoms.se\/MC\/endurospar\/#primaryimage","url":"https:\/\/waxjoms.se\/MC\/wp-content\/uploads\/2022\/09\/herosektion-om-oss-1.jpg","contentUrl":"https:\/\/waxjoms.se\/MC\/wp-content\/uploads\/2022\/09\/herosektion-om-oss-1.jpg","width":1920,"height":800},{"@type":"BreadcrumbList","@id":"https:\/\/waxjoms.se\/MC\/endurospar\/#breadcrumb","itemListElement":[{"@type":"ListItem","position":1,"name":"Hem","item":"https:\/\/waxjoms.se\/MC\/"},{"@type":"ListItem","position":2,"name":"Endurosp\u00e5r"}]},{"@type":"WebSite","@id":"https:\/\/waxjoms.se\/MC\/#website","url":"https:\/\/waxjoms.se\/MC\/","name":"W\u00e4xj\u00f6 Motors\u00e4llskap | Enduro","description":"Enduroklubb i V\u00e4xj\u00f6","publisher":{"@id":"https:\/\/waxjoms.se\/MC\/#organization"},"potentialAction":[{"@type":"SearchAction","target":{"@type":"EntryPoint","urlTemplate":"https:\/\/waxjoms.se\/MC\/?s={search_term_string}"},"query-input":{"@type":"PropertyValueSpecification","valueRequired":true,"valueName":"search_term_string"}}],"inLanguage":"sv-SE"},{"@type":"Organization","@id":"https:\/\/waxjoms.se\/MC\/#organization","name":"W\u00e4xj\u00f6 Motors\u00e4llskap | Enduro","url":"https:\/\/waxjoms.se\/MC\/","logo":{"@type":"ImageObject","inLanguage":"sv-SE","@id":"https:\/\/waxjoms.se\/MC\/#\/schema\/logo\/image\/","url":"https:\/\/waxjoms.se\/MC\/wp-content\/uploads\/2023\/01\/Waxjo-Motorsallskap-300x300-1.png","contentUrl":"https:\/\/waxjoms.se\/MC\/wp-content\/uploads\/2023\/01\/Waxjo-Motorsallskap-300x300-1.png","width":300,"height":300,"caption":"W\u00e4xj\u00f6 Motors\u00e4llskap | Enduro"},"image":{"@id":"https:\/\/waxjoms.se\/MC\/#\/schema\/logo\/image\/"}}]}},"_links":{"self":[{"href":"https:\/\/waxjoms.se\/MC\/wp-json\/wp\/v2\/pages\/374","targetHints":{"allow":["GET"]}}],"collection":[{"href":"https:\/\/waxjoms.se\/MC\/wp-json\/wp\/v2\/pages"}],"about":[{"href":"https:\/\/waxjoms.se\/MC\/wp-json\/wp\/v2\/types\/page"}],"author":[{"embeddable":true,"href":"https:\/\/waxjoms.se\/MC\/wp-json\/wp\/v2\/users\/3"}],"replies":[{"embeddable":true,"href":"https:\/\/waxjoms.se\/MC\/wp-json\/wp\/v2\/comments?post=374"}],"version-history":[{"count":17,"href":"https:\/\/waxjoms.se\/MC\/wp-json\/wp\/v2\/pages\/374\/revisions"}],"predecessor-version":[{"id":7224,"href":"https:\/\/waxjoms.se\/MC\/wp-json\/wp\/v2\/pages\/374\/revisions\/7224"}],"wp:featuredmedia":[{"embeddable":true,"href":"https:\/\/waxjoms.se\/MC\/wp-json\/wp\/v2\/media\/73"}],"wp:attachment":[{"href":"https:\/\/waxjoms.se\/MC\/wp-json\/wp\/v2\/media?parent=374"}],"curies":[{"name":"wp","href":"https:\/\/api.w.org\/{rel}","templated":true}]}}