{"id":437,"date":"2022-12-12T11:29:10","date_gmt":"2022-12-12T10:29:10","guid":{"rendered":"http:\/\/waxjoms.kund.griffel.se\/MC_NEW\/?page_id=437"},"modified":"2023-03-30T20:26:22","modified_gmt":"2023-03-30T18:26:22","slug":"protokoll","status":"publish","type":"page","link":"https:\/\/waxjoms.se\/MC\/protokoll\/","title":{"rendered":"Protokoll"},"content":{"rendered":"\t\t<div data-elementor-type=\"wp-page\" data-elementor-id=\"437\" class=\"elementor elementor-437\">\n\t\t\t\t\t\t<section class=\"elementor-section elementor-top-section elementor-element elementor-element-6e290fdd elementor-section-boxed elementor-section-height-default elementor-section-height-default\" data-id=\"6e290fdd\" data-element_type=\"section\" data-e-type=\"section\">\n\t\t\t\t\t\t<div class=\"elementor-container elementor-column-gap-default\">\n\t\t\t\t\t<div class=\"elementor-column elementor-col-100 elementor-top-column elementor-element elementor-element-2dc953ee\" data-id=\"2dc953ee\" data-element_type=\"column\" data-e-type=\"column\">\n\t\t\t<div class=\"elementor-widget-wrap elementor-element-populated\">\n\t\t\t\t\t\t<div class=\"elementor-element elementor-element-03fe39b elementor-widget elementor-widget-heading\" data-id=\"03fe39b\" data-element_type=\"widget\" data-e-type=\"widget\" data-widget_type=\"heading.default\">\n\t\t\t\t<div class=\"elementor-widget-container\">\n\t\t\t\t\t<h1 class=\"elementor-heading-title elementor-size-default\">Protokoll<\/h1>\t\t\t\t<\/div>\n\t\t\t\t<\/div>\n\t\t\t\t<div class=\"elementor-element elementor-element-9640a65 elementor-widget elementor-widget-spacer\" data-id=\"9640a65\" data-element_type=\"widget\" data-e-type=\"widget\" data-widget_type=\"spacer.default\">\n\t\t\t\t<div class=\"elementor-widget-container\">\n\t\t\t\t\t\t\t<div class=\"elementor-spacer\">\n\t\t\t<div class=\"elementor-spacer-inner\"><\/div>\n\t\t<\/div>\n\t\t\t\t\t\t<\/div>\n\t\t\t\t<\/div>\n\t\t\t\t<div class=\"elementor-element elementor-element-b046b9f elementor-widget elementor-widget-text-editor\" data-id=\"b046b9f\" data-element_type=\"widget\" data-e-type=\"widget\" data-widget_type=\"text-editor.default\">\n\t\t\t\t<div class=\"elementor-widget-container\">\n\t\t\t\t\t\t\t\t\t<h4>Senaste protokollen<\/h4>\t\t\t\t\t\t\t\t<\/div>\n\t\t\t\t<\/div>\n\t\t\t\t\t<\/div>\n\t\t<\/div>\n\t\t\t\t\t<\/div>\n\t\t<\/section>\n\t\t\t\t<section class=\"elementor-section elementor-top-section elementor-element elementor-element-c690ea5 elementor-section-boxed elementor-section-height-default elementor-section-height-default\" data-id=\"c690ea5\" data-element_type=\"section\" data-e-type=\"section\">\n\t\t\t\t\t\t<div class=\"elementor-container elementor-column-gap-default\">\n\t\t\t\t\t<div class=\"elementor-column elementor-col-100 elementor-top-column elementor-element elementor-element-7949fee\" data-id=\"7949fee\" data-element_type=\"column\" data-e-type=\"column\">\n\t\t\t<div class=\"elementor-widget-wrap elementor-element-populated\">\n\t\t\t\t\t\t<div class=\"elementor-element elementor-element-3a8be5c elementor-widget elementor-widget-text-editor\" data-id=\"3a8be5c\" data-element_type=\"widget\" data-e-type=\"widget\" data-widget_type=\"text-editor.default\">\n\t\t\t\t<div class=\"elementor-widget-container\">\n\t\t\t\t\t\t\t\t\t<p><a href=\"https:\/\/docs.google.com\/file\/d\/1iPdjAkRXUi-7FUmDHoB4_qAGOr8lJGfW\/edit?usp=docslist_api&amp;filetype=msword\" target=\"_blank\" rel=\"noopener noreferrer\">=&gt;klicka h\u00e4r f\u00f6r senaste anteckningarna 23\/3 2023<\/a><\/p><p><a href=\"http:\/\/waxjoms.kund.griffel.se\/MC_NEW\/wp-content\/uploads\/2022\/12\/WMS-Enduro-Styrelsemote-20200422.pdf\" target=\"_blank\" rel=\"noopener noreferrer\">=&gt;klicka h\u00e4r f\u00f6r senaste anteckningarna 22\/4 2020<\/a><\/p><p><a href=\"https:\/\/docs.google.com\/presentation\/d\/e\/2PACX-1vTuANn4fvMokhgv46ou5jGggFb-e0t5zk3xKCEn3Tac3ODyVAtt6B2nqBD6Xurd3Fu9e-VQbqc9d-hW\/pub?start=false&amp;amp;loop=false&amp;amp;delayms=3000\" target=\"_blank\" rel=\"noopener noreferrer\">=&gt;klicka h\u00e4r f\u00f6r senaste anteckningarna 26\/3 2019<\/a><\/p>\t\t\t\t\t\t\t\t<\/div>\n\t\t\t\t<\/div>\n\t\t\t\t\t<\/div>\n\t\t<\/div>\n\t\t\t\t\t<\/div>\n\t\t<\/section>\n\t\t\t\t<\/div>\n\t\t","protected":false},"excerpt":{"rendered":"<p>Protokoll Senaste protokollen =&gt;klicka h\u00e4r f\u00f6r senaste anteckningarna 23\/3 2023 =&gt;klicka h\u00e4r f\u00f6r senaste anteckningarna 22\/4 2020 =&gt;klicka h\u00e4r f\u00f6r senaste anteckningarna 26\/3 2019<\/p>\n","protected":false},"author":3,"featured_media":73,"parent":0,"menu_order":0,"comment_status":"closed","ping_status":"closed","template":"","meta":{"neve_meta_sidebar":"full-width","neve_meta_container":"","neve_meta_enable_content_width":"on","neve_meta_content_width":100,"neve_meta_title_alignment":"","neve_meta_author_avatar":"","neve_post_elements_order":"","neve_meta_disable_header":"","neve_meta_disable_footer":"","neve_meta_disable_title":"","footnotes":""},"class_list":["post-437","page","type-page","status-publish","has-post-thumbnail","hentry"],"yoast_head":"<!-- This site is optimized with the Yoast SEO plugin v27.4 - https:\/\/yoast.com\/product\/yoast-seo-wordpress\/ -->\n<title>Protokoll - W\u00e4xj\u00f6 Motors\u00e4llskap | Enduro<\/title>\n<meta name=\"robots\" content=\"index, follow, max-snippet:-1, max-image-preview:large, max-video-preview:-1\" \/>\n<link rel=\"canonical\" href=\"https:\/\/waxjoms.se\/MC\/protokoll\/\" \/>\n<meta property=\"og:locale\" content=\"sv_SE\" \/>\n<meta property=\"og:type\" content=\"article\" \/>\n<meta property=\"og:title\" content=\"Protokoll - W\u00e4xj\u00f6 Motors\u00e4llskap | Enduro\" \/>\n<meta property=\"og:description\" content=\"Protokoll Senaste protokollen =&gt;klicka h\u00e4r f\u00f6r senaste anteckningarna 23\/3 2023 =&gt;klicka h\u00e4r f\u00f6r senaste anteckningarna 22\/4 2020 =&gt;klicka h\u00e4r f\u00f6r senaste anteckningarna 26\/3 2019\" \/>\n<meta property=\"og:url\" content=\"https:\/\/waxjoms.se\/MC\/protokoll\/\" \/>\n<meta property=\"og:site_name\" content=\"W\u00e4xj\u00f6 Motors\u00e4llskap | Enduro\" \/>\n<meta property=\"article:modified_time\" content=\"2023-03-30T18:26:22+00:00\" \/>\n<meta property=\"og:image\" content=\"https:\/\/waxjoms.se\/MC\/wp-content\/uploads\/2022\/09\/herosektion-om-oss-1.jpg\" \/>\n\t<meta property=\"og:image:width\" content=\"1920\" \/>\n\t<meta property=\"og:image:height\" content=\"800\" \/>\n\t<meta property=\"og:image:type\" content=\"image\/jpeg\" \/>\n<meta name=\"twitter:card\" content=\"summary_large_image\" \/>\n<script type=\"application\/ld+json\" class=\"yoast-schema-graph\">{\"@context\":\"https:\\\/\\\/schema.org\",\"@graph\":[{\"@type\":\"WebPage\",\"@id\":\"https:\\\/\\\/waxjoms.se\\\/MC\\\/protokoll\\\/\",\"url\":\"https:\\\/\\\/waxjoms.se\\\/MC\\\/protokoll\\\/\",\"name\":\"Protokoll - W\u00e4xj\u00f6 Motors\u00e4llskap | Enduro\",\"isPartOf\":{\"@id\":\"https:\\\/\\\/waxjoms.se\\\/MC\\\/#website\"},\"primaryImageOfPage\":{\"@id\":\"https:\\\/\\\/waxjoms.se\\\/MC\\\/protokoll\\\/#primaryimage\"},\"image\":{\"@id\":\"https:\\\/\\\/waxjoms.se\\\/MC\\\/protokoll\\\/#primaryimage\"},\"thumbnailUrl\":\"https:\\\/\\\/waxjoms.se\\\/MC\\\/wp-content\\\/uploads\\\/2022\\\/09\\\/herosektion-om-oss-1.jpg\",\"datePublished\":\"2022-12-12T10:29:10+00:00\",\"dateModified\":\"2023-03-30T18:26:22+00:00\",\"breadcrumb\":{\"@id\":\"https:\\\/\\\/waxjoms.se\\\/MC\\\/protokoll\\\/#breadcrumb\"},\"inLanguage\":\"sv-SE\",\"potentialAction\":[{\"@type\":\"ReadAction\",\"target\":[\"https:\\\/\\\/waxjoms.se\\\/MC\\\/protokoll\\\/\"]}]},{\"@type\":\"ImageObject\",\"inLanguage\":\"sv-SE\",\"@id\":\"https:\\\/\\\/waxjoms.se\\\/MC\\\/protokoll\\\/#primaryimage\",\"url\":\"https:\\\/\\\/waxjoms.se\\\/MC\\\/wp-content\\\/uploads\\\/2022\\\/09\\\/herosektion-om-oss-1.jpg\",\"contentUrl\":\"https:\\\/\\\/waxjoms.se\\\/MC\\\/wp-content\\\/uploads\\\/2022\\\/09\\\/herosektion-om-oss-1.jpg\",\"width\":1920,\"height\":800},{\"@type\":\"BreadcrumbList\",\"@id\":\"https:\\\/\\\/waxjoms.se\\\/MC\\\/protokoll\\\/#breadcrumb\",\"itemListElement\":[{\"@type\":\"ListItem\",\"position\":1,\"name\":\"Hem\",\"item\":\"https:\\\/\\\/waxjoms.se\\\/MC\\\/\"},{\"@type\":\"ListItem\",\"position\":2,\"name\":\"Protokoll\"}]},{\"@type\":\"WebSite\",\"@id\":\"https:\\\/\\\/waxjoms.se\\\/MC\\\/#website\",\"url\":\"https:\\\/\\\/waxjoms.se\\\/MC\\\/\",\"name\":\"W\u00e4xj\u00f6 Motors\u00e4llskap | Enduro\",\"description\":\"Enduroklubb i V\u00e4xj\u00f6\",\"publisher\":{\"@id\":\"https:\\\/\\\/waxjoms.se\\\/MC\\\/#organization\"},\"potentialAction\":[{\"@type\":\"SearchAction\",\"target\":{\"@type\":\"EntryPoint\",\"urlTemplate\":\"https:\\\/\\\/waxjoms.se\\\/MC\\\/?s={search_term_string}\"},\"query-input\":{\"@type\":\"PropertyValueSpecification\",\"valueRequired\":true,\"valueName\":\"search_term_string\"}}],\"inLanguage\":\"sv-SE\"},{\"@type\":\"Organization\",\"@id\":\"https:\\\/\\\/waxjoms.se\\\/MC\\\/#organization\",\"name\":\"W\u00e4xj\u00f6 Motors\u00e4llskap | Enduro\",\"url\":\"https:\\\/\\\/waxjoms.se\\\/MC\\\/\",\"logo\":{\"@type\":\"ImageObject\",\"inLanguage\":\"sv-SE\",\"@id\":\"https:\\\/\\\/waxjoms.se\\\/MC\\\/#\\\/schema\\\/logo\\\/image\\\/\",\"url\":\"https:\\\/\\\/waxjoms.se\\\/MC\\\/wp-content\\\/uploads\\\/2023\\\/01\\\/Waxjo-Motorsallskap-300x300-1.png\",\"contentUrl\":\"https:\\\/\\\/waxjoms.se\\\/MC\\\/wp-content\\\/uploads\\\/2023\\\/01\\\/Waxjo-Motorsallskap-300x300-1.png\",\"width\":300,\"height\":300,\"caption\":\"W\u00e4xj\u00f6 Motors\u00e4llskap | Enduro\"},\"image\":{\"@id\":\"https:\\\/\\\/waxjoms.se\\\/MC\\\/#\\\/schema\\\/logo\\\/image\\\/\"}}]}<\/script>\n<!-- \/ Yoast SEO plugin. -->","yoast_head_json":{"title":"Protokoll - W\u00e4xj\u00f6 Motors\u00e4llskap | Enduro","robots":{"index":"index","follow":"follow","max-snippet":"max-snippet:-1","max-image-preview":"max-image-preview:large","max-video-preview":"max-video-preview:-1"},"canonical":"https:\/\/waxjoms.se\/MC\/protokoll\/","og_locale":"sv_SE","og_type":"article","og_title":"Protokoll - W\u00e4xj\u00f6 Motors\u00e4llskap | Enduro","og_description":"Protokoll Senaste protokollen =&gt;klicka h\u00e4r f\u00f6r senaste anteckningarna 23\/3 2023 =&gt;klicka h\u00e4r f\u00f6r senaste anteckningarna 22\/4 2020 =&gt;klicka h\u00e4r f\u00f6r senaste anteckningarna 26\/3 2019","og_url":"https:\/\/waxjoms.se\/MC\/protokoll\/","og_site_name":"W\u00e4xj\u00f6 Motors\u00e4llskap | Enduro","article_modified_time":"2023-03-30T18:26:22+00:00","og_image":[{"width":1920,"height":800,"url":"https:\/\/waxjoms.se\/MC\/wp-content\/uploads\/2022\/09\/herosektion-om-oss-1.jpg","type":"image\/jpeg"}],"twitter_card":"summary_large_image","schema":{"@context":"https:\/\/schema.org","@graph":[{"@type":"WebPage","@id":"https:\/\/waxjoms.se\/MC\/protokoll\/","url":"https:\/\/waxjoms.se\/MC\/protokoll\/","name":"Protokoll - W\u00e4xj\u00f6 Motors\u00e4llskap | Enduro","isPartOf":{"@id":"https:\/\/waxjoms.se\/MC\/#website"},"primaryImageOfPage":{"@id":"https:\/\/waxjoms.se\/MC\/protokoll\/#primaryimage"},"image":{"@id":"https:\/\/waxjoms.se\/MC\/protokoll\/#primaryimage"},"thumbnailUrl":"https:\/\/waxjoms.se\/MC\/wp-content\/uploads\/2022\/09\/herosektion-om-oss-1.jpg","datePublished":"2022-12-12T10:29:10+00:00","dateModified":"2023-03-30T18:26:22+00:00","breadcrumb":{"@id":"https:\/\/waxjoms.se\/MC\/protokoll\/#breadcrumb"},"inLanguage":"sv-SE","potentialAction":[{"@type":"ReadAction","target":["https:\/\/waxjoms.se\/MC\/protokoll\/"]}]},{"@type":"ImageObject","inLanguage":"sv-SE","@id":"https:\/\/waxjoms.se\/MC\/protokoll\/#primaryimage","url":"https:\/\/waxjoms.se\/MC\/wp-content\/uploads\/2022\/09\/herosektion-om-oss-1.jpg","contentUrl":"https:\/\/waxjoms.se\/MC\/wp-content\/uploads\/2022\/09\/herosektion-om-oss-1.jpg","width":1920,"height":800},{"@type":"BreadcrumbList","@id":"https:\/\/waxjoms.se\/MC\/protokoll\/#breadcrumb","itemListElement":[{"@type":"ListItem","position":1,"name":"Hem","item":"https:\/\/waxjoms.se\/MC\/"},{"@type":"ListItem","position":2,"name":"Protokoll"}]},{"@type":"WebSite","@id":"https:\/\/waxjoms.se\/MC\/#website","url":"https:\/\/waxjoms.se\/MC\/","name":"W\u00e4xj\u00f6 Motors\u00e4llskap | Enduro","description":"Enduroklubb i V\u00e4xj\u00f6","publisher":{"@id":"https:\/\/waxjoms.se\/MC\/#organization"},"potentialAction":[{"@type":"SearchAction","target":{"@type":"EntryPoint","urlTemplate":"https:\/\/waxjoms.se\/MC\/?s={search_term_string}"},"query-input":{"@type":"PropertyValueSpecification","valueRequired":true,"valueName":"search_term_string"}}],"inLanguage":"sv-SE"},{"@type":"Organization","@id":"https:\/\/waxjoms.se\/MC\/#organization","name":"W\u00e4xj\u00f6 Motors\u00e4llskap | Enduro","url":"https:\/\/waxjoms.se\/MC\/","logo":{"@type":"ImageObject","inLanguage":"sv-SE","@id":"https:\/\/waxjoms.se\/MC\/#\/schema\/logo\/image\/","url":"https:\/\/waxjoms.se\/MC\/wp-content\/uploads\/2023\/01\/Waxjo-Motorsallskap-300x300-1.png","contentUrl":"https:\/\/waxjoms.se\/MC\/wp-content\/uploads\/2023\/01\/Waxjo-Motorsallskap-300x300-1.png","width":300,"height":300,"caption":"W\u00e4xj\u00f6 Motors\u00e4llskap | Enduro"},"image":{"@id":"https:\/\/waxjoms.se\/MC\/#\/schema\/logo\/image\/"}}]}},"_links":{"self":[{"href":"https:\/\/waxjoms.se\/MC\/wp-json\/wp\/v2\/pages\/437","targetHints":{"allow":["GET"]}}],"collection":[{"href":"https:\/\/waxjoms.se\/MC\/wp-json\/wp\/v2\/pages"}],"about":[{"href":"https:\/\/waxjoms.se\/MC\/wp-json\/wp\/v2\/types\/page"}],"author":[{"embeddable":true,"href":"https:\/\/waxjoms.se\/MC\/wp-json\/wp\/v2\/users\/3"}],"replies":[{"embeddable":true,"href":"https:\/\/waxjoms.se\/MC\/wp-json\/wp\/v2\/comments?post=437"}],"version-history":[{"count":10,"href":"https:\/\/waxjoms.se\/MC\/wp-json\/wp\/v2\/pages\/437\/revisions"}],"predecessor-version":[{"id":7036,"href":"https:\/\/waxjoms.se\/MC\/wp-json\/wp\/v2\/pages\/437\/revisions\/7036"}],"wp:featuredmedia":[{"embeddable":true,"href":"https:\/\/waxjoms.se\/MC\/wp-json\/wp\/v2\/media\/73"}],"wp:attachment":[{"href":"https:\/\/waxjoms.se\/MC\/wp-json\/wp\/v2\/media?parent=437"}],"curies":[{"name":"wp","href":"https:\/\/api.w.org\/{rel}","templated":true}]}}