{"id":511,"date":"2022-12-12T12:07:04","date_gmt":"2022-12-12T11:07:04","guid":{"rendered":"http:\/\/waxjoms.kund.griffel.se\/MC_NEW\/?page_id=511"},"modified":"2025-12-15T13:39:08","modified_gmt":"2025-12-15T12:39:08","slug":"traningsvard","status":"publish","type":"page","link":"https:\/\/waxjoms.se\/MC\/traningsvard\/","title":{"rendered":"Tr\u00e4ningsv\u00e4rd"},"content":{"rendered":"\t\t<div data-elementor-type=\"wp-page\" data-elementor-id=\"511\" class=\"elementor elementor-511\">\n\t\t\t\t\t\t<section class=\"elementor-section elementor-top-section elementor-element elementor-element-6e290fdd elementor-section-boxed elementor-section-height-default elementor-section-height-default\" data-id=\"6e290fdd\" data-element_type=\"section\" data-e-type=\"section\">\n\t\t\t\t\t\t<div class=\"elementor-container elementor-column-gap-default\">\n\t\t\t\t\t<div class=\"elementor-column elementor-col-100 elementor-top-column elementor-element elementor-element-2dc953ee\" data-id=\"2dc953ee\" data-element_type=\"column\" data-e-type=\"column\">\n\t\t\t<div class=\"elementor-widget-wrap elementor-element-populated\">\n\t\t\t\t\t\t<div class=\"elementor-element elementor-element-03fe39b elementor-widget elementor-widget-heading\" data-id=\"03fe39b\" data-element_type=\"widget\" data-e-type=\"widget\" data-widget_type=\"heading.default\">\n\t\t\t\t<div class=\"elementor-widget-container\">\n\t\t\t\t\t<h1 class=\"elementor-heading-title elementor-size-default\">Tr\u00e4ningsv\u00e4rd<\/h1>\t\t\t\t<\/div>\n\t\t\t\t<\/div>\n\t\t\t\t<div class=\"elementor-element elementor-element-9640a65 elementor-widget elementor-widget-spacer\" data-id=\"9640a65\" data-element_type=\"widget\" data-e-type=\"widget\" data-widget_type=\"spacer.default\">\n\t\t\t\t<div class=\"elementor-widget-container\">\n\t\t\t\t\t\t\t<div class=\"elementor-spacer\">\n\t\t\t<div class=\"elementor-spacer-inner\"><\/div>\n\t\t<\/div>\n\t\t\t\t\t\t<\/div>\n\t\t\t\t<\/div>\n\t\t\t\t<div class=\"elementor-element elementor-element-3a8be5c elementor-widget elementor-widget-text-editor\" data-id=\"3a8be5c\" data-element_type=\"widget\" data-e-type=\"widget\" data-widget_type=\"text-editor.default\">\n\t\t\t\t<div class=\"elementor-widget-container\">\n\t\t\t\t\t\t\t\t\t<h4><span style=\"color: #000000; font-family: var( --e-global-typography-text-font-family ), Sans-serif; font-weight: var( --e-global-typography-text-font-weight ); font-size: var(--bodyFontSize); letter-spacing: var(--bodyLetterSpacing); text-transform: var(--bodyTextTransform); background-color: var(--nv-site-bg);\">Tr\u00e4ningsv\u00e4rdens roll \u00e4r bla att ta hand om nya och\/eller tillresta endurof\u00f6rare och g\u00e4stf\u00f6rare.<\/span><\/h4>\n<p><span style=\"color: #000000;\">Detta g\u00f6r att vid de andra tv\u00e5 tr\u00e4ningsdagarna i veckan r\u00e4cker det f\u00f6r tr\u00e4ningsv\u00e4rden att \u00f6ppna och st\u00e4nga i Tunatorp. Vilket i sin tur inneb\u00e4r att det bara beh\u00f6vs en tr\u00e4ningsv\u00e4rd, som d\u00e5 \u00e4ven kan k\u00f6ra sj\u00e4lv dessa dagar. K\u00f6ra sj\u00e4lv inneb\u00e4r i detta sammanhang att det \u00e4nd\u00e5 m\u00e5ste finns minst en person till p\u00e5 plats av s\u00e4kerhetssk\u00e4l.<\/span><\/p>\n<p><span style=\"color: #000000;\">F\u00f6r att f\u00e5 tr\u00e4na vid dessa tillf\u00e4llen g\u00e4ller, f\u00f6rutom licens, betald medlemsavgift samt tr\u00e4ningsavgift till W\u00e4xj\u00f6 MS.<\/span><\/p>\n<p><span style=\"color: #000000;\">P\u00e5 l\u00f6rdagar d\u00e5 vi v\u00e4lkomnar g\u00e4stf\u00f6rare vill vi ha tv\u00e5 tr\u00e4ningsv\u00e4rdar p\u00e5 plats, d\u00e5 det alltid ska finnas n\u00e5gon med tr\u00e4ningsv\u00e4st i dep\u00e5n. De kan byta av varandra f\u00f6r att \u00e4ven kunna f\u00e5 lite k\u00f6rtid sj\u00e4lva. Tr\u00e4ningsv\u00e4rd under dessa tillf\u00e4llen kommer att tilldelas de som l\u00f6st tr\u00e4ningsavgiften. Det kommer r\u00f6ra sig om ett f\u00e5tal tillf\u00e4llen per \u00e5r. Skulle det datum man f\u00e5tt sig tilldelat inte alls fungera s\u00e5 ansvara man sj\u00e4lv f\u00f6r att byta med n\u00e5gon annan. Jobbigt om man f\u00e5r en tid mitt under semestern t\u00e4nker ni nu\u2026men under semesterperioden slutet Juni, Juli och b\u00f6rjan Augusti blir ingen tilldelad n\u00e5got datum. Under denna period, d\u00e5 g\u00e4stf\u00f6rare v\u00e4lkomnas p\u00e5 l\u00f6rdagar, g\u00e4ller tr\u00e4ningslistan, d\u00e5 kalendern sannolikt ej kommer vara uppdaterad.&nbsp;<br><\/span><span style=\"color: #000000; font-family: var( --e-global-typography-text-font-family ), Sans-serif; font-weight: var( --e-global-typography-text-font-weight ); background-color: var(--nv-site-bg); font-size: var(--bodyFontSize); letter-spacing: var(--bodyLetterSpacing); text-transform: var(--bodyTextTransform);\">Man kan vara ensam tr\u00e4ningsv\u00e4rd men d\u00e5 f\u00e5r man inte k\u00f6ra.<\/span><\/p>\n<p><span style=\"color: #000000;\">En l\u00e4nk till listan \u00f6ver de som f\u00e5tt sig ett datum tilldelat \u00e5terfinns ovan kalendern p\u00e5 hemsidan.&nbsp;<\/span><\/p>\n<p><span style=\"color: #000000;\">Sammanfattningsvis kommer det att se ut som f\u00f6ljande schema:<\/span><\/p>\n<p><span style=\"color: #000000;\"><strong>Sommartid<\/strong><\/span><br><span style=\"color: #000000;\">Tisdag 17:00 \u2013 20:00 k\u00f6rande tr\u00e4ningsv\u00e4rd, skriver upp sig via hemsidan<\/span><br><span style=\"color: #000000;\">Torsdag 17:00 \u2013 20:00 k\u00f6rande tr\u00e4ningsv\u00e4rd, skriver upp sig via hemsidan<\/span><br><span style=\"color: #000000;\">L\u00f6rdag 10:00 \u2013 15:00 tilldelad tr\u00e4ningsv\u00e4rd, 2st per tillf\u00e4lle.<\/span><\/p>\n<p><span style=\"color: #000000;\"><strong>Period utan fastst\u00e4lld tr\u00e4ningsv\u00e4rdslista (slutet Juni, Juli och b\u00f6rjan Augusti)<\/strong><\/span><br><span style=\"color: #000000;\">Tisdag 17:00 \u2013 20:00 k\u00f6rande tr\u00e4ningsv\u00e4rd, skriver upp sig via hemsidan<\/span><br><span style=\"color: #000000;\">Torsdag 17:00 \u2013 20:00 k\u00f6rande tr\u00e4ningsv\u00e4rd, skriver upp sig via hemsidan<\/span><br><span style=\"color: #000000;\">L\u00f6rdag 10:00 \u2013 15:00 tr\u00e4ningsv\u00e4rd skriver upp sig via hemsidan, 2st per tillf\u00e4lle<\/span><\/p>\n<p><span style=\"color: #000000;\"><strong>Vintertid<\/strong><\/span><br><span style=\"color: #000000;\">Torsdag 17:00 \u2013 20:00 k\u00f6rande tr\u00e4ningsv\u00e4rd, skriver upp sig via hemsidan<\/span><br><span style=\"color: #000000;\">L\u00f6rdag 10:00 \u2013 15:00 tilldelad tr\u00e4ningsv\u00e4rd, 2st per tillf\u00e4lle<\/span><br><span style=\"color: #000000;\">S\u00f6ndag 12:00 \u2013 15:00 k\u00f6rande tr\u00e4ningsv\u00e4rd, skriver upp sig via hemsidan<\/span><\/p>\n<h4><span style=\"color: #000000;\">G\u00e4stf\u00f6rare \u00e4r v\u00e4lkomna p\u00e5 l\u00f6rdagar om Tr\u00e4ningsv\u00e4rd finns (kalendern \/ Tr\u00e4ningslista)<\/span><\/h4>\n<p><a href=\"http:\/\/www.waxjoms.se\/mc\/traning\/kalender\/\">=&gt; Klicka h\u00e4r f\u00f6r att komma till kalendern<\/a><\/p>\n<h4><span style=\"color: #000000;\">Anvisning tr\u00e4ningsv\u00e4rd<\/span><br><span style=\"color: #000000;\">Som tr\u00e4ningsv\u00e4rd har du till uppgift att:<\/span><\/h4>\n<ul>\n<li><p class=\"MsoNormal\"><span style=\"font-family:&quot;Calibri&quot;,sans-serif;mso-fareast-font-family:\n&quot;Times New Roman&quot;;color:black\">Som tr\u00e4ningsv\u00e4rd ansvarar du f\u00f6r att:<o:p><\/o:p><\/span><\/p>\n\n<ul style=\"margin-top:0cm\" type=\"disc\">\n <li class=\"MsoNormal\" style=\"color:black;margin-bottom:8.0pt;line-height:106%;\n     mso-list:l0 level1 lfo1;tab-stops:list 36.0pt\"><span style=\"font-family:\n     &quot;Calibri&quot;,sans-serif;mso-fareast-font-family:&quot;Times New Roman&quot;\">Infinna\n     dig vid banan <b>20 minuter innan tr\u00e4ningen b\u00f6rjar<\/b>.<o:p><\/o:p><\/span><\/li>\n <li class=\"MsoNormal\" style=\"color:black;margin-bottom:8.0pt;line-height:106%;\n     mso-list:l0 level1 lfo1;tab-stops:list 36.0pt\"><span style=\"font-family:\n     &quot;Calibri&quot;,sans-serif;mso-fareast-font-family:&quot;Times New Roman&quot;\">H\u00e4mta och\n     b\u00e4ra <b>tr\u00e4ningsv\u00e4rdsv\u00e4sten<\/b>.<o:p><\/o:p><\/span><\/li>\n <li class=\"elementtoproof\" style=\"color:black;margin-top:0cm;margin-bottom:8.0pt;\n     line-height:106%;mso-list:l0 level1 lfo1;tab-stops:list 36.0pt\"><span style=\"font-family:&quot;Calibri&quot;,sans-serif;mso-fareast-font-family:&quot;Times New Roman&quot;\">S\u00e4tta\n     upp och ta bort <b>kedjan vid r\u00e4ddningsv\u00e4g XX<\/b>.<o:p><\/o:p><\/span><\/li>\n <li class=\"MsoNormal\" style=\"color:black;margin-bottom:8.0pt;line-height:106%;\n     mso-list:l0 level1 lfo1;tab-stops:list 36.0pt\"><span style=\"font-family:\n     &quot;Calibri&quot;,sans-serif;mso-fareast-font-family:&quot;Times New Roman&quot;\">Kontrollera\n     att <b>milj\u00f6mattor anv\u00e4nds<\/b>.<o:p><\/o:p><\/span><\/li>\n <li class=\"MsoNormal\" style=\"color:black;margin-bottom:8.0pt;line-height:106%;\n     mso-list:l0 level1 lfo1;tab-stops:list 36.0pt\"><span style=\"font-family:\n     &quot;Calibri&quot;,sans-serif;mso-fareast-font-family:&quot;Times New Roman&quot;\">Kontrollera\n     att <b>f\u00f6rare \u00e4r incheckade i Gobraap<\/b>.<o:p><\/o:p><\/span><\/li>\n <li class=\"elementtoproof\" style=\"color:black;margin-top:0cm;margin-bottom:8.0pt;\n     line-height:106%;mso-list:l0 level1 lfo1;tab-stops:list 36.0pt\"><span style=\"font-family:&quot;Calibri&quot;,sans-serif;mso-fareast-font-family:&quot;Times New Roman&quot;\">Ta\n     hand om <b>g\u00e4stf\u00f6rare<\/b>&nbsp;och se till att tr\u00e4ningsavgiften betalas\n     (swish).<o:p><\/o:p><\/span><\/li>\n <li class=\"MsoNormal\" style=\"color:black;margin-bottom:8.0pt;line-height:106%;\n     mso-list:l0 level1 lfo1;tab-stops:list 36.0pt\"><span style=\"font-family:\n     &quot;Calibri&quot;,sans-serif;mso-fareast-font-family:&quot;Times New Roman&quot;\">P\u00e5 <b>teknikbanan\n     (crossbanan)<\/b>&nbsp;se till att stora och sm\u00e5 motorcyklar inte k\u00f6r\n     samtidigt. Sm\u00e5 hojar k\u00f6r alltid <b>fr\u00e5n hel timme till halv timme<\/b>. (Se\n     mer under \u201dK\u00f6rning p\u00e5 teknikbanan\u201d.)<o:p><\/o:p><\/span><\/li>\n <li class=\"MsoNormal\" style=\"color:black;margin-bottom:8.0pt;line-height:106%;\n     mso-list:l0 level1 lfo1;tab-stops:list 36.0pt\"><span style=\"font-family:\n     &quot;Calibri&quot;,sans-serif;mso-fareast-font-family:&quot;Times New Roman&quot;\">Avbryta\n     tr\u00e4ningen om det finns <b>risk f\u00f6r fara<\/b>&nbsp;(skadad f\u00f6rare i sp\u00e5ret\n     eller annan incident).<o:p><\/o:p><\/span><\/li>\n <li class=\"MsoNormal\" style=\"color:black;margin-bottom:8.0pt;line-height:106%;\n     mso-list:l0 level1 lfo1;tab-stops:list 36.0pt\"><span style=\"font-family:\n     &quot;Calibri&quot;,sans-serif;mso-fareast-font-family:&quot;Times New Roman&quot;\">Vid\n     olycka, <b>tillkalla ambulans\/sjukv\u00e5rdare<\/b>&nbsp;enligt rutinerna ovan.<o:p><\/o:p><\/span><\/li>\n <li class=\"MsoNormal\" style=\"color:black;margin-bottom:8.0pt;line-height:106%;\n     mso-list:l0 level1 lfo1;tab-stops:list 36.0pt\"><span style=\"font-family:\n     &quot;Calibri&quot;,sans-serif;mso-fareast-font-family:&quot;Times New Roman&quot;\">S\u00e4kerst\u00e4lla\n     att olyckan <b>rapporteras via olycksrapporteringsformul\u00e4ret<\/b>&nbsp;p\u00e5\n     hemsidan (\u201dEndurok\u00f6rning\/Olycksrapportering\u201d).<o:p><\/o:p><\/span><\/li>\n <li class=\"MsoNormal\" style=\"color:black;margin-bottom:8.0pt;line-height:106%;\n     mso-list:l0 level1 lfo1;tab-stops:list 36.0pt\"><b><span style=\"font-family:\n     &quot;Calibri&quot;,sans-serif;mso-fareast-font-family:&quot;Times New Roman&quot;\">St\u00e4da\n     stugan<\/span><\/b><span style=\"font-family:&quot;Calibri&quot;,sans-serif;mso-fareast-font-family:\n     &quot;Times New Roman&quot;\">, l\u00e5sa samt kontrollera parkeringen efter avslutad\n     tr\u00e4ning.<o:p><\/o:p><\/span><\/li>\n <li class=\"MsoNormal\" style=\"color:black;margin-bottom:8.0pt;line-height:106%;\n     mso-list:l0 level1 lfo1;tab-stops:list 36.0pt\"><span style=\"font-family:\n     &quot;Calibri&quot;,sans-serif;mso-fareast-font-family:&quot;Times New Roman&quot;\">Vid behov <b>klippa\n     gr\u00e4set runt klubbstuga och parkering<\/b>.<o:p><\/o:p><\/span><\/li>\n <li class=\"MsoNormal\" style=\"color:black;margin-bottom:8.0pt;line-height:106%;\n     mso-list:l0 level1 lfo1;tab-stops:list 36.0pt\"><b><span style=\"font-family:\n     &quot;Calibri&quot;,sans-serif;mso-fareast-font-family:&quot;Times New Roman&quot;\">T\u00f6mma\n     soporna<\/span><\/b><span style=\"font-family:&quot;Calibri&quot;,sans-serif;\n     mso-fareast-font-family:&quot;Times New Roman&quot;\">.<o:p><\/o:p><\/span><\/li>\n<\/ul>\n\n<div class=\"MsoNormal\" align=\"center\" style=\"text-align:center\">\n\n<hr size=\"2\" width=\"100%\" align=\"center\">\n\n<\/div><\/li>\n<\/ul>\n<h4>&nbsp;<\/h4>\n<h4><span style=\"color: #000000;\">Som tr\u00e4ningsv\u00e4rd har du befogenhet att:<\/span><\/h4>\n<ul>\n<li><span style=\"color: #000000;\">Vinka av f\u00f6rare som utg\u00f6r fara f\u00f6r andra.<\/span><\/li>\n<li><span style=\"color: #000000;\">St\u00e4nga av enskilda f\u00f6rare fr\u00e5n dagens tr\u00e4ning vilka inte efterlever klubbens ordningsregler eller tr\u00e4ningsv\u00e4rdens anvisningar.<\/span><\/li>\n<\/ul>\n<h4>&nbsp;<\/h4>\n<h4><span style=\"color: #000000;\">F\u00f6raransvar:<\/span><\/h4>\n<ul>\n<li><span style=\"color: #000000;\"><strong>Anm\u00e4la dig hos tr\u00e4ningsv\u00e4rd innan tr\u00e4ning p\u00e5b\u00f6rjas.<\/strong><\/span><\/li>\n<li><span style=\"color: #000000;\">F\u00f6lja och respektera tr\u00e4ningsv\u00e4rdens anvisningar.<\/span><\/li>\n<li><span style=\"color: #000000;\">Vara medveten om tr\u00e4ningsv\u00e4rdens uppgifter och befogenheter.<\/span><\/li>\n<li><span style=\"color: #000000;\">Vara insatt i klubbens regler g\u00e4llande tr\u00e4ningen.<\/span><\/li>\n<li><span style=\"color: #000000;\">K\u00f6ra efter f\u00f6ruts\u00e4ttningarna dvs. banans skick, flaggvaktsbemanning etc.<\/span><\/li>\n<li><span style=\"color: #000000;\">Anm\u00e4la eventuella faror p\u00e5 banorna.<\/span><\/li>\n<li><span style=\"color: #000000;\">Visa ett gott hum\u00f6r och ett bra uppf\u00f6rande.<\/span><\/li>\n<li><span style=\"color: #000000;\">Vid synpunkter p\u00e5 tr\u00e4ningsuppl\u00e4gg, tider, anvisningar etc. Kontakta n\u00e5gon i styrelsen. Detta SKA INTE diskuteras med tr\u00e4ningsv\u00e4rden.<\/span><\/li>\n<\/ul>\n<h4>&nbsp;<\/h4>\n<h4><span style=\"color: #000000;\">Obs!! Det \u00e4r alltid DU som f\u00f6rare som har det yttersta s\u00e4kerhetsansvaret. Visa respekt f\u00f6r medtr\u00e4nande f\u00f6rare och funktion\u00e4rer.<\/span><\/h4>\t\t\t\t\t\t\t\t<\/div>\n\t\t\t\t<\/div>\n\t\t\t\t\t<\/div>\n\t\t<\/div>\n\t\t\t\t\t<\/div>\n\t\t<\/section>\n\t\t\t\t<\/div>\n\t\t","protected":false},"excerpt":{"rendered":"<p>Tr\u00e4ningsv\u00e4rd Tr\u00e4ningsv\u00e4rdens roll \u00e4r bla att ta hand om nya och\/eller tillresta endurof\u00f6rare och g\u00e4stf\u00f6rare. Detta g\u00f6r att vid de andra tv\u00e5 tr\u00e4ningsdagarna i veckan r\u00e4cker det f\u00f6r tr\u00e4ningsv\u00e4rden att \u00f6ppna och st\u00e4nga i Tunatorp. Vilket i sin tur inneb\u00e4r att det bara beh\u00f6vs en tr\u00e4ningsv\u00e4rd, som d\u00e5 \u00e4ven kan k\u00f6ra sj\u00e4lv dessa dagar. K\u00f6ra&hellip;&nbsp;<a href=\"https:\/\/waxjoms.se\/MC\/traningsvard\/\" rel=\"bookmark\">L\u00e4s mer &raquo;<span class=\"screen-reader-text\">Tr\u00e4ningsv\u00e4rd<\/span><\/a><\/p>\n","protected":false},"author":3,"featured_media":73,"parent":0,"menu_order":0,"comment_status":"closed","ping_status":"closed","template":"","meta":{"neve_meta_sidebar":"full-width","neve_meta_container":"","neve_meta_enable_content_width":"on","neve_meta_content_width":100,"neve_meta_title_alignment":"","neve_meta_author_avatar":"","neve_post_elements_order":"","neve_meta_disable_header":"","neve_meta_disable_footer":"","neve_meta_disable_title":"","footnotes":""},"class_list":["post-511","page","type-page","status-publish","has-post-thumbnail","hentry"],"yoast_head":"<!-- This site is optimized with the Yoast SEO plugin v27.4 - https:\/\/yoast.com\/product\/yoast-seo-wordpress\/ -->\n<title>Tr\u00e4ningsv\u00e4rd - W\u00e4xj\u00f6 Motors\u00e4llskap | Enduro<\/title>\n<meta name=\"robots\" content=\"index, follow, max-snippet:-1, max-image-preview:large, max-video-preview:-1\" \/>\n<link rel=\"canonical\" href=\"https:\/\/waxjoms.se\/MC\/traningsvard\/\" \/>\n<meta property=\"og:locale\" content=\"sv_SE\" \/>\n<meta property=\"og:type\" content=\"article\" \/>\n<meta property=\"og:title\" content=\"Tr\u00e4ningsv\u00e4rd - W\u00e4xj\u00f6 Motors\u00e4llskap | Enduro\" \/>\n<meta property=\"og:description\" content=\"Tr\u00e4ningsv\u00e4rd Tr\u00e4ningsv\u00e4rdens roll \u00e4r bla att ta hand om nya och\/eller tillresta endurof\u00f6rare och g\u00e4stf\u00f6rare. Detta g\u00f6r att vid de andra tv\u00e5 tr\u00e4ningsdagarna i veckan r\u00e4cker det f\u00f6r tr\u00e4ningsv\u00e4rden att \u00f6ppna och st\u00e4nga i Tunatorp. Vilket i sin tur inneb\u00e4r att det bara beh\u00f6vs en tr\u00e4ningsv\u00e4rd, som d\u00e5 \u00e4ven kan k\u00f6ra sj\u00e4lv dessa dagar. K\u00f6ra&hellip;&nbsp;L\u00e4s mer &raquo;Tr\u00e4ningsv\u00e4rd\" \/>\n<meta property=\"og:url\" content=\"https:\/\/waxjoms.se\/MC\/traningsvard\/\" \/>\n<meta property=\"og:site_name\" content=\"W\u00e4xj\u00f6 Motors\u00e4llskap | Enduro\" \/>\n<meta property=\"article:modified_time\" content=\"2025-12-15T12:39:08+00:00\" \/>\n<meta property=\"og:image\" content=\"https:\/\/waxjoms.se\/MC\/wp-content\/uploads\/2022\/09\/herosektion-om-oss-1.jpg\" \/>\n\t<meta property=\"og:image:width\" content=\"1920\" \/>\n\t<meta property=\"og:image:height\" content=\"800\" \/>\n\t<meta property=\"og:image:type\" content=\"image\/jpeg\" \/>\n<meta name=\"twitter:card\" content=\"summary_large_image\" \/>\n<meta name=\"twitter:label1\" content=\"Ber\u00e4knad l\u00e4stid\" \/>\n\t<meta name=\"twitter:data1\" content=\"4 minuter\" \/>\n<script type=\"application\/ld+json\" class=\"yoast-schema-graph\">{\"@context\":\"https:\\\/\\\/schema.org\",\"@graph\":[{\"@type\":\"WebPage\",\"@id\":\"https:\\\/\\\/waxjoms.se\\\/MC\\\/traningsvard\\\/\",\"url\":\"https:\\\/\\\/waxjoms.se\\\/MC\\\/traningsvard\\\/\",\"name\":\"Tr\u00e4ningsv\u00e4rd - W\u00e4xj\u00f6 Motors\u00e4llskap | Enduro\",\"isPartOf\":{\"@id\":\"https:\\\/\\\/waxjoms.se\\\/MC\\\/#website\"},\"primaryImageOfPage\":{\"@id\":\"https:\\\/\\\/waxjoms.se\\\/MC\\\/traningsvard\\\/#primaryimage\"},\"image\":{\"@id\":\"https:\\\/\\\/waxjoms.se\\\/MC\\\/traningsvard\\\/#primaryimage\"},\"thumbnailUrl\":\"https:\\\/\\\/waxjoms.se\\\/MC\\\/wp-content\\\/uploads\\\/2022\\\/09\\\/herosektion-om-oss-1.jpg\",\"datePublished\":\"2022-12-12T11:07:04+00:00\",\"dateModified\":\"2025-12-15T12:39:08+00:00\",\"breadcrumb\":{\"@id\":\"https:\\\/\\\/waxjoms.se\\\/MC\\\/traningsvard\\\/#breadcrumb\"},\"inLanguage\":\"sv-SE\",\"potentialAction\":[{\"@type\":\"ReadAction\",\"target\":[\"https:\\\/\\\/waxjoms.se\\\/MC\\\/traningsvard\\\/\"]}]},{\"@type\":\"ImageObject\",\"inLanguage\":\"sv-SE\",\"@id\":\"https:\\\/\\\/waxjoms.se\\\/MC\\\/traningsvard\\\/#primaryimage\",\"url\":\"https:\\\/\\\/waxjoms.se\\\/MC\\\/wp-content\\\/uploads\\\/2022\\\/09\\\/herosektion-om-oss-1.jpg\",\"contentUrl\":\"https:\\\/\\\/waxjoms.se\\\/MC\\\/wp-content\\\/uploads\\\/2022\\\/09\\\/herosektion-om-oss-1.jpg\",\"width\":1920,\"height\":800},{\"@type\":\"BreadcrumbList\",\"@id\":\"https:\\\/\\\/waxjoms.se\\\/MC\\\/traningsvard\\\/#breadcrumb\",\"itemListElement\":[{\"@type\":\"ListItem\",\"position\":1,\"name\":\"Hem\",\"item\":\"https:\\\/\\\/waxjoms.se\\\/MC\\\/\"},{\"@type\":\"ListItem\",\"position\":2,\"name\":\"Tr\u00e4ningsv\u00e4rd\"}]},{\"@type\":\"WebSite\",\"@id\":\"https:\\\/\\\/waxjoms.se\\\/MC\\\/#website\",\"url\":\"https:\\\/\\\/waxjoms.se\\\/MC\\\/\",\"name\":\"W\u00e4xj\u00f6 Motors\u00e4llskap | Enduro\",\"description\":\"Enduroklubb i V\u00e4xj\u00f6\",\"publisher\":{\"@id\":\"https:\\\/\\\/waxjoms.se\\\/MC\\\/#organization\"},\"potentialAction\":[{\"@type\":\"SearchAction\",\"target\":{\"@type\":\"EntryPoint\",\"urlTemplate\":\"https:\\\/\\\/waxjoms.se\\\/MC\\\/?s={search_term_string}\"},\"query-input\":{\"@type\":\"PropertyValueSpecification\",\"valueRequired\":true,\"valueName\":\"search_term_string\"}}],\"inLanguage\":\"sv-SE\"},{\"@type\":\"Organization\",\"@id\":\"https:\\\/\\\/waxjoms.se\\\/MC\\\/#organization\",\"name\":\"W\u00e4xj\u00f6 Motors\u00e4llskap | Enduro\",\"url\":\"https:\\\/\\\/waxjoms.se\\\/MC\\\/\",\"logo\":{\"@type\":\"ImageObject\",\"inLanguage\":\"sv-SE\",\"@id\":\"https:\\\/\\\/waxjoms.se\\\/MC\\\/#\\\/schema\\\/logo\\\/image\\\/\",\"url\":\"https:\\\/\\\/waxjoms.se\\\/MC\\\/wp-content\\\/uploads\\\/2023\\\/01\\\/Waxjo-Motorsallskap-300x300-1.png\",\"contentUrl\":\"https:\\\/\\\/waxjoms.se\\\/MC\\\/wp-content\\\/uploads\\\/2023\\\/01\\\/Waxjo-Motorsallskap-300x300-1.png\",\"width\":300,\"height\":300,\"caption\":\"W\u00e4xj\u00f6 Motors\u00e4llskap | Enduro\"},\"image\":{\"@id\":\"https:\\\/\\\/waxjoms.se\\\/MC\\\/#\\\/schema\\\/logo\\\/image\\\/\"}}]}<\/script>\n<!-- \/ Yoast SEO plugin. -->","yoast_head_json":{"title":"Tr\u00e4ningsv\u00e4rd - W\u00e4xj\u00f6 Motors\u00e4llskap | Enduro","robots":{"index":"index","follow":"follow","max-snippet":"max-snippet:-1","max-image-preview":"max-image-preview:large","max-video-preview":"max-video-preview:-1"},"canonical":"https:\/\/waxjoms.se\/MC\/traningsvard\/","og_locale":"sv_SE","og_type":"article","og_title":"Tr\u00e4ningsv\u00e4rd - W\u00e4xj\u00f6 Motors\u00e4llskap | Enduro","og_description":"Tr\u00e4ningsv\u00e4rd Tr\u00e4ningsv\u00e4rdens roll \u00e4r bla att ta hand om nya och\/eller tillresta endurof\u00f6rare och g\u00e4stf\u00f6rare. Detta g\u00f6r att vid de andra tv\u00e5 tr\u00e4ningsdagarna i veckan r\u00e4cker det f\u00f6r tr\u00e4ningsv\u00e4rden att \u00f6ppna och st\u00e4nga i Tunatorp. Vilket i sin tur inneb\u00e4r att det bara beh\u00f6vs en tr\u00e4ningsv\u00e4rd, som d\u00e5 \u00e4ven kan k\u00f6ra sj\u00e4lv dessa dagar. K\u00f6ra&hellip;&nbsp;L\u00e4s mer &raquo;Tr\u00e4ningsv\u00e4rd","og_url":"https:\/\/waxjoms.se\/MC\/traningsvard\/","og_site_name":"W\u00e4xj\u00f6 Motors\u00e4llskap | Enduro","article_modified_time":"2025-12-15T12:39:08+00:00","og_image":[{"width":1920,"height":800,"url":"https:\/\/waxjoms.se\/MC\/wp-content\/uploads\/2022\/09\/herosektion-om-oss-1.jpg","type":"image\/jpeg"}],"twitter_card":"summary_large_image","twitter_misc":{"Ber\u00e4knad l\u00e4stid":"4 minuter"},"schema":{"@context":"https:\/\/schema.org","@graph":[{"@type":"WebPage","@id":"https:\/\/waxjoms.se\/MC\/traningsvard\/","url":"https:\/\/waxjoms.se\/MC\/traningsvard\/","name":"Tr\u00e4ningsv\u00e4rd - W\u00e4xj\u00f6 Motors\u00e4llskap | Enduro","isPartOf":{"@id":"https:\/\/waxjoms.se\/MC\/#website"},"primaryImageOfPage":{"@id":"https:\/\/waxjoms.se\/MC\/traningsvard\/#primaryimage"},"image":{"@id":"https:\/\/waxjoms.se\/MC\/traningsvard\/#primaryimage"},"thumbnailUrl":"https:\/\/waxjoms.se\/MC\/wp-content\/uploads\/2022\/09\/herosektion-om-oss-1.jpg","datePublished":"2022-12-12T11:07:04+00:00","dateModified":"2025-12-15T12:39:08+00:00","breadcrumb":{"@id":"https:\/\/waxjoms.se\/MC\/traningsvard\/#breadcrumb"},"inLanguage":"sv-SE","potentialAction":[{"@type":"ReadAction","target":["https:\/\/waxjoms.se\/MC\/traningsvard\/"]}]},{"@type":"ImageObject","inLanguage":"sv-SE","@id":"https:\/\/waxjoms.se\/MC\/traningsvard\/#primaryimage","url":"https:\/\/waxjoms.se\/MC\/wp-content\/uploads\/2022\/09\/herosektion-om-oss-1.jpg","contentUrl":"https:\/\/waxjoms.se\/MC\/wp-content\/uploads\/2022\/09\/herosektion-om-oss-1.jpg","width":1920,"height":800},{"@type":"BreadcrumbList","@id":"https:\/\/waxjoms.se\/MC\/traningsvard\/#breadcrumb","itemListElement":[{"@type":"ListItem","position":1,"name":"Hem","item":"https:\/\/waxjoms.se\/MC\/"},{"@type":"ListItem","position":2,"name":"Tr\u00e4ningsv\u00e4rd"}]},{"@type":"WebSite","@id":"https:\/\/waxjoms.se\/MC\/#website","url":"https:\/\/waxjoms.se\/MC\/","name":"W\u00e4xj\u00f6 Motors\u00e4llskap | Enduro","description":"Enduroklubb i V\u00e4xj\u00f6","publisher":{"@id":"https:\/\/waxjoms.se\/MC\/#organization"},"potentialAction":[{"@type":"SearchAction","target":{"@type":"EntryPoint","urlTemplate":"https:\/\/waxjoms.se\/MC\/?s={search_term_string}"},"query-input":{"@type":"PropertyValueSpecification","valueRequired":true,"valueName":"search_term_string"}}],"inLanguage":"sv-SE"},{"@type":"Organization","@id":"https:\/\/waxjoms.se\/MC\/#organization","name":"W\u00e4xj\u00f6 Motors\u00e4llskap | Enduro","url":"https:\/\/waxjoms.se\/MC\/","logo":{"@type":"ImageObject","inLanguage":"sv-SE","@id":"https:\/\/waxjoms.se\/MC\/#\/schema\/logo\/image\/","url":"https:\/\/waxjoms.se\/MC\/wp-content\/uploads\/2023\/01\/Waxjo-Motorsallskap-300x300-1.png","contentUrl":"https:\/\/waxjoms.se\/MC\/wp-content\/uploads\/2023\/01\/Waxjo-Motorsallskap-300x300-1.png","width":300,"height":300,"caption":"W\u00e4xj\u00f6 Motors\u00e4llskap | Enduro"},"image":{"@id":"https:\/\/waxjoms.se\/MC\/#\/schema\/logo\/image\/"}}]}},"_links":{"self":[{"href":"https:\/\/waxjoms.se\/MC\/wp-json\/wp\/v2\/pages\/511","targetHints":{"allow":["GET"]}}],"collection":[{"href":"https:\/\/waxjoms.se\/MC\/wp-json\/wp\/v2\/pages"}],"about":[{"href":"https:\/\/waxjoms.se\/MC\/wp-json\/wp\/v2\/types\/page"}],"author":[{"embeddable":true,"href":"https:\/\/waxjoms.se\/MC\/wp-json\/wp\/v2\/users\/3"}],"replies":[{"embeddable":true,"href":"https:\/\/waxjoms.se\/MC\/wp-json\/wp\/v2\/comments?post=511"}],"version-history":[{"count":13,"href":"https:\/\/waxjoms.se\/MC\/wp-json\/wp\/v2\/pages\/511\/revisions"}],"predecessor-version":[{"id":7468,"href":"https:\/\/waxjoms.se\/MC\/wp-json\/wp\/v2\/pages\/511\/revisions\/7468"}],"wp:featuredmedia":[{"embeddable":true,"href":"https:\/\/waxjoms.se\/MC\/wp-json\/wp\/v2\/media\/73"}],"wp:attachment":[{"href":"https:\/\/waxjoms.se\/MC\/wp-json\/wp\/v2\/media?parent=511"}],"curies":[{"name":"wp","href":"https:\/\/api.w.org\/{rel}","templated":true}]}}