{"id":69,"date":"2022-09-25T13:36:47","date_gmt":"2022-09-25T11:36:47","guid":{"rendered":"http:\/\/waxjoms.kund.griffel.se\/MC_NEW\/om-oss\/"},"modified":"2023-02-28T19:22:08","modified_gmt":"2023-02-28T18:22:08","slug":"om-oss","status":"publish","type":"page","link":"https:\/\/waxjoms.se\/MC\/om-oss\/","title":{"rendered":"Om oss"},"content":{"rendered":"\t\t<div data-elementor-type=\"wp-page\" data-elementor-id=\"69\" class=\"elementor elementor-69\">\n\t\t\t\t\t\t<section class=\"elementor-section elementor-top-section elementor-element elementor-element-65cac430 elementor-section-full_width elementor-section-height-default elementor-section-height-default\" data-id=\"65cac430\" data-element_type=\"section\" data-e-type=\"section\">\n\t\t\t\t\t\t<div class=\"elementor-container elementor-column-gap-no\">\n\t\t\t\t\t<div class=\"elementor-column elementor-col-100 elementor-top-column elementor-element elementor-element-6507fdb8\" data-id=\"6507fdb8\" data-element_type=\"column\" data-e-type=\"column\">\n\t\t\t<div class=\"elementor-widget-wrap elementor-element-populated\">\n\t\t\t\t\t\t<div class=\"elementor-element elementor-element-558585cd elementor-absolute elementor-widget elementor-widget-heading\" data-id=\"558585cd\" data-element_type=\"widget\" data-e-type=\"widget\" data-settings=\"{&quot;_position&quot;:&quot;absolute&quot;}\" data-widget_type=\"heading.default\">\n\t\t\t\t<div class=\"elementor-widget-container\">\n\t\t\t\t\t<h1 class=\"elementor-heading-title elementor-size-default\">Om oss<\/h1>\t\t\t\t<\/div>\n\t\t\t\t<\/div>\n\t\t\t\t<div class=\"elementor-element elementor-element-3a0fac1b elementor-widget elementor-widget-image\" data-id=\"3a0fac1b\" data-element_type=\"widget\" data-e-type=\"widget\" data-widget_type=\"image.default\">\n\t\t\t\t<div class=\"elementor-widget-container\">\n\t\t\t\t\t\t\t\t\t\t\t\t\t\t\t<img fetchpriority=\"high\" decoding=\"async\" width=\"2048\" height=\"1141\" src=\"https:\/\/waxjoms.se\/MC\/wp-content\/uploads\/2023\/01\/2C6F13A5-92A5-4969-98E7-A23217E604A2-e1673125965865.jpeg\" class=\"attachment-full size-full wp-image-6794\" alt=\"\" srcset=\"https:\/\/waxjoms.se\/MC\/wp-content\/uploads\/2023\/01\/2C6F13A5-92A5-4969-98E7-A23217E604A2-e1673125965865.jpeg 2048w, https:\/\/waxjoms.se\/MC\/wp-content\/uploads\/2023\/01\/2C6F13A5-92A5-4969-98E7-A23217E604A2-e1673125965865-300x167.jpeg 300w, https:\/\/waxjoms.se\/MC\/wp-content\/uploads\/2023\/01\/2C6F13A5-92A5-4969-98E7-A23217E604A2-e1673125965865-1024x571.jpeg 1024w, https:\/\/waxjoms.se\/MC\/wp-content\/uploads\/2023\/01\/2C6F13A5-92A5-4969-98E7-A23217E604A2-e1673125965865-768x428.jpeg 768w, https:\/\/waxjoms.se\/MC\/wp-content\/uploads\/2023\/01\/2C6F13A5-92A5-4969-98E7-A23217E604A2-e1673125965865-1536x856.jpeg 1536w\" sizes=\"(max-width: 2048px) 100vw, 2048px\" \/>\t\t\t\t\t\t\t\t\t\t\t\t\t\t\t<\/div>\n\t\t\t\t<\/div>\n\t\t\t\t\t<\/div>\n\t\t<\/div>\n\t\t\t\t\t<\/div>\n\t\t<\/section>\n\t\t\t\t<section class=\"elementor-section elementor-top-section elementor-element elementor-element-6e290fdd elementor-section-boxed elementor-section-height-default elementor-section-height-default\" data-id=\"6e290fdd\" data-element_type=\"section\" data-e-type=\"section\">\n\t\t\t\t\t\t<div class=\"elementor-container elementor-column-gap-default\">\n\t\t\t\t\t<div class=\"elementor-column elementor-col-100 elementor-top-column elementor-element elementor-element-2dc953ee\" data-id=\"2dc953ee\" data-element_type=\"column\" data-e-type=\"column\">\n\t\t\t<div class=\"elementor-widget-wrap elementor-element-populated\">\n\t\t\t\t\t\t<div class=\"elementor-element elementor-element-1e3cbf78 elementor-widget elementor-widget-heading\" data-id=\"1e3cbf78\" data-element_type=\"widget\" data-e-type=\"widget\" data-widget_type=\"heading.default\">\n\t\t\t\t<div class=\"elementor-widget-container\">\n\t\t\t\t\t<h2 class=\"elementor-heading-title elementor-size-default\">WMS - historia och idag<\/h2>\t\t\t\t<\/div>\n\t\t\t\t<\/div>\n\t\t\t\t<div class=\"elementor-element elementor-element-245d4253 elementor-widget elementor-widget-heading\" data-id=\"245d4253\" data-element_type=\"widget\" data-e-type=\"widget\" data-widget_type=\"heading.default\">\n\t\t\t\t<div class=\"elementor-widget-container\">\n\t\t\t\t\t<h6 class=\"elementor-heading-title elementor-size-default\">Fr\u00e5n 1937 till nutid<\/h6>\t\t\t\t<\/div>\n\t\t\t\t<\/div>\n\t\t\t\t<div class=\"elementor-element elementor-element-589d6248 elementor-widget elementor-widget-text-editor\" data-id=\"589d6248\" data-element_type=\"widget\" data-e-type=\"widget\" data-widget_type=\"text-editor.default\">\n\t\t\t\t<div class=\"elementor-widget-container\">\n\t\t\t\t\t\t\t\t\t<p>W\u00e4xj\u00f6 Motors\u00e4llskap bildades 29 oktober 1937 och \u00e4r d\u00e4rmed en av V\u00e4xj\u00f6s \u00e4ldsta aktiva f\u00f6reningar<span style=\"color: var( --e-global-color-c70106e ); background-color: var(--nv-site-bg); letter-spacing: 0px;\">. V\u00e5r f\u00f6rening best\u00e5r av nio sportgrenar; rally, drifting, radiostyrd bilsport, bil-orientering, racing, off-road, slotracing, enduro och karting. Flera av v\u00e5ra medlemmar har t\u00e4vlat i de stora svenska t\u00e4vlingarna inom in gren och f\u00e5tt topp placeringar.\u00a0\u00a0<\/span><\/p><p><span style=\"color: var( --e-global-color-c70106e ); background-color: var(--nv-site-bg); letter-spacing: 0px;\">Som kuriosum arrangerades en gengast\u00e4vling 1940 under brinnande v\u00e4rldskrig. Pingsthelgen 1949 invigdes V\u00e4xj\u00f6 Motorstadion i Bergsn\u00e4s som senare blev Dackarnas hemmabana i speedway. H\u00f6sten 1952 var det premi\u00e4r f\u00f6r Dackefejden, en rallyt\u00e4vling som fortfarande k\u00f6rs \u00e5rligen. 1953 var premi\u00e4r f\u00f6r motocrossbanan i Norremark. Formel K\/Karting kom till WMS 1962 som senare fostrat v\u00e4rldsm\u00e4stare i Formel 1 &#8211; Keke Rosberg \u2013 och stj\u00e4rnor som Stefan \u201dL\u00f6vis\u201d Johansson och Bj\u00f6rn Wirdheim. Rally har alltid varit en stor del av WMS verksamhet d\u00e4r Patrik Johansson s\u00e4krat SM-guld 2012 och 2013.\u00a0<\/span><\/p><p>\u00a0<\/p>\t\t\t\t\t\t\t\t<\/div>\n\t\t\t\t<\/div>\n\t\t\t\t\t<\/div>\n\t\t<\/div>\n\t\t\t\t\t<\/div>\n\t\t<\/section>\n\t\t\t\t<\/div>\n\t\t","protected":false},"excerpt":{"rendered":"<p>Om oss WMS &#8211; historia och idag Fr\u00e5n 1937 till nutid W\u00e4xj\u00f6 Motors\u00e4llskap bildades 29 oktober 1937 och \u00e4r d\u00e4rmed en av V\u00e4xj\u00f6s \u00e4ldsta aktiva f\u00f6reningar. V\u00e5r f\u00f6rening best\u00e5r av nio sportgrenar; rally, drifting, radiostyrd bilsport, bil-orientering, racing, off-road, slotracing, enduro och karting. Flera av v\u00e5ra medlemmar har t\u00e4vlat i de stora svenska t\u00e4vlingarna inom&hellip;&nbsp;<a href=\"https:\/\/waxjoms.se\/MC\/om-oss\/\" rel=\"bookmark\">L\u00e4s mer &raquo;<span class=\"screen-reader-text\">Om oss<\/span><\/a><\/p>\n","protected":false},"author":3,"featured_media":73,"parent":0,"menu_order":0,"comment_status":"closed","ping_status":"closed","template":"","meta":{"neve_meta_sidebar":"full-width","neve_meta_container":"","neve_meta_enable_content_width":"on","neve_meta_content_width":100,"neve_meta_title_alignment":"","neve_meta_author_avatar":"","neve_post_elements_order":"","neve_meta_disable_header":"","neve_meta_disable_footer":"","neve_meta_disable_title":"","footnotes":""},"class_list":["post-69","page","type-page","status-publish","has-post-thumbnail","hentry"],"yoast_head":"<!-- This site is optimized with the Yoast SEO plugin v27.4 - https:\/\/yoast.com\/product\/yoast-seo-wordpress\/ -->\n<title>Om oss - W\u00e4xj\u00f6 Motors\u00e4llskap | Enduro<\/title>\n<meta name=\"robots\" content=\"index, follow, max-snippet:-1, max-image-preview:large, max-video-preview:-1\" \/>\n<link rel=\"canonical\" href=\"https:\/\/waxjoms.se\/MC\/om-oss\/\" \/>\n<meta property=\"og:locale\" content=\"sv_SE\" \/>\n<meta property=\"og:type\" content=\"article\" \/>\n<meta property=\"og:title\" content=\"Om oss - W\u00e4xj\u00f6 Motors\u00e4llskap | Enduro\" \/>\n<meta property=\"og:description\" content=\"Om oss WMS &#8211; historia och idag Fr\u00e5n 1937 till nutid W\u00e4xj\u00f6 Motors\u00e4llskap bildades 29 oktober 1937 och \u00e4r d\u00e4rmed en av V\u00e4xj\u00f6s \u00e4ldsta aktiva f\u00f6reningar. V\u00e5r f\u00f6rening best\u00e5r av nio sportgrenar; rally, drifting, radiostyrd bilsport, bil-orientering, racing, off-road, slotracing, enduro och karting. Flera av v\u00e5ra medlemmar har t\u00e4vlat i de stora svenska t\u00e4vlingarna inom&hellip;&nbsp;L\u00e4s mer &raquo;Om oss\" \/>\n<meta property=\"og:url\" content=\"https:\/\/waxjoms.se\/MC\/om-oss\/\" \/>\n<meta property=\"og:site_name\" content=\"W\u00e4xj\u00f6 Motors\u00e4llskap | Enduro\" \/>\n<meta property=\"article:modified_time\" content=\"2023-02-28T18:22:08+00:00\" \/>\n<meta property=\"og:image\" content=\"https:\/\/waxjoms.se\/MC\/wp-content\/uploads\/2022\/09\/herosektion-om-oss-1.jpg\" \/>\n\t<meta property=\"og:image:width\" content=\"1920\" \/>\n\t<meta property=\"og:image:height\" content=\"800\" \/>\n\t<meta property=\"og:image:type\" content=\"image\/jpeg\" \/>\n<meta name=\"twitter:card\" content=\"summary_large_image\" \/>\n<meta name=\"twitter:label1\" content=\"Ber\u00e4knad l\u00e4stid\" \/>\n\t<meta name=\"twitter:data1\" content=\"1 minut\" \/>\n<script type=\"application\/ld+json\" class=\"yoast-schema-graph\">{\"@context\":\"https:\\\/\\\/schema.org\",\"@graph\":[{\"@type\":\"WebPage\",\"@id\":\"https:\\\/\\\/waxjoms.se\\\/MC\\\/om-oss\\\/\",\"url\":\"https:\\\/\\\/waxjoms.se\\\/MC\\\/om-oss\\\/\",\"name\":\"Om oss - W\u00e4xj\u00f6 Motors\u00e4llskap | Enduro\",\"isPartOf\":{\"@id\":\"https:\\\/\\\/waxjoms.se\\\/MC\\\/#website\"},\"primaryImageOfPage\":{\"@id\":\"https:\\\/\\\/waxjoms.se\\\/MC\\\/om-oss\\\/#primaryimage\"},\"image\":{\"@id\":\"https:\\\/\\\/waxjoms.se\\\/MC\\\/om-oss\\\/#primaryimage\"},\"thumbnailUrl\":\"https:\\\/\\\/waxjoms.se\\\/MC\\\/wp-content\\\/uploads\\\/2022\\\/09\\\/herosektion-om-oss-1.jpg\",\"datePublished\":\"2022-09-25T11:36:47+00:00\",\"dateModified\":\"2023-02-28T18:22:08+00:00\",\"breadcrumb\":{\"@id\":\"https:\\\/\\\/waxjoms.se\\\/MC\\\/om-oss\\\/#breadcrumb\"},\"inLanguage\":\"sv-SE\",\"potentialAction\":[{\"@type\":\"ReadAction\",\"target\":[\"https:\\\/\\\/waxjoms.se\\\/MC\\\/om-oss\\\/\"]}]},{\"@type\":\"ImageObject\",\"inLanguage\":\"sv-SE\",\"@id\":\"https:\\\/\\\/waxjoms.se\\\/MC\\\/om-oss\\\/#primaryimage\",\"url\":\"https:\\\/\\\/waxjoms.se\\\/MC\\\/wp-content\\\/uploads\\\/2022\\\/09\\\/herosektion-om-oss-1.jpg\",\"contentUrl\":\"https:\\\/\\\/waxjoms.se\\\/MC\\\/wp-content\\\/uploads\\\/2022\\\/09\\\/herosektion-om-oss-1.jpg\",\"width\":1920,\"height\":800},{\"@type\":\"BreadcrumbList\",\"@id\":\"https:\\\/\\\/waxjoms.se\\\/MC\\\/om-oss\\\/#breadcrumb\",\"itemListElement\":[{\"@type\":\"ListItem\",\"position\":1,\"name\":\"Hem\",\"item\":\"https:\\\/\\\/waxjoms.se\\\/MC\\\/\"},{\"@type\":\"ListItem\",\"position\":2,\"name\":\"Om oss\"}]},{\"@type\":\"WebSite\",\"@id\":\"https:\\\/\\\/waxjoms.se\\\/MC\\\/#website\",\"url\":\"https:\\\/\\\/waxjoms.se\\\/MC\\\/\",\"name\":\"W\u00e4xj\u00f6 Motors\u00e4llskap | Enduro\",\"description\":\"Enduroklubb i V\u00e4xj\u00f6\",\"publisher\":{\"@id\":\"https:\\\/\\\/waxjoms.se\\\/MC\\\/#organization\"},\"potentialAction\":[{\"@type\":\"SearchAction\",\"target\":{\"@type\":\"EntryPoint\",\"urlTemplate\":\"https:\\\/\\\/waxjoms.se\\\/MC\\\/?s={search_term_string}\"},\"query-input\":{\"@type\":\"PropertyValueSpecification\",\"valueRequired\":true,\"valueName\":\"search_term_string\"}}],\"inLanguage\":\"sv-SE\"},{\"@type\":\"Organization\",\"@id\":\"https:\\\/\\\/waxjoms.se\\\/MC\\\/#organization\",\"name\":\"W\u00e4xj\u00f6 Motors\u00e4llskap | Enduro\",\"url\":\"https:\\\/\\\/waxjoms.se\\\/MC\\\/\",\"logo\":{\"@type\":\"ImageObject\",\"inLanguage\":\"sv-SE\",\"@id\":\"https:\\\/\\\/waxjoms.se\\\/MC\\\/#\\\/schema\\\/logo\\\/image\\\/\",\"url\":\"https:\\\/\\\/waxjoms.se\\\/MC\\\/wp-content\\\/uploads\\\/2023\\\/01\\\/Waxjo-Motorsallskap-300x300-1.png\",\"contentUrl\":\"https:\\\/\\\/waxjoms.se\\\/MC\\\/wp-content\\\/uploads\\\/2023\\\/01\\\/Waxjo-Motorsallskap-300x300-1.png\",\"width\":300,\"height\":300,\"caption\":\"W\u00e4xj\u00f6 Motors\u00e4llskap | Enduro\"},\"image\":{\"@id\":\"https:\\\/\\\/waxjoms.se\\\/MC\\\/#\\\/schema\\\/logo\\\/image\\\/\"}}]}<\/script>\n<!-- \/ Yoast SEO plugin. -->","yoast_head_json":{"title":"Om oss - W\u00e4xj\u00f6 Motors\u00e4llskap | Enduro","robots":{"index":"index","follow":"follow","max-snippet":"max-snippet:-1","max-image-preview":"max-image-preview:large","max-video-preview":"max-video-preview:-1"},"canonical":"https:\/\/waxjoms.se\/MC\/om-oss\/","og_locale":"sv_SE","og_type":"article","og_title":"Om oss - W\u00e4xj\u00f6 Motors\u00e4llskap | Enduro","og_description":"Om oss WMS &#8211; historia och idag Fr\u00e5n 1937 till nutid W\u00e4xj\u00f6 Motors\u00e4llskap bildades 29 oktober 1937 och \u00e4r d\u00e4rmed en av V\u00e4xj\u00f6s \u00e4ldsta aktiva f\u00f6reningar. V\u00e5r f\u00f6rening best\u00e5r av nio sportgrenar; rally, drifting, radiostyrd bilsport, bil-orientering, racing, off-road, slotracing, enduro och karting. Flera av v\u00e5ra medlemmar har t\u00e4vlat i de stora svenska t\u00e4vlingarna inom&hellip;&nbsp;L\u00e4s mer &raquo;Om oss","og_url":"https:\/\/waxjoms.se\/MC\/om-oss\/","og_site_name":"W\u00e4xj\u00f6 Motors\u00e4llskap | Enduro","article_modified_time":"2023-02-28T18:22:08+00:00","og_image":[{"width":1920,"height":800,"url":"https:\/\/waxjoms.se\/MC\/wp-content\/uploads\/2022\/09\/herosektion-om-oss-1.jpg","type":"image\/jpeg"}],"twitter_card":"summary_large_image","twitter_misc":{"Ber\u00e4knad l\u00e4stid":"1 minut"},"schema":{"@context":"https:\/\/schema.org","@graph":[{"@type":"WebPage","@id":"https:\/\/waxjoms.se\/MC\/om-oss\/","url":"https:\/\/waxjoms.se\/MC\/om-oss\/","name":"Om oss - W\u00e4xj\u00f6 Motors\u00e4llskap | Enduro","isPartOf":{"@id":"https:\/\/waxjoms.se\/MC\/#website"},"primaryImageOfPage":{"@id":"https:\/\/waxjoms.se\/MC\/om-oss\/#primaryimage"},"image":{"@id":"https:\/\/waxjoms.se\/MC\/om-oss\/#primaryimage"},"thumbnailUrl":"https:\/\/waxjoms.se\/MC\/wp-content\/uploads\/2022\/09\/herosektion-om-oss-1.jpg","datePublished":"2022-09-25T11:36:47+00:00","dateModified":"2023-02-28T18:22:08+00:00","breadcrumb":{"@id":"https:\/\/waxjoms.se\/MC\/om-oss\/#breadcrumb"},"inLanguage":"sv-SE","potentialAction":[{"@type":"ReadAction","target":["https:\/\/waxjoms.se\/MC\/om-oss\/"]}]},{"@type":"ImageObject","inLanguage":"sv-SE","@id":"https:\/\/waxjoms.se\/MC\/om-oss\/#primaryimage","url":"https:\/\/waxjoms.se\/MC\/wp-content\/uploads\/2022\/09\/herosektion-om-oss-1.jpg","contentUrl":"https:\/\/waxjoms.se\/MC\/wp-content\/uploads\/2022\/09\/herosektion-om-oss-1.jpg","width":1920,"height":800},{"@type":"BreadcrumbList","@id":"https:\/\/waxjoms.se\/MC\/om-oss\/#breadcrumb","itemListElement":[{"@type":"ListItem","position":1,"name":"Hem","item":"https:\/\/waxjoms.se\/MC\/"},{"@type":"ListItem","position":2,"name":"Om oss"}]},{"@type":"WebSite","@id":"https:\/\/waxjoms.se\/MC\/#website","url":"https:\/\/waxjoms.se\/MC\/","name":"W\u00e4xj\u00f6 Motors\u00e4llskap | Enduro","description":"Enduroklubb i V\u00e4xj\u00f6","publisher":{"@id":"https:\/\/waxjoms.se\/MC\/#organization"},"potentialAction":[{"@type":"SearchAction","target":{"@type":"EntryPoint","urlTemplate":"https:\/\/waxjoms.se\/MC\/?s={search_term_string}"},"query-input":{"@type":"PropertyValueSpecification","valueRequired":true,"valueName":"search_term_string"}}],"inLanguage":"sv-SE"},{"@type":"Organization","@id":"https:\/\/waxjoms.se\/MC\/#organization","name":"W\u00e4xj\u00f6 Motors\u00e4llskap | Enduro","url":"https:\/\/waxjoms.se\/MC\/","logo":{"@type":"ImageObject","inLanguage":"sv-SE","@id":"https:\/\/waxjoms.se\/MC\/#\/schema\/logo\/image\/","url":"https:\/\/waxjoms.se\/MC\/wp-content\/uploads\/2023\/01\/Waxjo-Motorsallskap-300x300-1.png","contentUrl":"https:\/\/waxjoms.se\/MC\/wp-content\/uploads\/2023\/01\/Waxjo-Motorsallskap-300x300-1.png","width":300,"height":300,"caption":"W\u00e4xj\u00f6 Motors\u00e4llskap | Enduro"},"image":{"@id":"https:\/\/waxjoms.se\/MC\/#\/schema\/logo\/image\/"}}]}},"_links":{"self":[{"href":"https:\/\/waxjoms.se\/MC\/wp-json\/wp\/v2\/pages\/69","targetHints":{"allow":["GET"]}}],"collection":[{"href":"https:\/\/waxjoms.se\/MC\/wp-json\/wp\/v2\/pages"}],"about":[{"href":"https:\/\/waxjoms.se\/MC\/wp-json\/wp\/v2\/types\/page"}],"author":[{"embeddable":true,"href":"https:\/\/waxjoms.se\/MC\/wp-json\/wp\/v2\/users\/3"}],"replies":[{"embeddable":true,"href":"https:\/\/waxjoms.se\/MC\/wp-json\/wp\/v2\/comments?post=69"}],"version-history":[{"count":24,"href":"https:\/\/waxjoms.se\/MC\/wp-json\/wp\/v2\/pages\/69\/revisions"}],"predecessor-version":[{"id":6984,"href":"https:\/\/waxjoms.se\/MC\/wp-json\/wp\/v2\/pages\/69\/revisions\/6984"}],"wp:featuredmedia":[{"embeddable":true,"href":"https:\/\/waxjoms.se\/MC\/wp-json\/wp\/v2\/media\/73"}],"wp:attachment":[{"href":"https:\/\/waxjoms.se\/MC\/wp-json\/wp\/v2\/media?parent=69"}],"curies":[{"name":"wp","href":"https:\/\/api.w.org\/{rel}","templated":true}]}}