{"id":7433,"date":"2025-07-18T13:36:18","date_gmt":"2025-07-18T11:36:18","guid":{"rendered":"https:\/\/waxjoms.se\/MC\/?page_id=7433"},"modified":"2025-07-18T13:36:19","modified_gmt":"2025-07-18T11:36:19","slug":"gobraap","status":"publish","type":"page","link":"https:\/\/waxjoms.se\/MC\/gobraap\/","title":{"rendered":"GoBraap"},"content":{"rendered":"\n<p>W\u00e4xj\u00f6 MS Enduro anv\u00e4nder sig from 2025 av  GoBraap f\u00f6r betalning av Tr\u00e4ningsavgift samt anm\u00e4lan och incheckning till tr\u00e4ning.<\/p>\n\n\n\n<p>F\u00f6r att k\u00f6pa tr\u00e4ningskort beh\u00f6ver du vara medlem i W\u00e4xj\u00f6 MS, info om det hittar du h\u00e4r : <a href=\"https:\/\/waxjoms.se\/MC\/medlemsansokan\/\">Medlemsskap &amp; Tr\u00e4ningsavgift<\/a>.<\/p>\n\n\n\n<ol class=\"wp-block-list\">\n<li>N\u00e4r du blivit medlem s\u00e5 laddar du hem appen GOBRAAP d\u00e4r appar finns.<\/li>\n\n\n\n<li>N\u00e4r Du laddat hem appen s\u00e5 beh\u00f6ver du bli registrera dig som medlem i W\u00e4xj\u00f6 MS. Tryck p\u00e5 det stora G:et och du kommer till en karta. leta upp W\u00e4xj\u00f6 MS Endurobana och tryck p\u00e5 G:et vid banan och sedan fliken shop.<\/li>\n\n\n\n<li><img decoding=\"async\" width=\"150\" height=\"325\" class=\"wp-image-7435\" style=\"width: 150px;\" src=\"https:\/\/waxjoms.se\/MC\/wp-content\/uploads\/2025\/07\/bild1.png\" alt=\"\" srcset=\"https:\/\/waxjoms.se\/MC\/wp-content\/uploads\/2025\/07\/bild1.png 828w, https:\/\/waxjoms.se\/MC\/wp-content\/uploads\/2025\/07\/bild1-139x300.png 139w, https:\/\/waxjoms.se\/MC\/wp-content\/uploads\/2025\/07\/bild1-473x1024.png 473w, https:\/\/waxjoms.se\/MC\/wp-content\/uploads\/2025\/07\/bild1-768x1662.png 768w, https:\/\/waxjoms.se\/MC\/wp-content\/uploads\/2025\/07\/bild1-710x1536.png 710w\" sizes=\"(max-width: 150px) 100vw, 150px\" \/><\/li>\n\n\n\n<li>V\u00e4lj d\u00e4refter Medlemskap &amp; Tr\u00e4ningskortoch Registrera Medlemskap som st\u00e5r under Redan Medlem. Nu l\u00e4ggs du till en v\u00e4ntelista i appen. D\u00e5 vi har flera grenar i samma app s\u00e5 ska du meddela klubbadministrat\u00f6r (fn. Johnny J\u00f6nsson) g\u00e5r att n\u00e5 p\u00e5 Messenger eller skicka ett sms p\u00e5 070-6701373 s\u00e5 l\u00e4ggs ni till och kan f\u00f6rst d\u00e4refter k\u00f6pa tr\u00e4ningskort.<\/li>\n\n\n\n<li>N\u00e4r ni \u00e4r tillagda i appen som medlem  s\u00e5 f\u00e5r ni en popup i appen. Ni kan \u00e4ven g\u00e5 in under Medlemskap i menyn uppe till v\u00e4nster och se er status.<\/li>\n\n\n\n<li>N\u00e4r detta \u00e4r klart s\u00e5 g\u00e5r ni \u00e5terigen under shop och v\u00e4ljer K\u00d6P Nytt &#8211; &#8221;Medlemskap och Tr\u00e4ningskort&#8221; . Ni f\u00e5r d\u00e5 en fr\u00e5ga om vilket medlemskap ni vill k\u00f6pa v\u00e4lj det ni \u00f6nskar och sedan betalningss\u00e4tt.<\/li>\n\n\n\n<li><img decoding=\"async\" width=\"150\" height=\"325\" class=\"wp-image-7436\" style=\"width: 150px;\" src=\"https:\/\/waxjoms.se\/MC\/wp-content\/uploads\/2025\/07\/bild3.png\" alt=\"\" srcset=\"https:\/\/waxjoms.se\/MC\/wp-content\/uploads\/2025\/07\/bild3.png 828w, https:\/\/waxjoms.se\/MC\/wp-content\/uploads\/2025\/07\/bild3-139x300.png 139w, https:\/\/waxjoms.se\/MC\/wp-content\/uploads\/2025\/07\/bild3-473x1024.png 473w, https:\/\/waxjoms.se\/MC\/wp-content\/uploads\/2025\/07\/bild3-768x1662.png 768w, https:\/\/waxjoms.se\/MC\/wp-content\/uploads\/2025\/07\/bild3-710x1536.png 710w\" sizes=\"(max-width: 150px) 100vw, 150px\" \/><\/li>\n<\/ol>\n\n\n\n<p>N\u00e4r detta \u00e4r klart s\u00e5 \u00e4r ni redo att k\u00f6ra. N\u00e4r ni ska k\u00f6ra s\u00e5 bokar ni er p\u00e5 en tr\u00e4ning i appen. N\u00e4r ni sedan kommer till Tunatorp och \u00e4r redo att k\u00f6ra s\u00e5 checkar ni in p\u00e5 k\u00f6rningen<img decoding=\"async\" width=\"150\" height=\"325\" class=\"wp-image-7437\" style=\"width: 150px;\" src=\"https:\/\/waxjoms.se\/MC\/wp-content\/uploads\/2025\/07\/Bild4.png\" alt=\"\" srcset=\"https:\/\/waxjoms.se\/MC\/wp-content\/uploads\/2025\/07\/Bild4.png 828w, https:\/\/waxjoms.se\/MC\/wp-content\/uploads\/2025\/07\/Bild4-139x300.png 139w, https:\/\/waxjoms.se\/MC\/wp-content\/uploads\/2025\/07\/Bild4-473x1024.png 473w, https:\/\/waxjoms.se\/MC\/wp-content\/uploads\/2025\/07\/Bild4-768x1662.png 768w, https:\/\/waxjoms.se\/MC\/wp-content\/uploads\/2025\/07\/Bild4-710x1536.png 710w\" sizes=\"(max-width: 150px) 100vw, 150px\" \/><\/p>\n\n\n\n<p>FAQ<\/p>\n\n\n\n<p><a href=\"https:\/\/www.gobraap.com\/no\/faq\">faq | GoBraap.com<\/a><\/p>\n","protected":false},"excerpt":{"rendered":"<p>W\u00e4xj\u00f6 MS Enduro anv\u00e4nder sig from 2025 av GoBraap f\u00f6r betalning av Tr\u00e4ningsavgift samt anm\u00e4lan och incheckning till tr\u00e4ning. F\u00f6r att k\u00f6pa tr\u00e4ningskort beh\u00f6ver du vara medlem i W\u00e4xj\u00f6 MS, info om det hittar du h\u00e4r : Medlemsskap &amp; Tr\u00e4ningsavgift. N\u00e4r detta \u00e4r klart s\u00e5 \u00e4r ni redo att k\u00f6ra. N\u00e4r ni ska k\u00f6ra s\u00e5&hellip;&nbsp;<a href=\"https:\/\/waxjoms.se\/MC\/gobraap\/\" rel=\"bookmark\">L\u00e4s mer &raquo;<span class=\"screen-reader-text\">GoBraap<\/span><\/a><\/p>\n","protected":false},"author":5,"featured_media":0,"parent":0,"menu_order":0,"comment_status":"closed","ping_status":"closed","template":"","meta":{"neve_meta_sidebar":"","neve_meta_container":"","neve_meta_enable_content_width":"","neve_meta_content_width":0,"neve_meta_title_alignment":"","neve_meta_author_avatar":"","neve_post_elements_order":"","neve_meta_disable_header":"","neve_meta_disable_footer":"","neve_meta_disable_title":"","footnotes":""},"class_list":["post-7433","page","type-page","status-publish","hentry"],"yoast_head":"<!-- This site is optimized with the Yoast SEO plugin v27.4 - https:\/\/yoast.com\/product\/yoast-seo-wordpress\/ -->\n<title>GoBraap - W\u00e4xj\u00f6 Motors\u00e4llskap | Enduro<\/title>\n<meta name=\"robots\" content=\"index, follow, max-snippet:-1, max-image-preview:large, max-video-preview:-1\" \/>\n<link rel=\"canonical\" href=\"https:\/\/waxjoms.se\/MC\/gobraap\/\" \/>\n<meta property=\"og:locale\" content=\"sv_SE\" \/>\n<meta property=\"og:type\" content=\"article\" \/>\n<meta property=\"og:title\" content=\"GoBraap - W\u00e4xj\u00f6 Motors\u00e4llskap | Enduro\" \/>\n<meta property=\"og:description\" content=\"W\u00e4xj\u00f6 MS Enduro anv\u00e4nder sig from 2025 av GoBraap f\u00f6r betalning av Tr\u00e4ningsavgift samt anm\u00e4lan och incheckning till tr\u00e4ning. F\u00f6r att k\u00f6pa tr\u00e4ningskort beh\u00f6ver du vara medlem i W\u00e4xj\u00f6 MS, info om det hittar du h\u00e4r : Medlemsskap &amp; Tr\u00e4ningsavgift. N\u00e4r detta \u00e4r klart s\u00e5 \u00e4r ni redo att k\u00f6ra. N\u00e4r ni ska k\u00f6ra s\u00e5&hellip;&nbsp;L\u00e4s mer &raquo;GoBraap\" \/>\n<meta property=\"og:url\" content=\"https:\/\/waxjoms.se\/MC\/gobraap\/\" \/>\n<meta property=\"og:site_name\" content=\"W\u00e4xj\u00f6 Motors\u00e4llskap | Enduro\" \/>\n<meta property=\"article:modified_time\" content=\"2025-07-18T11:36:19+00:00\" \/>\n<meta property=\"og:image\" content=\"https:\/\/waxjoms.se\/MC\/wp-content\/uploads\/2025\/07\/bild1.png\" \/>\n\t<meta property=\"og:image:width\" content=\"828\" \/>\n\t<meta property=\"og:image:height\" content=\"1792\" \/>\n\t<meta property=\"og:image:type\" content=\"image\/png\" \/>\n<meta name=\"twitter:card\" content=\"summary_large_image\" \/>\n<meta name=\"twitter:label1\" content=\"Ber\u00e4knad l\u00e4stid\" \/>\n\t<meta name=\"twitter:data1\" content=\"2 minuter\" \/>\n<script type=\"application\/ld+json\" class=\"yoast-schema-graph\">{\"@context\":\"https:\\\/\\\/schema.org\",\"@graph\":[{\"@type\":\"WebPage\",\"@id\":\"https:\\\/\\\/waxjoms.se\\\/MC\\\/gobraap\\\/\",\"url\":\"https:\\\/\\\/waxjoms.se\\\/MC\\\/gobraap\\\/\",\"name\":\"GoBraap - W\u00e4xj\u00f6 Motors\u00e4llskap | Enduro\",\"isPartOf\":{\"@id\":\"https:\\\/\\\/waxjoms.se\\\/MC\\\/#website\"},\"primaryImageOfPage\":{\"@id\":\"https:\\\/\\\/waxjoms.se\\\/MC\\\/gobraap\\\/#primaryimage\"},\"image\":{\"@id\":\"https:\\\/\\\/waxjoms.se\\\/MC\\\/gobraap\\\/#primaryimage\"},\"thumbnailUrl\":\"https:\\\/\\\/waxjoms.se\\\/MC\\\/wp-content\\\/uploads\\\/2025\\\/07\\\/bild1.png\",\"datePublished\":\"2025-07-18T11:36:18+00:00\",\"dateModified\":\"2025-07-18T11:36:19+00:00\",\"breadcrumb\":{\"@id\":\"https:\\\/\\\/waxjoms.se\\\/MC\\\/gobraap\\\/#breadcrumb\"},\"inLanguage\":\"sv-SE\",\"potentialAction\":[{\"@type\":\"ReadAction\",\"target\":[\"https:\\\/\\\/waxjoms.se\\\/MC\\\/gobraap\\\/\"]}]},{\"@type\":\"ImageObject\",\"inLanguage\":\"sv-SE\",\"@id\":\"https:\\\/\\\/waxjoms.se\\\/MC\\\/gobraap\\\/#primaryimage\",\"url\":\"https:\\\/\\\/waxjoms.se\\\/MC\\\/wp-content\\\/uploads\\\/2025\\\/07\\\/bild1.png\",\"contentUrl\":\"https:\\\/\\\/waxjoms.se\\\/MC\\\/wp-content\\\/uploads\\\/2025\\\/07\\\/bild1.png\",\"width\":828,\"height\":1792},{\"@type\":\"BreadcrumbList\",\"@id\":\"https:\\\/\\\/waxjoms.se\\\/MC\\\/gobraap\\\/#breadcrumb\",\"itemListElement\":[{\"@type\":\"ListItem\",\"position\":1,\"name\":\"Hem\",\"item\":\"https:\\\/\\\/waxjoms.se\\\/MC\\\/\"},{\"@type\":\"ListItem\",\"position\":2,\"name\":\"GoBraap\"}]},{\"@type\":\"WebSite\",\"@id\":\"https:\\\/\\\/waxjoms.se\\\/MC\\\/#website\",\"url\":\"https:\\\/\\\/waxjoms.se\\\/MC\\\/\",\"name\":\"W\u00e4xj\u00f6 Motors\u00e4llskap | Enduro\",\"description\":\"Enduroklubb i V\u00e4xj\u00f6\",\"publisher\":{\"@id\":\"https:\\\/\\\/waxjoms.se\\\/MC\\\/#organization\"},\"potentialAction\":[{\"@type\":\"SearchAction\",\"target\":{\"@type\":\"EntryPoint\",\"urlTemplate\":\"https:\\\/\\\/waxjoms.se\\\/MC\\\/?s={search_term_string}\"},\"query-input\":{\"@type\":\"PropertyValueSpecification\",\"valueRequired\":true,\"valueName\":\"search_term_string\"}}],\"inLanguage\":\"sv-SE\"},{\"@type\":\"Organization\",\"@id\":\"https:\\\/\\\/waxjoms.se\\\/MC\\\/#organization\",\"name\":\"W\u00e4xj\u00f6 Motors\u00e4llskap | Enduro\",\"url\":\"https:\\\/\\\/waxjoms.se\\\/MC\\\/\",\"logo\":{\"@type\":\"ImageObject\",\"inLanguage\":\"sv-SE\",\"@id\":\"https:\\\/\\\/waxjoms.se\\\/MC\\\/#\\\/schema\\\/logo\\\/image\\\/\",\"url\":\"https:\\\/\\\/waxjoms.se\\\/MC\\\/wp-content\\\/uploads\\\/2023\\\/01\\\/Waxjo-Motorsallskap-300x300-1.png\",\"contentUrl\":\"https:\\\/\\\/waxjoms.se\\\/MC\\\/wp-content\\\/uploads\\\/2023\\\/01\\\/Waxjo-Motorsallskap-300x300-1.png\",\"width\":300,\"height\":300,\"caption\":\"W\u00e4xj\u00f6 Motors\u00e4llskap | Enduro\"},\"image\":{\"@id\":\"https:\\\/\\\/waxjoms.se\\\/MC\\\/#\\\/schema\\\/logo\\\/image\\\/\"}}]}<\/script>\n<!-- \/ Yoast SEO plugin. -->","yoast_head_json":{"title":"GoBraap - W\u00e4xj\u00f6 Motors\u00e4llskap | Enduro","robots":{"index":"index","follow":"follow","max-snippet":"max-snippet:-1","max-image-preview":"max-image-preview:large","max-video-preview":"max-video-preview:-1"},"canonical":"https:\/\/waxjoms.se\/MC\/gobraap\/","og_locale":"sv_SE","og_type":"article","og_title":"GoBraap - W\u00e4xj\u00f6 Motors\u00e4llskap | Enduro","og_description":"W\u00e4xj\u00f6 MS Enduro anv\u00e4nder sig from 2025 av GoBraap f\u00f6r betalning av Tr\u00e4ningsavgift samt anm\u00e4lan och incheckning till tr\u00e4ning. F\u00f6r att k\u00f6pa tr\u00e4ningskort beh\u00f6ver du vara medlem i W\u00e4xj\u00f6 MS, info om det hittar du h\u00e4r : Medlemsskap &amp; Tr\u00e4ningsavgift. N\u00e4r detta \u00e4r klart s\u00e5 \u00e4r ni redo att k\u00f6ra. N\u00e4r ni ska k\u00f6ra s\u00e5&hellip;&nbsp;L\u00e4s mer &raquo;GoBraap","og_url":"https:\/\/waxjoms.se\/MC\/gobraap\/","og_site_name":"W\u00e4xj\u00f6 Motors\u00e4llskap | Enduro","article_modified_time":"2025-07-18T11:36:19+00:00","og_image":[{"width":828,"height":1792,"url":"https:\/\/waxjoms.se\/MC\/wp-content\/uploads\/2025\/07\/bild1.png","type":"image\/png"}],"twitter_card":"summary_large_image","twitter_misc":{"Ber\u00e4knad l\u00e4stid":"2 minuter"},"schema":{"@context":"https:\/\/schema.org","@graph":[{"@type":"WebPage","@id":"https:\/\/waxjoms.se\/MC\/gobraap\/","url":"https:\/\/waxjoms.se\/MC\/gobraap\/","name":"GoBraap - W\u00e4xj\u00f6 Motors\u00e4llskap | Enduro","isPartOf":{"@id":"https:\/\/waxjoms.se\/MC\/#website"},"primaryImageOfPage":{"@id":"https:\/\/waxjoms.se\/MC\/gobraap\/#primaryimage"},"image":{"@id":"https:\/\/waxjoms.se\/MC\/gobraap\/#primaryimage"},"thumbnailUrl":"https:\/\/waxjoms.se\/MC\/wp-content\/uploads\/2025\/07\/bild1.png","datePublished":"2025-07-18T11:36:18+00:00","dateModified":"2025-07-18T11:36:19+00:00","breadcrumb":{"@id":"https:\/\/waxjoms.se\/MC\/gobraap\/#breadcrumb"},"inLanguage":"sv-SE","potentialAction":[{"@type":"ReadAction","target":["https:\/\/waxjoms.se\/MC\/gobraap\/"]}]},{"@type":"ImageObject","inLanguage":"sv-SE","@id":"https:\/\/waxjoms.se\/MC\/gobraap\/#primaryimage","url":"https:\/\/waxjoms.se\/MC\/wp-content\/uploads\/2025\/07\/bild1.png","contentUrl":"https:\/\/waxjoms.se\/MC\/wp-content\/uploads\/2025\/07\/bild1.png","width":828,"height":1792},{"@type":"BreadcrumbList","@id":"https:\/\/waxjoms.se\/MC\/gobraap\/#breadcrumb","itemListElement":[{"@type":"ListItem","position":1,"name":"Hem","item":"https:\/\/waxjoms.se\/MC\/"},{"@type":"ListItem","position":2,"name":"GoBraap"}]},{"@type":"WebSite","@id":"https:\/\/waxjoms.se\/MC\/#website","url":"https:\/\/waxjoms.se\/MC\/","name":"W\u00e4xj\u00f6 Motors\u00e4llskap | Enduro","description":"Enduroklubb i V\u00e4xj\u00f6","publisher":{"@id":"https:\/\/waxjoms.se\/MC\/#organization"},"potentialAction":[{"@type":"SearchAction","target":{"@type":"EntryPoint","urlTemplate":"https:\/\/waxjoms.se\/MC\/?s={search_term_string}"},"query-input":{"@type":"PropertyValueSpecification","valueRequired":true,"valueName":"search_term_string"}}],"inLanguage":"sv-SE"},{"@type":"Organization","@id":"https:\/\/waxjoms.se\/MC\/#organization","name":"W\u00e4xj\u00f6 Motors\u00e4llskap | Enduro","url":"https:\/\/waxjoms.se\/MC\/","logo":{"@type":"ImageObject","inLanguage":"sv-SE","@id":"https:\/\/waxjoms.se\/MC\/#\/schema\/logo\/image\/","url":"https:\/\/waxjoms.se\/MC\/wp-content\/uploads\/2023\/01\/Waxjo-Motorsallskap-300x300-1.png","contentUrl":"https:\/\/waxjoms.se\/MC\/wp-content\/uploads\/2023\/01\/Waxjo-Motorsallskap-300x300-1.png","width":300,"height":300,"caption":"W\u00e4xj\u00f6 Motors\u00e4llskap | Enduro"},"image":{"@id":"https:\/\/waxjoms.se\/MC\/#\/schema\/logo\/image\/"}}]}},"_links":{"self":[{"href":"https:\/\/waxjoms.se\/MC\/wp-json\/wp\/v2\/pages\/7433","targetHints":{"allow":["GET"]}}],"collection":[{"href":"https:\/\/waxjoms.se\/MC\/wp-json\/wp\/v2\/pages"}],"about":[{"href":"https:\/\/waxjoms.se\/MC\/wp-json\/wp\/v2\/types\/page"}],"author":[{"embeddable":true,"href":"https:\/\/waxjoms.se\/MC\/wp-json\/wp\/v2\/users\/5"}],"replies":[{"embeddable":true,"href":"https:\/\/waxjoms.se\/MC\/wp-json\/wp\/v2\/comments?post=7433"}],"version-history":[{"count":3,"href":"https:\/\/waxjoms.se\/MC\/wp-json\/wp\/v2\/pages\/7433\/revisions"}],"predecessor-version":[{"id":7439,"href":"https:\/\/waxjoms.se\/MC\/wp-json\/wp\/v2\/pages\/7433\/revisions\/7439"}],"wp:attachment":[{"href":"https:\/\/waxjoms.se\/MC\/wp-json\/wp\/v2\/media?parent=7433"}],"curies":[{"name":"wp","href":"https:\/\/api.w.org\/{rel}","templated":true}]}}